{"id":10823,"date":"2019-09-14T09:53:55","date_gmt":"2019-09-14T07:53:55","guid":{"rendered":"https:\/\/pohjanmaantehtaanmyymala.fi\/tuote\/klaara-sohvapoyta-24\/"},"modified":"2024-05-06T16:37:26","modified_gmt":"2024-05-06T14:37:26","slug":"taiga-lasikannet","status":"publish","type":"product","link":"https:\/\/pohjanmaantehtaanmyymala.fi\/en\/tuote\/taiga-lasikannet\/","title":{"rendered":"TAIGA lasikansi 201 cm"},"content":{"rendered":"<p>Hiipakan Taiga -tasojen lasikannet lis\u00e4varusteena. Lasikansi antaa tasolle lis\u00e4ilmett\u00e4 ja suojelee levykantta kolhuilta.<\/p>\n<p>V\u00e4rit: Musta, harmaa tai valkoinen.<\/p>\n","protected":false},"excerpt":{"rendered":"<p>Hiipakan Taiga -tasojen lasikannet lis\u00e4varusteena. Lasikansi antaa tasolle lis\u00e4ilmett\u00e4 ja suojelee levykantta kolhuilta. V\u00e4rit: Musta, harmaa tai valkoinen.<\/p>\n","protected":false},"featured_media":10825,"comment_status":"closed","ping_status":"closed","template":"","meta":{"_acf_changed":false,"jetpack_post_was_ever_published":false,"jetpack_publicize_message":"","jetpack_publicize_feature_enabled":true,"jetpack_social_post_already_shared":true,"jetpack_social_options":{"image_generator_settings":{"template":"highway","default_image_id":0,"font":"","enabled":false},"version":2}},"product_brand":[172],"product_cat":[196],"product_tag":[],"class_list":{"0":"post-10823","1":"product","2":"type-product","3":"status-publish","4":"has-post-thumbnail","6":"product_brand-hiipakka","7":"product_cat-sailytyskalusteet-ja-tv-tasot","8":"product_shipping_class-161","9":"pa_vari-harmaa","10":"pa_vari-musta","11":"pa_vari-valkoinen","13":"first","14":"onbackorder","15":"purchasable","16":"product-type-variable"},"acf":[],"jetpack_publicize_connections":[],"jetpack_sharing_enabled":true,"jetpack-related-posts":[],"_links":{"self":[{"href":"https:\/\/pohjanmaantehtaanmyymala.fi\/en\/wp-json\/wp\/v2\/product\/10823","targetHints":{"allow":["GET"]}}],"collection":[{"href":"https:\/\/pohjanmaantehtaanmyymala.fi\/en\/wp-json\/wp\/v2\/product"}],"about":[{"href":"https:\/\/pohjanmaantehtaanmyymala.fi\/en\/wp-json\/wp\/v2\/types\/product"}],"replies":[{"embeddable":true,"href":"https:\/\/pohjanmaantehtaanmyymala.fi\/en\/wp-json\/wp\/v2\/comments?post=10823"}],"wp:featuredmedia":[{"embeddable":true,"href":"https:\/\/pohjanmaantehtaanmyymala.fi\/en\/wp-json\/wp\/v2\/media\/10825"}],"wp:attachment":[{"href":"https:\/\/pohjanmaantehtaanmyymala.fi\/en\/wp-json\/wp\/v2\/media?parent=10823"}],"wp:term":[{"taxonomy":"product_brand","embeddable":true,"href":"https:\/\/pohjanmaantehtaanmyymala.fi\/en\/wp-json\/wp\/v2\/product_brand?post=10823"},{"taxonomy":"product_cat","embeddable":true,"href":"https:\/\/pohjanmaantehtaanmyymala.fi\/en\/wp-json\/wp\/v2\/product_cat?post=10823"},{"taxonomy":"product_tag","embeddable":true,"href":"https:\/\/pohjanmaantehtaanmyymala.fi\/en\/wp-json\/wp\/v2\/product_tag?post=10823"}],"curies":[{"name":"wp","href":"https:\/\/api.w.org\/{rel}","templated":true}]}}