{"id":10816,"date":"2019-09-14T09:53:35","date_gmt":"2019-09-14T07:53:35","guid":{"rendered":"https:\/\/pohjanmaantehtaanmyymala.fi\/tuote\/klaara-vitriini-1214\/"},"modified":"2024-02-22T11:44:39","modified_gmt":"2024-02-22T09:44:39","slug":"klaara-vitriini-1214","status":"publish","type":"product","link":"https:\/\/pohjanmaantehtaanmyymala.fi\/en\/tuote\/klaara-vitriini-1214\/","title":{"rendered":"KLAARA korkea 1-ovinen vitriini laatikoilla"},"content":{"rendered":"<p>Romanttinen Leo-Matti Ojalan valmistama Klaara korkea 1-ovinen vitriini laatikolla. Vitriiniss\u00e4 3 s\u00e4\u00e4dett\u00e4v\u00e4\u00e4 hylly\u00e4. Oven k\u00e4tisyys valittavissa asennuksen yhteydess\u00e4.<\/p>\n<p>Klaara sarjan runko ja laatikon etusarjojen v\u00e4ri on valkoinen. Kansiv\u00e4rin voi valita valkoisen, harmaan, koivu luonnonv\u00e4risen tai ruskean v\u00e4lilt\u00e4.<\/p>\n<h3>Tuotetiedot:<\/h3>\n<p>Runko: maalattua mdf-levy\u00e4<br \/>\nLaatiko: mdf-levy\u00e4<br \/>\nKansi: Koivu lv, harmaa ja ruskea kansi ovat massiivikoivua sek\u00e4 valkoinem on mdf-levy\u00e4.<br \/>\nToimitetaan runko koottuna, mutta kansi ja ovet on asennettava itse.<\/p>\n","protected":false},"excerpt":{"rendered":"<p>Romanttinen Leo-Matti Ojalan valmistama Klaara korkea 1-ovinen vitriini laatikolla. Vitriiniss\u00e4 3 s\u00e4\u00e4dett\u00e4v\u00e4\u00e4 hylly\u00e4. Oven k\u00e4tisyys valittavissa asennuksen yhteydess\u00e4. Klaara sarjan runko ja laatikon etusarjojen v\u00e4ri on valkoinen. Kansiv\u00e4rin voi valita valkoisen, harmaan, koivu luonnonv\u00e4risen tai ruskean v\u00e4lilt\u00e4. Tuotetiedot: Runko: maalattua mdf-levy\u00e4 Laatiko: mdf-levy\u00e4 Kansi: Koivu lv, harmaa ja ruskea kansi ovat massiivikoivua sek\u00e4 valkoinem on [&hellip;]<\/p>\n","protected":false},"featured_media":18752,"comment_status":"closed","ping_status":"closed","template":"","meta":{"_acf_changed":false,"jetpack_post_was_ever_published":false,"jetpack_publicize_message":"","jetpack_publicize_feature_enabled":true,"jetpack_social_post_already_shared":true,"jetpack_social_options":{"image_generator_settings":{"template":"highway","default_image_id":0,"font":"","enabled":false},"version":2}},"product_brand":[183],"product_cat":[196],"product_tag":[],"class_list":{"0":"post-10816","1":"product","2":"type-product","3":"status-publish","4":"has-post-thumbnail","6":"product_brand-ojala","7":"product_cat-sailytyskalusteet-ja-tv-tasot","8":"product_shipping_class-161","10":"first","11":"instock","12":"purchasable","13":"product-type-simple"},"acf":[],"jetpack_publicize_connections":[],"jetpack_sharing_enabled":true,"jetpack-related-posts":[{"id":10817,"url":"https:\/\/pohjanmaantehtaanmyymala.fi\/en\/tuote\/klaara-vitriini-132x15\/","url_meta":{"origin":10816,"position":0},"title":"KLAARA 2-ovinen vitriini laatikoilla","author":"petri","date":"September 14, 2019","format":false,"excerpt":"Kotimainen Leo-Matti Ojalan valmistama korkea 2-ovinen Klaara vitriini. Vitriiniss\u00e4 3 s\u00e4\u00e4dett\u00e4v\u00e4\u00e4 hylly\u00e4. Oven k\u00e4tisyys valittavissa asennuksen yhteydess\u00e4. Klaara sarjan runko ja laatikon etusarjojen v\u00e4ri on valkoinen. Kansiv\u00e4rin voi valita valkoisen, harmaan, koivu luonnonv\u00e4risen tai ruskean v\u00e4lilt\u00e4. Tuotetiedot: Runko: maalattua mdf-levy\u00e4 Laatiko: mdf-levy\u00e4 Kansi: Koivu lv, harmaa ja ruskea kansi ovat\u2026","rel":"","context":"Similar post","block_context":{"text":"Similar post","link":""},"img":{"alt_text":"Klaara korkea vitriini 2 ovella ja laatikoilla","src":"https:\/\/i0.wp.com\/pohjanmaantehtaanmyymala.fi\/wp-content\/uploads\/2019\/09\/Klaara-NRO-13-2x15-vitriini-harmaa_335.jpg?fit=960%2C960&ssl=1&resize=350%2C200","width":350,"height":200,"srcset":"https:\/\/i0.wp.com\/pohjanmaantehtaanmyymala.fi\/wp-content\/uploads\/2019\/09\/Klaara-NRO-13-2x15-vitriini-harmaa_335.jpg?fit=960%2C960&ssl=1&resize=350%2C200 1x, https:\/\/i0.wp.com\/pohjanmaantehtaanmyymala.fi\/wp-content\/uploads\/2019\/09\/Klaara-NRO-13-2x15-vitriini-harmaa_335.jpg?fit=960%2C960&ssl=1&resize=525%2C300 1.5x, https:\/\/i0.wp.com\/pohjanmaantehtaanmyymala.fi\/wp-content\/uploads\/2019\/09\/Klaara-NRO-13-2x15-vitriini-harmaa_335.jpg?fit=960%2C960&ssl=1&resize=700%2C400 2x"},"classes":[]},{"id":10818,"url":"https:\/\/pohjanmaantehtaanmyymala.fi\/en\/tuote\/klaara-vitriini-2214\/","url_meta":{"origin":10816,"position":1},"title":"KLAARA kapea Vitriini k.146 cm","author":"petri","date":"September 14, 2019","format":false,"excerpt":"Kotimainen Leo-Matti Ojalan valmistama Klaara kapea vitriini. Oven k\u00e4tisyys valittavissa asennuksen yhteydess\u00e4. Klaara sarjan runko ja laatikon etusarjojen v\u00e4ri on valkoinen. Kansiv\u00e4rin voi valita valkoisen, harmaan, koivu luonnonv\u00e4risen tai ruskean v\u00e4lilt\u00e4. Tuotetiedot: Runko: maalattua mdf-levy\u00e4 Laatiko: mdf-levy\u00e4 Kansi: Koivu lv, harmaa ja ruskea kansi ovat massiivikoivua sek\u00e4 valkoinem on mdf-levy\u00e4.\u2026","rel":"","context":"Similar post","block_context":{"text":"Similar post","link":""},"img":{"alt_text":"Klaara kapea vitriini valkoinen koivukannella","src":"https:\/\/i0.wp.com\/pohjanmaantehtaanmyymala.fi\/wp-content\/uploads\/2019\/09\/Klaara-NRO-22-14-vitriini.jpg?fit=960%2C960&ssl=1&resize=350%2C200","width":350,"height":200,"srcset":"https:\/\/i0.wp.com\/pohjanmaantehtaanmyymala.fi\/wp-content\/uploads\/2019\/09\/Klaara-NRO-22-14-vitriini.jpg?fit=960%2C960&ssl=1&resize=350%2C200 1x, https:\/\/i0.wp.com\/pohjanmaantehtaanmyymala.fi\/wp-content\/uploads\/2019\/09\/Klaara-NRO-22-14-vitriini.jpg?fit=960%2C960&ssl=1&resize=525%2C300 1.5x, https:\/\/i0.wp.com\/pohjanmaantehtaanmyymala.fi\/wp-content\/uploads\/2019\/09\/Klaara-NRO-22-14-vitriini.jpg?fit=960%2C960&ssl=1&resize=700%2C400 2x"},"classes":[]},{"id":10796,"url":"https:\/\/pohjanmaantehtaanmyymala.fi\/en\/tuote\/klaara-senkki-korkea-7\/","url_meta":{"origin":10816,"position":2},"title":"KLAARA 7 Senkki korkea","author":"petri","date":"September 14, 2019","format":false,"excerpt":"Kotimainen Leo-Matti Ojalan valmistama Klaara senkki, jossa on kolme ovea ja kolme laatikkoa. Klaara sarjan runko ja laatikon etusarjojen v\u00e4ri on valkoinen. Kansiv\u00e4rin voi valita valkoisen, harmaan, koivu luonnonv\u00e4risen tai ruskean v\u00e4lilt\u00e4. Tuotetiedot: Runko: maalattua mdf-levy\u00e4 Laatiko: mdf-levy\u00e4 Kansi: Koivu lv, harmaa ja ruskea kansi ovat massiivikoivua sek\u00e4 valkoinem on\u2026","rel":"","context":"Similar post","block_context":{"text":"Similar post","link":""},"img":{"alt_text":"","src":"https:\/\/i0.wp.com\/pohjanmaantehtaanmyymala.fi\/wp-content\/uploads\/2019\/09\/Klaara-senkki33.jpg?fit=960%2C960&ssl=1&resize=350%2C200","width":350,"height":200,"srcset":"https:\/\/i0.wp.com\/pohjanmaantehtaanmyymala.fi\/wp-content\/uploads\/2019\/09\/Klaara-senkki33.jpg?fit=960%2C960&ssl=1&resize=350%2C200 1x, https:\/\/i0.wp.com\/pohjanmaantehtaanmyymala.fi\/wp-content\/uploads\/2019\/09\/Klaara-senkki33.jpg?fit=960%2C960&ssl=1&resize=525%2C300 1.5x, https:\/\/i0.wp.com\/pohjanmaantehtaanmyymala.fi\/wp-content\/uploads\/2019\/09\/Klaara-senkki33.jpg?fit=960%2C960&ssl=1&resize=700%2C400 2x"},"classes":[]},{"id":10794,"url":"https:\/\/pohjanmaantehtaanmyymala.fi\/en\/tuote\/klaara-senkki-matala-6\/","url_meta":{"origin":10816,"position":3},"title":"KLAARA 6 Senkki matala","author":"petri","date":"September 14, 2019","format":false,"excerpt":"Kotimainen Leo-Matti Ojalan valmistama Klaara senkki, jossa on kaksi ovea ja nelj\u00e4 laatikkoa. Klaara sarjan runko ja laatikon etusarjojen v\u00e4ri on valkoinen. Kansiv\u00e4rin voi valita valkoisen, harmaan, koivu luonnonv\u00e4risen tai ruskean v\u00e4lilt\u00e4. Tuotetiedot: Runko: maalattua mdf-levy\u00e4 Laatiko: mdf-levy\u00e4 Kansi: Koivu lv, harmaa ja ruskea kansi ovat massiivikoivua sek\u00e4 valkoinem on\u2026","rel":"","context":"Similar post","block_context":{"text":"Similar post","link":""},"img":{"alt_text":"","src":"https:\/\/i0.wp.com\/pohjanmaantehtaanmyymala.fi\/wp-content\/uploads\/2019\/09\/Klaara_matala_senkki6.jpg?fit=960%2C960&ssl=1&resize=350%2C200","width":350,"height":200,"srcset":"https:\/\/i0.wp.com\/pohjanmaantehtaanmyymala.fi\/wp-content\/uploads\/2019\/09\/Klaara_matala_senkki6.jpg?fit=960%2C960&ssl=1&resize=350%2C200 1x, https:\/\/i0.wp.com\/pohjanmaantehtaanmyymala.fi\/wp-content\/uploads\/2019\/09\/Klaara_matala_senkki6.jpg?fit=960%2C960&ssl=1&resize=525%2C300 1.5x, https:\/\/i0.wp.com\/pohjanmaantehtaanmyymala.fi\/wp-content\/uploads\/2019\/09\/Klaara_matala_senkki6.jpg?fit=960%2C960&ssl=1&resize=700%2C400 2x"},"classes":[]},{"id":10803,"url":"https:\/\/pohjanmaantehtaanmyymala.fi\/en\/tuote\/klaara-tv-taso-11\/","url_meta":{"origin":10816,"position":4},"title":"KLAARA 11 TV-taso 160 cm laatikoilla","author":"petri","date":"September 14, 2019","format":false,"excerpt":"Leo-Matti Ojalan leve\u00e4 Klaara tv-taso k\u00e4y isommankin tv:n alle. T\u00e4ss\u00e4 Klaara Tv-tasossa on nelj\u00e4 laatikkoa ja avohylly. Klaara sarjan runko ja laatikon etusarjojen v\u00e4ri on valkoinen. Kansiv\u00e4rin voi valita valkoisen, harmaan, koivuluonnonv\u00e4risen tai ruskean v\u00e4lilt\u00e4. Tuotetiedot: Runko: maalattua mdf-levy\u00e4 Laatiko: mdf-levy\u00e4 Kansi: Koivu lv, harmaa ja ruskea kansi ovat massiivikoivua\u2026","rel":"","context":"Similar post","block_context":{"text":"Similar post","link":""},"img":{"alt_text":"Klaara tv-taso l. 160 cm laatikoilla valkoinen runko koivu kansi","src":"https:\/\/i0.wp.com\/pohjanmaantehtaanmyymala.fi\/wp-content\/uploads\/2019\/09\/Klaara-NRO-11-tv-taso_334.jpg?fit=960%2C960&ssl=1&resize=350%2C200","width":350,"height":200,"srcset":"https:\/\/i0.wp.com\/pohjanmaantehtaanmyymala.fi\/wp-content\/uploads\/2019\/09\/Klaara-NRO-11-tv-taso_334.jpg?fit=960%2C960&ssl=1&resize=350%2C200 1x, https:\/\/i0.wp.com\/pohjanmaantehtaanmyymala.fi\/wp-content\/uploads\/2019\/09\/Klaara-NRO-11-tv-taso_334.jpg?fit=960%2C960&ssl=1&resize=525%2C300 1.5x, https:\/\/i0.wp.com\/pohjanmaantehtaanmyymala.fi\/wp-content\/uploads\/2019\/09\/Klaara-NRO-11-tv-taso_334.jpg?fit=960%2C960&ssl=1&resize=700%2C400 2x"},"classes":[]},{"id":10802,"url":"https:\/\/pohjanmaantehtaanmyymala.fi\/en\/tuote\/klaara-tv-taso-10\/","url_meta":{"origin":10816,"position":5},"title":"KLAARA 10 TV-taso, leveys 82,5 cm","author":"petri","date":"September 14, 2019","format":false,"excerpt":"Pienikokoinen tv-taso.","rel":"","context":"Similar post","block_context":{"text":"Similar post","link":""},"img":{"alt_text":"Ojalan Klaara tv-taso pieni p\u00e4hkin\u00e4n v\u00e4risell\u00e4 kannella","src":"https:\/\/i0.wp.com\/pohjanmaantehtaanmyymala.fi\/wp-content\/uploads\/2019\/09\/Klaara-NRO-10_tv-taso.jpg?fit=960%2C960&ssl=1&resize=350%2C200","width":350,"height":200,"srcset":"https:\/\/i0.wp.com\/pohjanmaantehtaanmyymala.fi\/wp-content\/uploads\/2019\/09\/Klaara-NRO-10_tv-taso.jpg?fit=960%2C960&ssl=1&resize=350%2C200 1x, https:\/\/i0.wp.com\/pohjanmaantehtaanmyymala.fi\/wp-content\/uploads\/2019\/09\/Klaara-NRO-10_tv-taso.jpg?fit=960%2C960&ssl=1&resize=525%2C300 1.5x, https:\/\/i0.wp.com\/pohjanmaantehtaanmyymala.fi\/wp-content\/uploads\/2019\/09\/Klaara-NRO-10_tv-taso.jpg?fit=960%2C960&ssl=1&resize=700%2C400 2x"},"classes":[]}],"_links":{"self":[{"href":"https:\/\/pohjanmaantehtaanmyymala.fi\/en\/wp-json\/wp\/v2\/product\/10816","targetHints":{"allow":["GET"]}}],"collection":[{"href":"https:\/\/pohjanmaantehtaanmyymala.fi\/en\/wp-json\/wp\/v2\/product"}],"about":[{"href":"https:\/\/pohjanmaantehtaanmyymala.fi\/en\/wp-json\/wp\/v2\/types\/product"}],"replies":[{"embeddable":true,"href":"https:\/\/pohjanmaantehtaanmyymala.fi\/en\/wp-json\/wp\/v2\/comments?post=10816"}],"wp:featuredmedia":[{"embeddable":true,"href":"https:\/\/pohjanmaantehtaanmyymala.fi\/en\/wp-json\/wp\/v2\/media\/18752"}],"wp:attachment":[{"href":"https:\/\/pohjanmaantehtaanmyymala.fi\/en\/wp-json\/wp\/v2\/media?parent=10816"}],"wp:term":[{"taxonomy":"product_brand","embeddable":true,"href":"https:\/\/pohjanmaantehtaanmyymala.fi\/en\/wp-json\/wp\/v2\/product_brand?post=10816"},{"taxonomy":"product_cat","embeddable":true,"href":"https:\/\/pohjanmaantehtaanmyymala.fi\/en\/wp-json\/wp\/v2\/product_cat?post=10816"},{"taxonomy":"product_tag","embeddable":true,"href":"https:\/\/pohjanmaantehtaanmyymala.fi\/en\/wp-json\/wp\/v2\/product_tag?post=10816"}],"curies":[{"name":"wp","href":"https:\/\/api.w.org\/{rel}","templated":true}]}}