{"id":10803,"date":"2019-09-14T09:53:06","date_gmt":"2019-09-14T07:53:06","guid":{"rendered":"https:\/\/pohjanmaantehtaanmyymala.fi\/tuote\/klaara-tv-taso-11\/"},"modified":"2024-02-22T11:44:39","modified_gmt":"2024-02-22T09:44:39","slug":"klaara-tv-taso-11","status":"publish","type":"product","link":"https:\/\/pohjanmaantehtaanmyymala.fi\/en\/tuote\/klaara-tv-taso-11\/","title":{"rendered":"KLAARA 11 TV-taso 160 cm laatikoilla"},"content":{"rendered":"<p>Leo-Matti Ojalan leve\u00e4 Klaara tv-taso k\u00e4y isommankin tv:n alle. T\u00e4ss\u00e4 Klaara Tv-tasossa on nelj\u00e4 laatikkoa ja avohylly.<\/p>\n<p>Klaara sarjan runko ja laatikon etusarjojen v\u00e4ri on valkoinen. Kansiv\u00e4rin voi valita valkoisen, harmaan, koivuluonnonv\u00e4risen tai ruskean v\u00e4lilt\u00e4.<\/p>\n<h3>Tuotetiedot:<\/h3>\n<p>Runko: maalattua mdf-levy\u00e4<br \/>\nLaatiko: mdf-levy\u00e4<br \/>\nKansi: Koivu lv, harmaa ja ruskea kansi ovat massiivikoivua sek\u00e4 valkoinen on mdf-levy\u00e4.<br \/>\nToimitetaan runko koottuna, mutta kansi ja ovet on asennettava itse.<\/p>\n","protected":false},"excerpt":{"rendered":"<p>Leo-Matti Ojalan leve\u00e4 Klaara tv-taso k\u00e4y isommankin tv:n alle. T\u00e4ss\u00e4 Klaara Tv-tasossa on nelj\u00e4 laatikkoa ja avohylly. Klaara sarjan runko ja laatikon etusarjojen v\u00e4ri on valkoinen. Kansiv\u00e4rin voi valita valkoisen, harmaan, koivuluonnonv\u00e4risen tai ruskean v\u00e4lilt\u00e4. Tuotetiedot: Runko: maalattua mdf-levy\u00e4 Laatiko: mdf-levy\u00e4 Kansi: Koivu lv, harmaa ja ruskea kansi ovat massiivikoivua sek\u00e4 valkoinen on mdf-levy\u00e4. Toimitetaan [&hellip;]<\/p>\n","protected":false},"featured_media":18761,"comment_status":"closed","ping_status":"closed","template":"","meta":{"_acf_changed":false,"jetpack_post_was_ever_published":false,"jetpack_publicize_message":"","jetpack_publicize_feature_enabled":true,"jetpack_social_post_already_shared":true,"jetpack_social_options":{"image_generator_settings":{"template":"highway","default_image_id":0,"font":"","enabled":false},"version":2}},"product_brand":[183],"product_cat":[196],"product_tag":[],"class_list":{"0":"post-10803","1":"product","2":"type-product","3":"status-publish","4":"has-post-thumbnail","6":"product_brand-ojala","7":"product_cat-sailytyskalusteet-ja-tv-tasot","8":"product_shipping_class-161","10":"first","11":"instock","12":"purchasable","13":"product-type-simple"},"acf":[],"jetpack_publicize_connections":[],"jetpack_sharing_enabled":true,"jetpack-related-posts":[{"id":10802,"url":"https:\/\/pohjanmaantehtaanmyymala.fi\/en\/tuote\/klaara-tv-taso-10\/","url_meta":{"origin":10803,"position":0},"title":"KLAARA 10 TV-taso, leveys 82,5 cm","author":"petri","date":"September 14, 2019","format":false,"excerpt":"Pienikokoinen tv-taso.","rel":"","context":"Similar post","block_context":{"text":"Similar post","link":""},"img":{"alt_text":"Ojalan Klaara tv-taso pieni p\u00e4hkin\u00e4n v\u00e4risell\u00e4 kannella","src":"https:\/\/i0.wp.com\/pohjanmaantehtaanmyymala.fi\/wp-content\/uploads\/2019\/09\/Klaara-NRO-10_tv-taso.jpg?fit=960%2C960&ssl=1&resize=350%2C200","width":350,"height":200,"srcset":"https:\/\/i0.wp.com\/pohjanmaantehtaanmyymala.fi\/wp-content\/uploads\/2019\/09\/Klaara-NRO-10_tv-taso.jpg?fit=960%2C960&ssl=1&resize=350%2C200 1x, https:\/\/i0.wp.com\/pohjanmaantehtaanmyymala.fi\/wp-content\/uploads\/2019\/09\/Klaara-NRO-10_tv-taso.jpg?fit=960%2C960&ssl=1&resize=525%2C300 1.5x, https:\/\/i0.wp.com\/pohjanmaantehtaanmyymala.fi\/wp-content\/uploads\/2019\/09\/Klaara-NRO-10_tv-taso.jpg?fit=960%2C960&ssl=1&resize=700%2C400 2x"},"classes":[]},{"id":10804,"url":"https:\/\/pohjanmaantehtaanmyymala.fi\/en\/tuote\/klaara-tv-taso-26\/","url_meta":{"origin":10803,"position":1},"title":"KLAARA 26 TV-taso 160 cm lasiovilla","author":"petri","date":"September 14, 2019","format":false,"excerpt":"Kotimainen Leo-Matti Ojalan valmistama leve\u00e4 Klaara tv-taso k\u00e4y isommankin tv:n alle. T\u00e4ss\u00e4 Klaara Tv-tasossa on kaksi lasiovea, laatikko ja avonainen laitetila. Klaara sarjan runko ja laatikon etusarjojen v\u00e4ri on valkoinen. Kansiv\u00e4rin voi valita valkoisen, harmaan, koivuluonnonv\u00e4rin tai ruskean v\u00e4lilt\u00e4. Tuotetiedot: Runko: maalattua mdf-levy\u00e4 Laatiko: mdf-levy\u00e4 Kansi: Koivu lv, harmaa ja\u2026","rel":"","context":"Similar post","block_context":{"text":"Similar post","link":""},"img":{"alt_text":"Klaara tv-taso l. 160 cm valkoinen","src":"https:\/\/i0.wp.com\/pohjanmaantehtaanmyymala.fi\/wp-content\/uploads\/2019\/09\/Klaara-NRO-26-tv-taso-lasiovilla_316.jpg?fit=960%2C960&ssl=1&resize=350%2C200","width":350,"height":200,"srcset":"https:\/\/i0.wp.com\/pohjanmaantehtaanmyymala.fi\/wp-content\/uploads\/2019\/09\/Klaara-NRO-26-tv-taso-lasiovilla_316.jpg?fit=960%2C960&ssl=1&resize=350%2C200 1x, https:\/\/i0.wp.com\/pohjanmaantehtaanmyymala.fi\/wp-content\/uploads\/2019\/09\/Klaara-NRO-26-tv-taso-lasiovilla_316.jpg?fit=960%2C960&ssl=1&resize=525%2C300 1.5x, https:\/\/i0.wp.com\/pohjanmaantehtaanmyymala.fi\/wp-content\/uploads\/2019\/09\/Klaara-NRO-26-tv-taso-lasiovilla_316.jpg?fit=960%2C960&ssl=1&resize=700%2C400 2x"},"classes":[]},{"id":10775,"url":"https:\/\/pohjanmaantehtaanmyymala.fi\/en\/tuote\/klaara-lipasto-17\/","url_meta":{"origin":10803,"position":2},"title":"KLAARA 17 Lipasto 1+2 laatikkoa","author":"petri","date":"September 14, 2019","format":false,"excerpt":"Kotimainen Leo-Matti Ojalan valmistama Klaara leve\u00e4 lipasto, jossa on 2 kapeaa ja yksi leve\u00e4 laatikkoa. T\u00e4m\u00e4 lipasto k\u00e4y my\u00f6s pienest\u00e4 tv-tasosta. Klaara sarjan runko ja laatikon etusarjojen v\u00e4ri on valkoinen. Kansiv\u00e4rin voi valita valkoisen, harmaan, koivu luonnonv\u00e4risen tai ruskean v\u00e4lilt\u00e4. Tuotetiedot: Runko: maalattua mdf-levy\u00e4 Laatiko: mdf-levy\u00e4 Kansi: Koivu lv, harmaa\u2026","rel":"","context":"Similar post","block_context":{"text":"Similar post","link":""},"img":{"alt_text":"Klaara lipasto kahdella pikkulaatikolla ja yhdell\u00e4 isolla laatikolla valkoinen","src":"https:\/\/i0.wp.com\/pohjanmaantehtaanmyymala.fi\/wp-content\/uploads\/2019\/09\/Klaara-NRO-17-lipasto_319.jpg?fit=960%2C960&ssl=1&resize=350%2C200","width":350,"height":200,"srcset":"https:\/\/i0.wp.com\/pohjanmaantehtaanmyymala.fi\/wp-content\/uploads\/2019\/09\/Klaara-NRO-17-lipasto_319.jpg?fit=960%2C960&ssl=1&resize=350%2C200 1x, https:\/\/i0.wp.com\/pohjanmaantehtaanmyymala.fi\/wp-content\/uploads\/2019\/09\/Klaara-NRO-17-lipasto_319.jpg?fit=960%2C960&ssl=1&resize=525%2C300 1.5x, https:\/\/i0.wp.com\/pohjanmaantehtaanmyymala.fi\/wp-content\/uploads\/2019\/09\/Klaara-NRO-17-lipasto_319.jpg?fit=960%2C960&ssl=1&resize=700%2C400 2x"},"classes":[]},{"id":10776,"url":"https:\/\/pohjanmaantehtaanmyymala.fi\/en\/tuote\/klaara-lipasto-18\/","url_meta":{"origin":10803,"position":3},"title":"KLAARA 18 Lipasto 2+2 laatikkoa","author":"petri","date":"September 14, 2019","format":false,"excerpt":"Kotimainen Leo-Matti Ojalan valmistama Klaara leve\u00e4 lipasto, jossa on 2 kapeaa ja 2 leve\u00e4\u00e4 laatikkoa. Klaara sarjan runko ja laatikon etusarjojen v\u00e4ri on valkoinen. Kansiv\u00e4rin voi valita valkoisen, harmaan, koivu luonnonv\u00e4risen tai ruskean v\u00e4lilt\u00e4. Tuotetiedot: Runko: maalattua mdf-levy\u00e4 Laatiko: mdf-levy\u00e4 Kansi: Koivu lv, harmaa ja ruskea kansi ovat massiivikoivua sek\u00e4\u2026","rel":"","context":"Similar post","block_context":{"text":"Similar post","link":""},"img":{"alt_text":"Klaara lipasto 2 pikkulaatikolla ja 2 isolla laatikolla valkoinen","src":"https:\/\/i0.wp.com\/pohjanmaantehtaanmyymala.fi\/wp-content\/uploads\/2019\/09\/Klaara-NRO-18-lipasto_318.jpg?fit=960%2C960&ssl=1&resize=350%2C200","width":350,"height":200,"srcset":"https:\/\/i0.wp.com\/pohjanmaantehtaanmyymala.fi\/wp-content\/uploads\/2019\/09\/Klaara-NRO-18-lipasto_318.jpg?fit=960%2C960&ssl=1&resize=350%2C200 1x, https:\/\/i0.wp.com\/pohjanmaantehtaanmyymala.fi\/wp-content\/uploads\/2019\/09\/Klaara-NRO-18-lipasto_318.jpg?fit=960%2C960&ssl=1&resize=525%2C300 1.5x, https:\/\/i0.wp.com\/pohjanmaantehtaanmyymala.fi\/wp-content\/uploads\/2019\/09\/Klaara-NRO-18-lipasto_318.jpg?fit=960%2C960&ssl=1&resize=700%2C400 2x"},"classes":[]},{"id":10778,"url":"https:\/\/pohjanmaantehtaanmyymala.fi\/en\/tuote\/klaara-lipasto-3\/","url_meta":{"origin":10803,"position":4},"title":"KLAARA 3 Lipasto 5 laatikkoa","author":"petri","date":"September 14, 2019","format":false,"excerpt":"Kotimainen Leo-Matti Ojalan valmistama Klaara leve\u00e4 lipasto, jossa on 5 kapeaa laatikkoa. Klaara sarjan runko ja laatikon etusarjojen v\u00e4ri on valkoinen. Kansiv\u00e4rin voi valita valkoisen, harmaan, koivu luonnonv\u00e4risen tai ruskean v\u00e4lilt\u00e4. Tuotetiedot: Runko: maalattua mdf-levy\u00e4 Laatiko: mdf-levy\u00e4 Kansi: Koivu lv, harmaa ja ruskea kansi ovat massiivikoivua sek\u00e4 valkoinem on mdf-levy\u00e4.\u2026","rel":"","context":"Similar post","block_context":{"text":"Similar post","link":""},"img":{"alt_text":"Klaara lipasto kapea valkoinen 5 laatikkoa","src":"https:\/\/i0.wp.com\/pohjanmaantehtaanmyymala.fi\/wp-content\/uploads\/2019\/09\/Klaara-NRO-3-lipasto_331.jpg?fit=960%2C960&ssl=1&resize=350%2C200","width":350,"height":200,"srcset":"https:\/\/i0.wp.com\/pohjanmaantehtaanmyymala.fi\/wp-content\/uploads\/2019\/09\/Klaara-NRO-3-lipasto_331.jpg?fit=960%2C960&ssl=1&resize=350%2C200 1x, https:\/\/i0.wp.com\/pohjanmaantehtaanmyymala.fi\/wp-content\/uploads\/2019\/09\/Klaara-NRO-3-lipasto_331.jpg?fit=960%2C960&ssl=1&resize=525%2C300 1.5x, https:\/\/i0.wp.com\/pohjanmaantehtaanmyymala.fi\/wp-content\/uploads\/2019\/09\/Klaara-NRO-3-lipasto_331.jpg?fit=960%2C960&ssl=1&resize=700%2C400 2x"},"classes":[]},{"id":10779,"url":"https:\/\/pohjanmaantehtaanmyymala.fi\/en\/tuote\/klaara-lipasto-4\/","url_meta":{"origin":10803,"position":5},"title":"KLAARA 4 Lipasto 3+2 laatikkoa","author":"petri","date":"September 14, 2019","format":false,"excerpt":"Kotimainen Leo-Matti Ojalan valmistama Klaara leve\u00e4 lipasto, jossa on 2 kapeaa ja 3 leve\u00e4\u00e4 laatikkoa. Klaara sarjan runko ja laatikon etusarjojen v\u00e4ri on valkoinen. Kansiv\u00e4rin voi valita valkoisen, harmaan, koivu luonnonv\u00e4risen tai ruskean v\u00e4lilt\u00e4. Tuotetiedot: Runko: maalattua mdf-levy\u00e4 Laatiko: mdf-levy\u00e4 Kansi: Koivu lv, harmaa ja ruskea kansi ovat massiivikoivua sek\u00e4\u2026","rel":"","context":"Similar post","block_context":{"text":"Similar post","link":""},"img":{"alt_text":"Klaara leve\u00e4 lipastp 5 laatikolla valkoinen","src":"https:\/\/i0.wp.com\/pohjanmaantehtaanmyymala.fi\/wp-content\/uploads\/2019\/09\/Klaara-NRO-4-lipasto_313.jpg?fit=960%2C960&ssl=1&resize=350%2C200","width":350,"height":200,"srcset":"https:\/\/i0.wp.com\/pohjanmaantehtaanmyymala.fi\/wp-content\/uploads\/2019\/09\/Klaara-NRO-4-lipasto_313.jpg?fit=960%2C960&ssl=1&resize=350%2C200 1x, https:\/\/i0.wp.com\/pohjanmaantehtaanmyymala.fi\/wp-content\/uploads\/2019\/09\/Klaara-NRO-4-lipasto_313.jpg?fit=960%2C960&ssl=1&resize=525%2C300 1.5x, https:\/\/i0.wp.com\/pohjanmaantehtaanmyymala.fi\/wp-content\/uploads\/2019\/09\/Klaara-NRO-4-lipasto_313.jpg?fit=960%2C960&ssl=1&resize=700%2C400 2x"},"classes":[]}],"_links":{"self":[{"href":"https:\/\/pohjanmaantehtaanmyymala.fi\/en\/wp-json\/wp\/v2\/product\/10803","targetHints":{"allow":["GET"]}}],"collection":[{"href":"https:\/\/pohjanmaantehtaanmyymala.fi\/en\/wp-json\/wp\/v2\/product"}],"about":[{"href":"https:\/\/pohjanmaantehtaanmyymala.fi\/en\/wp-json\/wp\/v2\/types\/product"}],"replies":[{"embeddable":true,"href":"https:\/\/pohjanmaantehtaanmyymala.fi\/en\/wp-json\/wp\/v2\/comments?post=10803"}],"wp:featuredmedia":[{"embeddable":true,"href":"https:\/\/pohjanmaantehtaanmyymala.fi\/en\/wp-json\/wp\/v2\/media\/18761"}],"wp:attachment":[{"href":"https:\/\/pohjanmaantehtaanmyymala.fi\/en\/wp-json\/wp\/v2\/media?parent=10803"}],"wp:term":[{"taxonomy":"product_brand","embeddable":true,"href":"https:\/\/pohjanmaantehtaanmyymala.fi\/en\/wp-json\/wp\/v2\/product_brand?post=10803"},{"taxonomy":"product_cat","embeddable":true,"href":"https:\/\/pohjanmaantehtaanmyymala.fi\/en\/wp-json\/wp\/v2\/product_cat?post=10803"},{"taxonomy":"product_tag","embeddable":true,"href":"https:\/\/pohjanmaantehtaanmyymala.fi\/en\/wp-json\/wp\/v2\/product_tag?post=10803"}],"curies":[{"name":"wp","href":"https:\/\/api.w.org\/{rel}","templated":true}]}}