{"id":10798,"date":"2019-09-14T09:52:55","date_gmt":"2019-09-14T07:52:55","guid":{"rendered":"https:\/\/pohjanmaantehtaanmyymala.fi\/tuote\/klaara-kirjoituspoyta-8\/"},"modified":"2024-02-22T11:44:40","modified_gmt":"2024-02-22T09:44:40","slug":"klaara-kirjoituspoyta-8","status":"publish","type":"product","link":"https:\/\/pohjanmaantehtaanmyymala.fi\/en\/tuote\/klaara-kirjoituspoyta-8\/","title":{"rendered":"KLAARA 8 Kirjoitusp\u00f6yt\u00e4"},"content":{"rendered":"<p>Klaara kirjoitusp\u00f6yt\u00e4 vetolaatikoilla.<br \/>\nRungon v\u00e4ri valkoinen, kannen v\u00e4riksi voi valita: valkoinen, koivu, harmaa, ruskea.<\/p>\n<p>Toimitetaan osina. Laatikosto kasattu. (Kansi, vetimet ja jalat asennettava).<\/p>\n","protected":false},"excerpt":{"rendered":"<p>Klaara kirjoitusp\u00f6yt\u00e4 vetolaatikoilla. Rungon v\u00e4ri valkoinen, kannen v\u00e4riksi voi valita: valkoinen, koivu, harmaa, ruskea. Toimitetaan osina. Laatikosto kasattu. (Kansi, vetimet ja jalat asennettava).<\/p>\n","protected":false},"featured_media":10799,"comment_status":"closed","ping_status":"closed","template":"","meta":{"_acf_changed":false,"jetpack_post_was_ever_published":false,"jetpack_publicize_message":"","jetpack_publicize_feature_enabled":true,"jetpack_social_post_already_shared":true,"jetpack_social_options":{"image_generator_settings":{"template":"highway","default_image_id":0,"font":"","enabled":false},"version":2}},"product_brand":[183],"product_cat":[197],"product_tag":[],"class_list":{"0":"post-10798","1":"product","2":"type-product","3":"status-publish","4":"has-post-thumbnail","6":"product_brand-ojala","7":"product_cat-toimistokalusteet","8":"product_shipping_class-161","10":"first","11":"instock","12":"purchasable","13":"product-type-simple"},"acf":[],"jetpack_publicize_connections":[],"jetpack_sharing_enabled":true,"jetpack-related-posts":[{"id":10800,"url":"https:\/\/pohjanmaantehtaanmyymala.fi\/en\/tuote\/klaara-kirjoituspoyta-9\/","url_meta":{"origin":10798,"position":0},"title":"KLAARA 9 Kirjoitusp\u00f6yt\u00e4","author":"petri","date":"September 14, 2019","format":false,"excerpt":"Klaara kirjoitusp\u00f6yt\u00e4 vetolaatikoilla ja ovilla. Rungon v\u00e4ri valkoinen, kannen v\u00e4riksi voi valita: valkoinen, koivu, harmaa, ruskea. Toimitetaan osina. Ovikaapit koottuna (Kansi, vetimet ja jalat asennettava).","rel":"","context":"Similar post","block_context":{"text":"Similar post","link":""},"img":{"alt_text":"","src":"https:\/\/i0.wp.com\/pohjanmaantehtaanmyymala.fi\/wp-content\/uploads\/2019\/09\/KlaaraNRO9.jpg?fit=960%2C960&ssl=1&resize=350%2C200","width":350,"height":200,"srcset":"https:\/\/i0.wp.com\/pohjanmaantehtaanmyymala.fi\/wp-content\/uploads\/2019\/09\/KlaaraNRO9.jpg?fit=960%2C960&ssl=1&resize=350%2C200 1x, https:\/\/i0.wp.com\/pohjanmaantehtaanmyymala.fi\/wp-content\/uploads\/2019\/09\/KlaaraNRO9.jpg?fit=960%2C960&ssl=1&resize=525%2C300 1.5x, https:\/\/i0.wp.com\/pohjanmaantehtaanmyymala.fi\/wp-content\/uploads\/2019\/09\/KlaaraNRO9.jpg?fit=960%2C960&ssl=1&resize=700%2C400 2x"},"classes":[]},{"id":10913,"url":"https:\/\/pohjanmaantehtaanmyymala.fi\/en\/tuote\/fondi-kirjoituspoyta-nro15\/","url_meta":{"origin":10798,"position":1},"title":"FONDI \u2013 kirjoitusp\u00f6yt\u00e4 NRO15","author":"petri","date":"September 14, 2019","format":false,"excerpt":"Kaunis kotimainen kirjoitusp\u00f6yt\u00e4, jossa on lasikaappi ja laatikosto.Tuote toimitetaan osaksi kasattuna kansi irrallaan pahvipaketissa.Koko:Leveys 140cmkorkeus 74 cmsyvyys 62 cm.Toimitusaika noin 1-2 viikkoa.V\u00e4ri on valikoinen. Tilauksesta voi kannen v\u00e4rivaihtoehdoksi valita my\u00f6s aitopuuviilutetun; py\u00f6kki-, kirsikka-, p\u00e4hkin\u00e4- ja tammi v\u00e4rin.Viilu on aito luonnonmateriaali, joka muuttaa s\u00e4vy\u00e4\u00e4n ajan kuluessa muun muassa auringon ultraviolettivalon vaikutuksesta.Kysy\u2026","rel":"","context":"Similar post","block_context":{"text":"Similar post","link":""},"img":{"alt_text":"","src":"https:\/\/i0.wp.com\/pohjanmaantehtaanmyymala.fi\/wp-content\/uploads\/2019\/09\/Fondi_051222_Leo-Matti.jpg?fit=960%2C960&ssl=1&resize=350%2C200","width":350,"height":200,"srcset":"https:\/\/i0.wp.com\/pohjanmaantehtaanmyymala.fi\/wp-content\/uploads\/2019\/09\/Fondi_051222_Leo-Matti.jpg?fit=960%2C960&ssl=1&resize=350%2C200 1x, https:\/\/i0.wp.com\/pohjanmaantehtaanmyymala.fi\/wp-content\/uploads\/2019\/09\/Fondi_051222_Leo-Matti.jpg?fit=960%2C960&ssl=1&resize=525%2C300 1.5x, https:\/\/i0.wp.com\/pohjanmaantehtaanmyymala.fi\/wp-content\/uploads\/2019\/09\/Fondi_051222_Leo-Matti.jpg?fit=960%2C960&ssl=1&resize=700%2C400 2x"},"classes":[]},{"id":20958,"url":"https:\/\/pohjanmaantehtaanmyymala.fi\/en\/tuote\/klaara-24-sohvapoyta-60x60-cm\/","url_meta":{"origin":10798,"position":2},"title":"KLAARA 24 Sohvap\u00f6yt\u00e4 60&#215;60 cm","author":"Sami Viitala","date":"August 30, 2022","format":false,"excerpt":"Klaara pieni sohvap\u00f6yt\u00e4 kahdella tasolla. Rungon v\u00e4ri valkoinen, kannen v\u00e4riksi voi valita: valkoinen, koivu, harmaa, ruskea. V\u00e4rilliset kannet ovat massiivikoivua. Toimitetaan kasattuna.","rel":"","context":"Similar post","block_context":{"text":"Similar post","link":""},"img":{"alt_text":"Klaara pieni sohvap\u00f6yt\u00e4 ruskealla kannella","src":"https:\/\/i0.wp.com\/pohjanmaantehtaanmyymala.fi\/wp-content\/uploads\/2022\/08\/KlaaraNRO24.jpg?fit=960%2C960&ssl=1&resize=350%2C200","width":350,"height":200,"srcset":"https:\/\/i0.wp.com\/pohjanmaantehtaanmyymala.fi\/wp-content\/uploads\/2022\/08\/KlaaraNRO24.jpg?fit=960%2C960&ssl=1&resize=350%2C200 1x, https:\/\/i0.wp.com\/pohjanmaantehtaanmyymala.fi\/wp-content\/uploads\/2022\/08\/KlaaraNRO24.jpg?fit=960%2C960&ssl=1&resize=525%2C300 1.5x, https:\/\/i0.wp.com\/pohjanmaantehtaanmyymala.fi\/wp-content\/uploads\/2022\/08\/KlaaraNRO24.jpg?fit=960%2C960&ssl=1&resize=700%2C400 2x"},"classes":[]},{"id":10803,"url":"https:\/\/pohjanmaantehtaanmyymala.fi\/en\/tuote\/klaara-tv-taso-11\/","url_meta":{"origin":10798,"position":3},"title":"KLAARA 11 TV-taso 160 cm laatikoilla","author":"petri","date":"September 14, 2019","format":false,"excerpt":"Leo-Matti Ojalan leve\u00e4 Klaara tv-taso k\u00e4y isommankin tv:n alle. T\u00e4ss\u00e4 Klaara Tv-tasossa on nelj\u00e4 laatikkoa ja avohylly. Klaara sarjan runko ja laatikon etusarjojen v\u00e4ri on valkoinen. Kansiv\u00e4rin voi valita valkoisen, harmaan, koivuluonnonv\u00e4risen tai ruskean v\u00e4lilt\u00e4. Tuotetiedot: Runko: maalattua mdf-levy\u00e4 Laatiko: mdf-levy\u00e4 Kansi: Koivu lv, harmaa ja ruskea kansi ovat massiivikoivua\u2026","rel":"","context":"Similar post","block_context":{"text":"Similar post","link":""},"img":{"alt_text":"Klaara tv-taso l. 160 cm laatikoilla valkoinen runko koivu kansi","src":"https:\/\/i0.wp.com\/pohjanmaantehtaanmyymala.fi\/wp-content\/uploads\/2019\/09\/Klaara-NRO-11-tv-taso_334.jpg?fit=960%2C960&ssl=1&resize=350%2C200","width":350,"height":200,"srcset":"https:\/\/i0.wp.com\/pohjanmaantehtaanmyymala.fi\/wp-content\/uploads\/2019\/09\/Klaara-NRO-11-tv-taso_334.jpg?fit=960%2C960&ssl=1&resize=350%2C200 1x, https:\/\/i0.wp.com\/pohjanmaantehtaanmyymala.fi\/wp-content\/uploads\/2019\/09\/Klaara-NRO-11-tv-taso_334.jpg?fit=960%2C960&ssl=1&resize=525%2C300 1.5x, https:\/\/i0.wp.com\/pohjanmaantehtaanmyymala.fi\/wp-content\/uploads\/2019\/09\/Klaara-NRO-11-tv-taso_334.jpg?fit=960%2C960&ssl=1&resize=700%2C400 2x"},"classes":[]},{"id":10821,"url":"https:\/\/pohjanmaantehtaanmyymala.fi\/en\/tuote\/klaara-arkku-21\/","url_meta":{"origin":10798,"position":4},"title":"KLAARA 21 Arkku 82,5&#215;40 cm","author":"petri","date":"September 14, 2019","format":false,"excerpt":"Klaara Arkku. Rungon v\u00e4ri valkoinen, kannen v\u00e4riksi voi valita: valkoinen, koivu, harmaa, ruskea. V\u00e4rilliset kannet ovat massiivikoivua. Toimitetaan kasattuna.","rel":"","context":"Similar post","block_context":{"text":"Similar post","link":""},"img":{"alt_text":"","src":"https:\/\/i0.wp.com\/pohjanmaantehtaanmyymala.fi\/wp-content\/uploads\/2019\/09\/KlaaraNRO21.jpg?fit=960%2C960&ssl=1&resize=350%2C200","width":350,"height":200,"srcset":"https:\/\/i0.wp.com\/pohjanmaantehtaanmyymala.fi\/wp-content\/uploads\/2019\/09\/KlaaraNRO21.jpg?fit=960%2C960&ssl=1&resize=350%2C200 1x, https:\/\/i0.wp.com\/pohjanmaantehtaanmyymala.fi\/wp-content\/uploads\/2019\/09\/KlaaraNRO21.jpg?fit=960%2C960&ssl=1&resize=525%2C300 1.5x, https:\/\/i0.wp.com\/pohjanmaantehtaanmyymala.fi\/wp-content\/uploads\/2019\/09\/KlaaraNRO21.jpg?fit=960%2C960&ssl=1&resize=700%2C400 2x"},"classes":[]},{"id":10829,"url":"https:\/\/pohjanmaantehtaanmyymala.fi\/en\/tuote\/klaara-sohvapoyta-25\/","url_meta":{"origin":10798,"position":5},"title":"KLAARA 25 Sohvap\u00f6yt\u00e4 90&#215;60 cm","author":"petri","date":"September 14, 2019","format":false,"excerpt":"Klaara sohvap\u00f6yt\u00e4 kahdella tasolla. Rungon v\u00e4ri valkoinen, kannen v\u00e4riksi voi valita: valkoinen, koivu, harmaa, ruskea. V\u00e4rilliset kannet ovat massiivikoivua. Toimitetaan kasattuna.","rel":"","context":"Similar post","block_context":{"text":"Similar post","link":""},"img":{"alt_text":"","src":"https:\/\/i0.wp.com\/pohjanmaantehtaanmyymala.fi\/wp-content\/uploads\/2019\/09\/KlaaraNRO25.jpg?fit=960%2C960&ssl=1&resize=350%2C200","width":350,"height":200,"srcset":"https:\/\/i0.wp.com\/pohjanmaantehtaanmyymala.fi\/wp-content\/uploads\/2019\/09\/KlaaraNRO25.jpg?fit=960%2C960&ssl=1&resize=350%2C200 1x, https:\/\/i0.wp.com\/pohjanmaantehtaanmyymala.fi\/wp-content\/uploads\/2019\/09\/KlaaraNRO25.jpg?fit=960%2C960&ssl=1&resize=525%2C300 1.5x, https:\/\/i0.wp.com\/pohjanmaantehtaanmyymala.fi\/wp-content\/uploads\/2019\/09\/KlaaraNRO25.jpg?fit=960%2C960&ssl=1&resize=700%2C400 2x"},"classes":[]}],"_links":{"self":[{"href":"https:\/\/pohjanmaantehtaanmyymala.fi\/en\/wp-json\/wp\/v2\/product\/10798","targetHints":{"allow":["GET"]}}],"collection":[{"href":"https:\/\/pohjanmaantehtaanmyymala.fi\/en\/wp-json\/wp\/v2\/product"}],"about":[{"href":"https:\/\/pohjanmaantehtaanmyymala.fi\/en\/wp-json\/wp\/v2\/types\/product"}],"replies":[{"embeddable":true,"href":"https:\/\/pohjanmaantehtaanmyymala.fi\/en\/wp-json\/wp\/v2\/comments?post=10798"}],"wp:featuredmedia":[{"embeddable":true,"href":"https:\/\/pohjanmaantehtaanmyymala.fi\/en\/wp-json\/wp\/v2\/media\/10799"}],"wp:attachment":[{"href":"https:\/\/pohjanmaantehtaanmyymala.fi\/en\/wp-json\/wp\/v2\/media?parent=10798"}],"wp:term":[{"taxonomy":"product_brand","embeddable":true,"href":"https:\/\/pohjanmaantehtaanmyymala.fi\/en\/wp-json\/wp\/v2\/product_brand?post=10798"},{"taxonomy":"product_cat","embeddable":true,"href":"https:\/\/pohjanmaantehtaanmyymala.fi\/en\/wp-json\/wp\/v2\/product_cat?post=10798"},{"taxonomy":"product_tag","embeddable":true,"href":"https:\/\/pohjanmaantehtaanmyymala.fi\/en\/wp-json\/wp\/v2\/product_tag?post=10798"}],"curies":[{"name":"wp","href":"https:\/\/api.w.org\/{rel}","templated":true}]}}