{"id":10781,"date":"2019-09-14T09:52:19","date_gmt":"2019-09-14T07:52:19","guid":{"rendered":"https:\/\/pohjanmaantehtaanmyymala.fi\/tuote\/klaara-lipastokaappi-korkea-20\/"},"modified":"2024-02-22T11:44:42","modified_gmt":"2024-02-22T09:44:42","slug":"klaara-lipastokaappi-korkea-20","status":"publish","type":"product","link":"https:\/\/pohjanmaantehtaanmyymala.fi\/en\/tuote\/klaara-lipastokaappi-korkea-20\/","title":{"rendered":"KLAARA 20 Lipastokaappi korkea"},"content":{"rendered":"<p>Kotimainen Leo Matti Ojalan valmistama Klaara-sarjan korkea lipastokaappi. Maalaisromanttinen tyyli sopii moneen suomalaiseen kotiin. Klaaran messingin v\u00e4riset vetimet antavat mukavan ilmeen tuotteelle. V\u00e4rivaihtoehtoja ovat kokonaan valkoinen tai lis\u00e4hintaan kansiv\u00e4riksi voit valita massiivipuisen harmaan, luonnonv\u00e4risen tai ruskean v\u00e4rin.<\/p>\n<p>Kalustesarjasta saatavilla my\u00f6s tasot, lipastot ja senkit.<\/p>\n<h3>Tuotetiedot:<\/h3>\n<p>Valmistettu MDF-Levyst\u00e4, petsatut kannet koivua.<br \/>\nToimitetaan jalat ja kansi irrallaan. (runko ja laatikot valmiiksi koottuna)<\/p>\n","protected":false},"excerpt":{"rendered":"<p>Kotimainen Leo Matti Ojalan valmistama Klaara-sarjan korkea lipastokaappi. Maalaisromanttinen tyyli sopii moneen suomalaiseen kotiin. Klaaran messingin v\u00e4riset vetimet antavat mukavan ilmeen tuotteelle. V\u00e4rivaihtoehtoja ovat kokonaan valkoinen tai lis\u00e4hintaan kansiv\u00e4riksi voit valita massiivipuisen harmaan, luonnonv\u00e4risen tai ruskean v\u00e4rin. Kalustesarjasta saatavilla my\u00f6s tasot, lipastot ja senkit. Tuotetiedot: Valmistettu MDF-Levyst\u00e4, petsatut kannet koivua. Toimitetaan jalat ja kansi irrallaan. [&hellip;]<\/p>\n","protected":false},"featured_media":10782,"comment_status":"closed","ping_status":"closed","template":"","meta":{"_acf_changed":false,"jetpack_post_was_ever_published":false,"jetpack_publicize_message":"","jetpack_publicize_feature_enabled":true,"jetpack_social_post_already_shared":true,"jetpack_social_options":{"image_generator_settings":{"template":"highway","default_image_id":0,"font":"","enabled":false},"version":2}},"product_brand":[183],"product_cat":[196],"product_tag":[],"class_list":{"0":"post-10781","1":"product","2":"type-product","3":"status-publish","4":"has-post-thumbnail","6":"product_brand-ojala","7":"product_cat-sailytyskalusteet-ja-tv-tasot","8":"product_shipping_class-161","10":"first","11":"instock","12":"purchasable","13":"product-type-simple"},"acf":[],"jetpack_publicize_connections":[],"jetpack_sharing_enabled":true,"jetpack-related-posts":[],"_links":{"self":[{"href":"https:\/\/pohjanmaantehtaanmyymala.fi\/en\/wp-json\/wp\/v2\/product\/10781","targetHints":{"allow":["GET"]}}],"collection":[{"href":"https:\/\/pohjanmaantehtaanmyymala.fi\/en\/wp-json\/wp\/v2\/product"}],"about":[{"href":"https:\/\/pohjanmaantehtaanmyymala.fi\/en\/wp-json\/wp\/v2\/types\/product"}],"replies":[{"embeddable":true,"href":"https:\/\/pohjanmaantehtaanmyymala.fi\/en\/wp-json\/wp\/v2\/comments?post=10781"}],"wp:featuredmedia":[{"embeddable":true,"href":"https:\/\/pohjanmaantehtaanmyymala.fi\/en\/wp-json\/wp\/v2\/media\/10782"}],"wp:attachment":[{"href":"https:\/\/pohjanmaantehtaanmyymala.fi\/en\/wp-json\/wp\/v2\/media?parent=10781"}],"wp:term":[{"taxonomy":"product_brand","embeddable":true,"href":"https:\/\/pohjanmaantehtaanmyymala.fi\/en\/wp-json\/wp\/v2\/product_brand?post=10781"},{"taxonomy":"product_cat","embeddable":true,"href":"https:\/\/pohjanmaantehtaanmyymala.fi\/en\/wp-json\/wp\/v2\/product_cat?post=10781"},{"taxonomy":"product_tag","embeddable":true,"href":"https:\/\/pohjanmaantehtaanmyymala.fi\/en\/wp-json\/wp\/v2\/product_tag?post=10781"}],"curies":[{"name":"wp","href":"https:\/\/api.w.org\/{rel}","templated":true}]}}