{"id":10765,"date":"2019-09-14T09:51:41","date_gmt":"2019-09-14T07:51:41","guid":{"rendered":"https:\/\/pohjanmaantehtaanmyymala.fi\/tuote\/gustav-lipasto-lasiovilla-120\/"},"modified":"2025-02-11T17:52:23","modified_gmt":"2025-02-11T15:52:23","slug":"gustav-lipasto-lasiovilla-120","status":"publish","type":"product","link":"https:\/\/pohjanmaantehtaanmyymala.fi\/en\/tuote\/gustav-lipasto-lasiovilla-120\/","title":{"rendered":"GUSTAV Lipasto lasiovilla 120"},"content":{"rendered":"<p>Kotimainen Gustav lipasto lasiovilla on kauniin valkoinen. Lipastossa ovat liukuovet ja kolme laatikkoa, jotka pit\u00e4v\u00e4t kodin tavarat ja muut esineet p\u00f6lylt\u00e4 suojassa, mutta helposti k\u00e4den ulottuvilla. Lipasto voidaan sijoittaa kapeallekin k\u00e4yt\u00e4v\u00e4lle, sill\u00e4 liukuovien aukeamiseen ei tarvita ylim\u00e4\u00e4r\u00e4ist\u00e4 tilaa.<\/p>\n<p>Lipaston runko, hyllyt ja laatikostot on valmistettu maalatusta valkoisesta mdf-levyst\u00e4. Liukuovien lasit ovat kest\u00e4v\u00e4\u00e4 karkaistua turvalasia. Koristelistat ovat massiivipuuta. Avattavissa laatikostoissa on hidastava liukumekanismi.<\/p>\n<p>Suosittelemme ostamaan lipastolle <a href=\"https:\/\/pohjanmaantehtaanmyymala.fi\/tuote\/gustav-kansilevy-120\/\">Gustav kannen<\/a>.<\/p>\n<h3>Tuotetiedot:<\/h3>\n<p>Leveys: 120 cm<br \/>\nSyvyys: 39 cm<br \/>\nKorkeus: 96 cm<\/p>\n<p>Runko, laatikostot ja hyllyt: Valkoiseksi maalattua mdf-levy\u00e4<br \/>\nLiukuovet: Karkaistua, kest\u00e4v\u00e4\u00e4 turvalasia<br \/>\nKoristelistat: Massiivipuuta<br \/>\nTuotteen valmiusaste: Toimitetaan valmiiksi koottuna<br \/>\nTuotteen valmistusmaa: Suomi<\/p>\n<p>Toimitetaan kasattuna.<\/p>\n<p>&nbsp;<\/p>\n","protected":false},"excerpt":{"rendered":"<p>Kotimainen Gustav lipasto lasiovilla on kauniin valkoinen. Lipastossa ovat liukuovet ja kolme laatikkoa, jotka pit\u00e4v\u00e4t kodin tavarat ja muut esineet p\u00f6lylt\u00e4 suojassa, mutta helposti k\u00e4den ulottuvilla. Lipasto voidaan sijoittaa kapeallekin k\u00e4yt\u00e4v\u00e4lle, sill\u00e4 liukuovien aukeamiseen ei tarvita ylim\u00e4\u00e4r\u00e4ist\u00e4 tilaa. Lipaston runko, hyllyt ja laatikostot on valmistettu maalatusta valkoisesta mdf-levyst\u00e4. Liukuovien lasit ovat kest\u00e4v\u00e4\u00e4 karkaistua turvalasia. Koristelistat [&hellip;]<\/p>\n","protected":false},"featured_media":10766,"comment_status":"closed","ping_status":"closed","template":"","meta":{"_acf_changed":false,"jetpack_post_was_ever_published":false,"jetpack_publicize_message":"","jetpack_publicize_feature_enabled":true,"jetpack_social_post_already_shared":true,"jetpack_social_options":{"image_generator_settings":{"template":"highway","default_image_id":0,"font":"","enabled":false},"version":2}},"product_brand":[177],"product_cat":[196],"product_tag":[],"class_list":{"0":"post-10765","1":"product","2":"type-product","3":"status-publish","4":"has-post-thumbnail","6":"product_brand-byniemi","7":"product_cat-sailytyskalusteet-ja-tv-tasot","8":"product_shipping_class-161","10":"first","11":"instock","12":"sale","13":"purchasable","14":"product-type-simple"},"acf":[],"jetpack_publicize_connections":[],"jetpack_sharing_enabled":true,"jetpack-related-posts":[{"id":10767,"url":"https:\/\/pohjanmaantehtaanmyymala.fi\/en\/tuote\/gustav-lipasto-umpiovilla-120\/","url_meta":{"origin":10765,"position":0},"title":"GUSTAV Lipasto umpiovilla 120","author":"petri","date":"September 14, 2019","format":false,"excerpt":"Kotimainen Gustav lipasto umpiovilla sopii romanttiseen sisustukseen. Lipastossa ovat liukuovet ja laatikot, jotka pit\u00e4v\u00e4t kodin tavarat ja muut esineet katseilta suojassa, mutta helposti k\u00e4den ulottuvilla. Lipasto voidaan sijoittaa kapeallekin k\u00e4yt\u00e4v\u00e4lle, sill\u00e4 liukuovien aukeamiseen ei tarvita ylim\u00e4\u00e4r\u00e4ist\u00e4 tilaa. Lipaston runko, hyllyt ja laatikostot on valmistettu maalatusta valkoisesta mdf-levyst\u00e4. Koristelistat ovat massiivipuuta.\u2026","rel":"","context":"Similar post","block_context":{"text":"Similar post","link":""},"img":{"alt_text":"","src":"https:\/\/i0.wp.com\/pohjanmaantehtaanmyymala.fi\/wp-content\/uploads\/2019\/09\/Gustav_y07-0354_Lipasto.jpg?fit=960%2C960&ssl=1&resize=350%2C200","width":350,"height":200,"srcset":"https:\/\/i0.wp.com\/pohjanmaantehtaanmyymala.fi\/wp-content\/uploads\/2019\/09\/Gustav_y07-0354_Lipasto.jpg?fit=960%2C960&ssl=1&resize=350%2C200 1x, https:\/\/i0.wp.com\/pohjanmaantehtaanmyymala.fi\/wp-content\/uploads\/2019\/09\/Gustav_y07-0354_Lipasto.jpg?fit=960%2C960&ssl=1&resize=525%2C300 1.5x, https:\/\/i0.wp.com\/pohjanmaantehtaanmyymala.fi\/wp-content\/uploads\/2019\/09\/Gustav_y07-0354_Lipasto.jpg?fit=960%2C960&ssl=1&resize=700%2C400 2x"},"classes":[]},{"id":26799,"url":"https:\/\/pohjanmaantehtaanmyymala.fi\/en\/tuote\/gustav-senkki-lasiovilla\/","url_meta":{"origin":10765,"position":1},"title":"GUSTAV senkki lasiovilla","author":"Sami Viitala","date":"April 13, 2024","format":false,"excerpt":"Laadukas ja tilava s\u00e4ilytysratkaisu.","rel":"","context":"Similar post","block_context":{"text":"Similar post","link":""},"img":{"alt_text":"Gustav senkki liukulasiovilla ja jaloilla, v\u00e4ri valkoinen","src":"https:\/\/i0.wp.com\/pohjanmaantehtaanmyymala.fi\/wp-content\/uploads\/2024\/04\/Gustav-senkki-jaloilla_lasiovet.jpg?fit=960%2C960&ssl=1&resize=350%2C200","width":350,"height":200,"srcset":"https:\/\/i0.wp.com\/pohjanmaantehtaanmyymala.fi\/wp-content\/uploads\/2024\/04\/Gustav-senkki-jaloilla_lasiovet.jpg?fit=960%2C960&ssl=1&resize=350%2C200 1x, https:\/\/i0.wp.com\/pohjanmaantehtaanmyymala.fi\/wp-content\/uploads\/2024\/04\/Gustav-senkki-jaloilla_lasiovet.jpg?fit=960%2C960&ssl=1&resize=525%2C300 1.5x, https:\/\/i0.wp.com\/pohjanmaantehtaanmyymala.fi\/wp-content\/uploads\/2024\/04\/Gustav-senkki-jaloilla_lasiovet.jpg?fit=960%2C960&ssl=1&resize=700%2C400 2x"},"classes":[]},{"id":13250,"url":"https:\/\/pohjanmaantehtaanmyymala.fi\/en\/tuote\/gustav-vitriini-valkoinen\/","url_meta":{"origin":10765,"position":2},"title":"GUSTAV liukuovivitriini valkoinen","author":"Sami Viitala","date":"September 20, 2020","format":false,"excerpt":"Kauniin maalaisromanttimem lasivitriini jaloilla.","rel":"","context":"Similar post","block_context":{"text":"Similar post","link":""},"img":{"alt_text":"Gustav vitriini valkoinen","src":"https:\/\/i0.wp.com\/pohjanmaantehtaanmyymala.fi\/wp-content\/uploads\/2020\/09\/Gustav_t13-1893_Vitriini_Jaloilla.jpg?fit=960%2C960&ssl=1&resize=350%2C200","width":350,"height":200,"srcset":"https:\/\/i0.wp.com\/pohjanmaantehtaanmyymala.fi\/wp-content\/uploads\/2020\/09\/Gustav_t13-1893_Vitriini_Jaloilla.jpg?fit=960%2C960&ssl=1&resize=350%2C200 1x, https:\/\/i0.wp.com\/pohjanmaantehtaanmyymala.fi\/wp-content\/uploads\/2020\/09\/Gustav_t13-1893_Vitriini_Jaloilla.jpg?fit=960%2C960&ssl=1&resize=525%2C300 1.5x, https:\/\/i0.wp.com\/pohjanmaantehtaanmyymala.fi\/wp-content\/uploads\/2020\/09\/Gustav_t13-1893_Vitriini_Jaloilla.jpg?fit=960%2C960&ssl=1&resize=700%2C400 2x"},"classes":[]},{"id":10735,"url":"https:\/\/pohjanmaantehtaanmyymala.fi\/en\/tuote\/gustav-kirjakaappi\/","url_meta":{"origin":10765,"position":3},"title":"GUSTAV Kirjakaappi vitriini 120 cm","author":"petri","date":"September 14, 2019","format":false,"excerpt":"Kotimaiset Gustav kirjakaappi-vitriini on tilava s\u00e4ilytysratkaisu, johon mahtuu paljon kirjoja tai koriste-esineit\u00e4. Jos haluat n\u00e4ytt\u00e4v\u00e4mm\u00e4n kokonaisuuden, kirjakaappeja voi laittaa kaksi kaappia p\u00e4\u00e4llekk\u00e4in, jolloin toinen niist\u00e4 k\u00e4\u00e4nnet\u00e4\u00e4n yl\u00f6salaisin, silloin alasokkelista tulee hieno kruunu kirjakaapin p\u00e4\u00e4lle. Vitriinin vieraan voi asettaa toisen vitriinin ja niiden p\u00e4\u00e4lle viel\u00e4 toiset vitriinit, jolloin saa ison n\u00e4ytt\u00e4v\u00e4n\u2026","rel":"","context":"Similar post","block_context":{"text":"Similar post","link":""},"img":{"alt_text":"","src":"https:\/\/i0.wp.com\/pohjanmaantehtaanmyymala.fi\/wp-content\/uploads\/2019\/09\/Gustav_y07-0386_Kirjakaappi120.jpg?fit=960%2C960&ssl=1&resize=350%2C200","width":350,"height":200,"srcset":"https:\/\/i0.wp.com\/pohjanmaantehtaanmyymala.fi\/wp-content\/uploads\/2019\/09\/Gustav_y07-0386_Kirjakaappi120.jpg?fit=960%2C960&ssl=1&resize=350%2C200 1x, https:\/\/i0.wp.com\/pohjanmaantehtaanmyymala.fi\/wp-content\/uploads\/2019\/09\/Gustav_y07-0386_Kirjakaappi120.jpg?fit=960%2C960&ssl=1&resize=525%2C300 1.5x, https:\/\/i0.wp.com\/pohjanmaantehtaanmyymala.fi\/wp-content\/uploads\/2019\/09\/Gustav_y07-0386_Kirjakaappi120.jpg?fit=960%2C960&ssl=1&resize=700%2C400 2x"},"classes":[]},{"id":13244,"url":"https:\/\/pohjanmaantehtaanmyymala.fi\/en\/tuote\/gustav-tv-taso-159-cm\/","url_meta":{"origin":10765,"position":4},"title":"GUSTAV TV-taso jaloilla 159 cm","author":"Sami Viitala","date":"September 19, 2020","format":false,"excerpt":"Kauniin maalaisromanttimem Gustav TV-taso jaloilla. Tv-tasossa on k\u00e4tev\u00e4t liuko-ovet. Ovet liukuvat liukukiskoilla ja s\u00e4\u00e4st\u00e4v\u00e4t siten tilaa. Takalevyss\u00e4 on aukot johtojen l\u00e4piviemiseksi. Tuotetiedot: Mitat: Leveys 159 cm,syvyys 39 cm ja korkeus 68 cm. Materiaali ja v\u00e4ri: Runko ja hyllyt: Valkoiseksi maalattua mdf-levy\u00e4 Ovi: Kest\u00e4v\u00e4\u00e4 karkaistua turvalasia Koristelistat: Massiivipuuta Tuotteen valmiusaste: Toimitetaan\u2026","rel":"","context":"Similar post","block_context":{"text":"Similar post","link":""},"img":{"alt_text":"Gustav TV-taso 159 cm","src":"https:\/\/i0.wp.com\/pohjanmaantehtaanmyymala.fi\/wp-content\/uploads\/2020\/09\/Gustav_t13-1890_TV-taso_Jaloilla.jpg?fit=960%2C960&ssl=1&resize=350%2C200","width":350,"height":200,"srcset":"https:\/\/i0.wp.com\/pohjanmaantehtaanmyymala.fi\/wp-content\/uploads\/2020\/09\/Gustav_t13-1890_TV-taso_Jaloilla.jpg?fit=960%2C960&ssl=1&resize=350%2C200 1x, https:\/\/i0.wp.com\/pohjanmaantehtaanmyymala.fi\/wp-content\/uploads\/2020\/09\/Gustav_t13-1890_TV-taso_Jaloilla.jpg?fit=960%2C960&ssl=1&resize=525%2C300 1.5x, https:\/\/i0.wp.com\/pohjanmaantehtaanmyymala.fi\/wp-content\/uploads\/2020\/09\/Gustav_t13-1890_TV-taso_Jaloilla.jpg?fit=960%2C960&ssl=1&resize=700%2C400 2x"},"classes":[]},{"id":26789,"url":"https:\/\/pohjanmaantehtaanmyymala.fi\/en\/tuote\/gustav-senkki-jaloilla\/","url_meta":{"origin":10765,"position":5},"title":"GUSTAV senkki jaloilla","author":"Sami Viitala","date":"April 13, 2024","format":false,"excerpt":"Laadukas ja tilava s\u00e4ilytysratkaisu.","rel":"","context":"Similar post","block_context":{"text":"Similar post","link":""},"img":{"alt_text":"Gustav senkki jaloilla, v\u00e4ri valkoinen","src":"https:\/\/i0.wp.com\/pohjanmaantehtaanmyymala.fi\/wp-content\/uploads\/2024\/04\/Gustav_t13-1891_Senkki_Jaloilla.jpg?fit=960%2C960&ssl=1&resize=350%2C200","width":350,"height":200,"srcset":"https:\/\/i0.wp.com\/pohjanmaantehtaanmyymala.fi\/wp-content\/uploads\/2024\/04\/Gustav_t13-1891_Senkki_Jaloilla.jpg?fit=960%2C960&ssl=1&resize=350%2C200 1x, https:\/\/i0.wp.com\/pohjanmaantehtaanmyymala.fi\/wp-content\/uploads\/2024\/04\/Gustav_t13-1891_Senkki_Jaloilla.jpg?fit=960%2C960&ssl=1&resize=525%2C300 1.5x, https:\/\/i0.wp.com\/pohjanmaantehtaanmyymala.fi\/wp-content\/uploads\/2024\/04\/Gustav_t13-1891_Senkki_Jaloilla.jpg?fit=960%2C960&ssl=1&resize=700%2C400 2x"},"classes":[]}],"_links":{"self":[{"href":"https:\/\/pohjanmaantehtaanmyymala.fi\/en\/wp-json\/wp\/v2\/product\/10765","targetHints":{"allow":["GET"]}}],"collection":[{"href":"https:\/\/pohjanmaantehtaanmyymala.fi\/en\/wp-json\/wp\/v2\/product"}],"about":[{"href":"https:\/\/pohjanmaantehtaanmyymala.fi\/en\/wp-json\/wp\/v2\/types\/product"}],"replies":[{"embeddable":true,"href":"https:\/\/pohjanmaantehtaanmyymala.fi\/en\/wp-json\/wp\/v2\/comments?post=10765"}],"wp:featuredmedia":[{"embeddable":true,"href":"https:\/\/pohjanmaantehtaanmyymala.fi\/en\/wp-json\/wp\/v2\/media\/10766"}],"wp:attachment":[{"href":"https:\/\/pohjanmaantehtaanmyymala.fi\/en\/wp-json\/wp\/v2\/media?parent=10765"}],"wp:term":[{"taxonomy":"product_brand","embeddable":true,"href":"https:\/\/pohjanmaantehtaanmyymala.fi\/en\/wp-json\/wp\/v2\/product_brand?post=10765"},{"taxonomy":"product_cat","embeddable":true,"href":"https:\/\/pohjanmaantehtaanmyymala.fi\/en\/wp-json\/wp\/v2\/product_cat?post=10765"},{"taxonomy":"product_tag","embeddable":true,"href":"https:\/\/pohjanmaantehtaanmyymala.fi\/en\/wp-json\/wp\/v2\/product_tag?post=10765"}],"curies":[{"name":"wp","href":"https:\/\/api.w.org\/{rel}","templated":true}]}}