{"id":10763,"date":"2019-09-14T09:51:37","date_gmt":"2019-09-14T07:51:37","guid":{"rendered":"https:\/\/pohjanmaantehtaanmyymala.fi\/tuote\/gustav-avohylly-60\/"},"modified":"2025-02-11T17:53:03","modified_gmt":"2025-02-11T15:53:03","slug":"gustav-avohylly-60","status":"publish","type":"product","link":"https:\/\/pohjanmaantehtaanmyymala.fi\/en\/tuote\/gustav-avohylly-60\/","title":{"rendered":"GUSTAV Avohylly 60"},"content":{"rendered":"<p>Gustav hyllyst\u00f6malliston kauniin valkoinen avohylly. Hylly\u00e4 voidaan k\u00e4ytt\u00e4\u00e4 sellaisenaan tai yhdist\u00e4\u00e4 muiden Gustav malliston tuotteiden, kuten vitriinien tai laatikostojen kanssa.<\/p>\n<p>Yksitt\u00e4in k\u00e4ytettyn\u00e4 suosittelemme <a href=\"https:\/\/pohjanmaantehtaanmyymala.fi\/tuote\/gustav-kansilevy-60\/\">kansilevyn<\/a> ostoa, jolloin se on viimeistellymm\u00e4n n\u00e4k\u00f6inen.<\/p>\n<p><strong>Mitat:<\/strong><\/p>\n<p>Leveys: 60 cm<br \/>\nSyvyys: 39 cm<br \/>\nKorkeus: 109,5 cm<\/p>\n<p>Paino 27 kg<\/p>\n<p>Toimitetaan kasattuna.<\/p>\n","protected":false},"excerpt":{"rendered":"<p>Gustav hyllyst\u00f6malliston kauniin valkoinen avohylly. Hylly\u00e4 voidaan k\u00e4ytt\u00e4\u00e4 sellaisenaan tai yhdist\u00e4\u00e4 muiden Gustav malliston tuotteiden, kuten vitriinien tai laatikostojen kanssa. Yksitt\u00e4in k\u00e4ytettyn\u00e4 suosittelemme kansilevyn ostoa, jolloin se on viimeistellymm\u00e4n n\u00e4k\u00f6inen. Mitat: Leveys: 60 cm Syvyys: 39 cm Korkeus: 109,5 cm Paino 27 kg Toimitetaan kasattuna.<\/p>\n","protected":false},"featured_media":10764,"comment_status":"closed","ping_status":"closed","template":"","meta":{"_acf_changed":false,"jetpack_post_was_ever_published":false,"jetpack_publicize_message":"","jetpack_publicize_feature_enabled":true,"jetpack_social_post_already_shared":true,"jetpack_social_options":{"image_generator_settings":{"template":"highway","default_image_id":0,"font":"","enabled":false},"version":2}},"product_brand":[177],"product_cat":[196],"product_tag":[],"class_list":{"0":"post-10763","1":"product","2":"type-product","3":"status-publish","4":"has-post-thumbnail","6":"product_brand-byniemi","7":"product_cat-sailytyskalusteet-ja-tv-tasot","8":"product_shipping_class-161","10":"first","11":"instock","12":"sale","13":"purchasable","14":"product-type-simple"},"acf":[],"jetpack_publicize_connections":[],"jetpack_sharing_enabled":true,"jetpack-related-posts":[],"_links":{"self":[{"href":"https:\/\/pohjanmaantehtaanmyymala.fi\/en\/wp-json\/wp\/v2\/product\/10763","targetHints":{"allow":["GET"]}}],"collection":[{"href":"https:\/\/pohjanmaantehtaanmyymala.fi\/en\/wp-json\/wp\/v2\/product"}],"about":[{"href":"https:\/\/pohjanmaantehtaanmyymala.fi\/en\/wp-json\/wp\/v2\/types\/product"}],"replies":[{"embeddable":true,"href":"https:\/\/pohjanmaantehtaanmyymala.fi\/en\/wp-json\/wp\/v2\/comments?post=10763"}],"wp:featuredmedia":[{"embeddable":true,"href":"https:\/\/pohjanmaantehtaanmyymala.fi\/en\/wp-json\/wp\/v2\/media\/10764"}],"wp:attachment":[{"href":"https:\/\/pohjanmaantehtaanmyymala.fi\/en\/wp-json\/wp\/v2\/media?parent=10763"}],"wp:term":[{"taxonomy":"product_brand","embeddable":true,"href":"https:\/\/pohjanmaantehtaanmyymala.fi\/en\/wp-json\/wp\/v2\/product_brand?post=10763"},{"taxonomy":"product_cat","embeddable":true,"href":"https:\/\/pohjanmaantehtaanmyymala.fi\/en\/wp-json\/wp\/v2\/product_cat?post=10763"},{"taxonomy":"product_tag","embeddable":true,"href":"https:\/\/pohjanmaantehtaanmyymala.fi\/en\/wp-json\/wp\/v2\/product_tag?post=10763"}],"curies":[{"name":"wp","href":"https:\/\/api.w.org\/{rel}","templated":true}]}}