{"id":10712,"date":"2019-09-14T09:49:43","date_gmt":"2019-09-14T07:49:43","guid":{"rendered":"https:\/\/pohjanmaantehtaanmyymala.fi\/tuote\/gustav-kansilevy-60\/"},"modified":"2024-04-13T12:57:50","modified_gmt":"2024-04-13T10:57:50","slug":"gustav-kansilevy-60","status":"publish","type":"product","link":"https:\/\/pohjanmaantehtaanmyymala.fi\/en\/tuote\/gustav-kansilevy-60\/","title":{"rendered":"GUSTAV Kansilevy 60"},"content":{"rendered":"<p>Kansi Gustav -sarjaan. Tuotteet ovat saatavilla vain valkoisina.<\/p>\n<p>Kotimainen ByNiemi.<\/p>\n","protected":false},"excerpt":{"rendered":"<p>Kansi Gustav -sarjaan. Tuotteet ovat saatavilla vain valkoisina. Kotimainen ByNiemi.<\/p>\n","protected":false},"featured_media":10713,"comment_status":"closed","ping_status":"closed","template":"","meta":{"_acf_changed":false,"jetpack_post_was_ever_published":false,"jetpack_publicize_message":"","jetpack_publicize_feature_enabled":true,"jetpack_social_post_already_shared":true,"jetpack_social_options":{"image_generator_settings":{"template":"highway","default_image_id":0,"font":"","enabled":false},"version":2}},"product_brand":[177],"product_cat":[196],"product_tag":[],"class_list":{"0":"post-10712","1":"product","2":"type-product","3":"status-publish","4":"has-post-thumbnail","6":"product_brand-byniemi","7":"product_cat-sailytyskalusteet-ja-tv-tasot","8":"product_shipping_class-161","10":"first","11":"instock","12":"purchasable","13":"product-type-simple"},"acf":[],"jetpack_publicize_connections":[],"jetpack_sharing_enabled":true,"jetpack-related-posts":[{"id":10710,"url":"https:\/\/pohjanmaantehtaanmyymala.fi\/en\/tuote\/gustav-kansilevy-120\/","url_meta":{"origin":10712,"position":0},"title":"GUSTAV Kansilevy 120","author":"petri","date":"September 14, 2019","format":false,"excerpt":"Kansi Gustav -sarjaan. Tuotteet ovat saatavilla vain valkoisina. Kansi k\u00e4y vitriiniin, kirjakaappiin ja umpiovilipastoon sek\u00e4 lasiovilipastoon. Kotimainen ByNiemi.","rel":"","context":"Similar post","block_context":{"text":"Similar post","link":""},"img":{"alt_text":"","src":"https:\/\/i0.wp.com\/pohjanmaantehtaanmyymala.fi\/wp-content\/uploads\/2019\/09\/Gustav_y07-0387_Kansilevy120.jpg?fit=960%2C960&ssl=1&resize=350%2C200","width":350,"height":200,"srcset":"https:\/\/i0.wp.com\/pohjanmaantehtaanmyymala.fi\/wp-content\/uploads\/2019\/09\/Gustav_y07-0387_Kansilevy120.jpg?fit=960%2C960&ssl=1&resize=350%2C200 1x, https:\/\/i0.wp.com\/pohjanmaantehtaanmyymala.fi\/wp-content\/uploads\/2019\/09\/Gustav_y07-0387_Kansilevy120.jpg?fit=960%2C960&ssl=1&resize=525%2C300 1.5x, https:\/\/i0.wp.com\/pohjanmaantehtaanmyymala.fi\/wp-content\/uploads\/2019\/09\/Gustav_y07-0387_Kansilevy120.jpg?fit=960%2C960&ssl=1&resize=700%2C400 2x"},"classes":[]},{"id":10759,"url":"https:\/\/pohjanmaantehtaanmyymala.fi\/en\/tuote\/gustav-laatikosto-60\/","url_meta":{"origin":10712,"position":1},"title":"GUSTAV Laatikosto 60","author":"petri","date":"September 14, 2019","format":false,"excerpt":"Gustav-hyllyst\u00f6malliston kauniin valkoinen lipasto, jossa on kuusi laatikkoa. Laatikostoa voidaan k\u00e4ytt\u00e4\u00e4 sellaisenaan tai yhdist\u00e4\u00e4 muiden Gustav-malliston tuotteiden, kuten vitriinien tai hyllyjen kanssa. Yksitt\u00e4in k\u00e4ytettyn\u00e4 suosittelemme kansilevyn ostoa, jolloin se on viimeistellymm\u00e4n n\u00e4k\u00f6inen. Mitat: Leveys: 60 cm Syvyys: 39 cm Korkeus: 109,5 cm Paino 43 kg Toimitetaan kasattuna.","rel":"","context":"Similar post","block_context":{"text":"Similar post","link":""},"img":{"alt_text":"","src":"https:\/\/i0.wp.com\/pohjanmaantehtaanmyymala.fi\/wp-content\/uploads\/2019\/09\/Gustav_y07-0374_Laatikosto60.jpg?fit=960%2C960&ssl=1&resize=350%2C200","width":350,"height":200,"srcset":"https:\/\/i0.wp.com\/pohjanmaantehtaanmyymala.fi\/wp-content\/uploads\/2019\/09\/Gustav_y07-0374_Laatikosto60.jpg?fit=960%2C960&ssl=1&resize=350%2C200 1x, https:\/\/i0.wp.com\/pohjanmaantehtaanmyymala.fi\/wp-content\/uploads\/2019\/09\/Gustav_y07-0374_Laatikosto60.jpg?fit=960%2C960&ssl=1&resize=525%2C300 1.5x, https:\/\/i0.wp.com\/pohjanmaantehtaanmyymala.fi\/wp-content\/uploads\/2019\/09\/Gustav_y07-0374_Laatikosto60.jpg?fit=960%2C960&ssl=1&resize=700%2C400 2x"},"classes":[]},{"id":10763,"url":"https:\/\/pohjanmaantehtaanmyymala.fi\/en\/tuote\/gustav-avohylly-60\/","url_meta":{"origin":10712,"position":2},"title":"GUSTAV Avohylly 60","author":"petri","date":"September 14, 2019","format":false,"excerpt":"Gustav hyllyst\u00f6malliston kauniin valkoinen avohylly. Hylly\u00e4 voidaan k\u00e4ytt\u00e4\u00e4 sellaisenaan tai yhdist\u00e4\u00e4 muiden Gustav malliston tuotteiden, kuten vitriinien tai laatikostojen kanssa. Yksitt\u00e4in k\u00e4ytettyn\u00e4 suosittelemme kansilevyn ostoa, jolloin se on viimeistellymm\u00e4n n\u00e4k\u00f6inen. Mitat: Leveys: 60 cm Syvyys: 39 cm Korkeus: 109,5 cm Paino 27 kg Toimitetaan kasattuna.","rel":"","context":"Similar post","block_context":{"text":"Similar post","link":""},"img":{"alt_text":"","src":"https:\/\/i0.wp.com\/pohjanmaantehtaanmyymala.fi\/wp-content\/uploads\/2019\/09\/Gustav_y07-0375_Avohylly60.jpg?fit=960%2C960&ssl=1&resize=350%2C200","width":350,"height":200,"srcset":"https:\/\/i0.wp.com\/pohjanmaantehtaanmyymala.fi\/wp-content\/uploads\/2019\/09\/Gustav_y07-0375_Avohylly60.jpg?fit=960%2C960&ssl=1&resize=350%2C200 1x, https:\/\/i0.wp.com\/pohjanmaantehtaanmyymala.fi\/wp-content\/uploads\/2019\/09\/Gustav_y07-0375_Avohylly60.jpg?fit=960%2C960&ssl=1&resize=525%2C300 1.5x, https:\/\/i0.wp.com\/pohjanmaantehtaanmyymala.fi\/wp-content\/uploads\/2019\/09\/Gustav_y07-0375_Avohylly60.jpg?fit=960%2C960&ssl=1&resize=700%2C400 2x"},"classes":[]},{"id":19749,"url":"https:\/\/pohjanmaantehtaanmyymala.fi\/en\/tuote\/gustav-kirjakaappi-60-cm\/","url_meta":{"origin":10712,"position":3},"title":"GUSTAV kirjakaappi 60 cm","author":"Sami Viitala","date":"February 11, 2022","format":false,"excerpt":"Kotimainen Gustav kirjakaappi on oiva s\u00e4ilytysratkaisu, johon mahtuu paljon tavaraa katseilta piiloon. Kirjakaappia on saatavana sek\u00e4 oikea- et\u00e4\u00e4 vasenk\u00e4tisell\u00e4 ovella. Jos haluat n\u00e4ytt\u00e4v\u00e4mm\u00e4n kokonaisuuden, kirjakaappeja voi laittaa kaksi kaappia p\u00e4\u00e4llekk\u00e4in, jolloin toinen niist\u00e4 k\u00e4\u00e4nnet\u00e4\u00e4n yl\u00f6salaisin, silloin alasokkelista tulee hieno kruunu kirjakaapin p\u00e4\u00e4lle. Kaapin viereen voi my\u00f6s asettaa toisen kaapin ja\u2026","rel":"","context":"Similar post","block_context":{"text":"Similar post","link":""},"img":{"alt_text":"Gustva kirjakaappi valkoinen umpiovella 60 cm leve\u00e4","src":"https:\/\/i0.wp.com\/pohjanmaantehtaanmyymala.fi\/wp-content\/uploads\/2022\/02\/Kirjakaappi-60-vasenkatinen-umpiovet.jpg?fit=960%2C960&ssl=1&resize=350%2C200","width":350,"height":200,"srcset":"https:\/\/i0.wp.com\/pohjanmaantehtaanmyymala.fi\/wp-content\/uploads\/2022\/02\/Kirjakaappi-60-vasenkatinen-umpiovet.jpg?fit=960%2C960&ssl=1&resize=350%2C200 1x, https:\/\/i0.wp.com\/pohjanmaantehtaanmyymala.fi\/wp-content\/uploads\/2022\/02\/Kirjakaappi-60-vasenkatinen-umpiovet.jpg?fit=960%2C960&ssl=1&resize=525%2C300 1.5x, https:\/\/i0.wp.com\/pohjanmaantehtaanmyymala.fi\/wp-content\/uploads\/2022\/02\/Kirjakaappi-60-vasenkatinen-umpiovet.jpg?fit=960%2C960&ssl=1&resize=700%2C400 2x"},"classes":[]},{"id":19734,"url":"https:\/\/pohjanmaantehtaanmyymala.fi\/en\/tuote\/gustav-kirjakaappi-vitriini-60-cm\/","url_meta":{"origin":10712,"position":4},"title":"GUSTAV kirjakaappi vitriini 60 cm","author":"Sami Viitala","date":"February 11, 2022","format":false,"excerpt":"Kotimaiset Gustav kirjakaappi-vitriini on oiva s\u00e4ilytysratkaisu, johon mahtuu paljon kirjoja tai koriste-esineit\u00e4. Vitriini\u00e4 on saatavana oikea- tai vasenk\u00e4tisell\u00e4 ovella. Jos haluat n\u00e4ytt\u00e4v\u00e4mm\u00e4n kokonaisuuden, kirjakaappeja voi laittaa kaksi kaappia p\u00e4\u00e4llekk\u00e4in, jolloin toinen niist\u00e4 k\u00e4\u00e4nnet\u00e4\u00e4n yl\u00f6salaisin, silloin alasokkelista tulee hieno kruunu kirjakaapin p\u00e4\u00e4lle. Vitriinin viereen voi asettaa toisen vitriinin ja niiden p\u00e4\u00e4lle\u2026","rel":"","context":"Similar post","block_context":{"text":"Similar post","link":""},"img":{"alt_text":"Gustav vitriini kirjakaappi valkoinen 60 cm leve\u00e4","src":"https:\/\/i0.wp.com\/pohjanmaantehtaanmyymala.fi\/wp-content\/uploads\/2022\/02\/Gustav_y07-0398_Kirjakaappi60.jpg?fit=960%2C960&ssl=1&resize=350%2C200","width":350,"height":200,"srcset":"https:\/\/i0.wp.com\/pohjanmaantehtaanmyymala.fi\/wp-content\/uploads\/2022\/02\/Gustav_y07-0398_Kirjakaappi60.jpg?fit=960%2C960&ssl=1&resize=350%2C200 1x, https:\/\/i0.wp.com\/pohjanmaantehtaanmyymala.fi\/wp-content\/uploads\/2022\/02\/Gustav_y07-0398_Kirjakaappi60.jpg?fit=960%2C960&ssl=1&resize=525%2C300 1.5x, https:\/\/i0.wp.com\/pohjanmaantehtaanmyymala.fi\/wp-content\/uploads\/2022\/02\/Gustav_y07-0398_Kirjakaappi60.jpg?fit=960%2C960&ssl=1&resize=700%2C400 2x"},"classes":[]},{"id":10720,"url":"https:\/\/pohjanmaantehtaanmyymala.fi\/en\/tuote\/gustav-hyllylevy-60\/","url_meta":{"origin":10712,"position":5},"title":"GUSTAV Hyllylevy 60","author":"petri","date":"September 14, 2019","format":false,"excerpt":"Gustav -Lis\u00e4hylly 60 cm leve\u00e4. Sopii Gustav-avohyllyyn tai kirjakaappiin. \u00a0 Kotimainen tuote ByNiemi.","rel":"","context":"Similar post","block_context":{"text":"Similar post","link":""},"img":{"alt_text":"","src":"https:\/\/i0.wp.com\/pohjanmaantehtaanmyymala.fi\/wp-content\/uploads\/2019\/09\/Gustav_y07-0372_Hyllylevy60.jpg?fit=960%2C960&ssl=1&resize=350%2C200","width":350,"height":200,"srcset":"https:\/\/i0.wp.com\/pohjanmaantehtaanmyymala.fi\/wp-content\/uploads\/2019\/09\/Gustav_y07-0372_Hyllylevy60.jpg?fit=960%2C960&ssl=1&resize=350%2C200 1x, https:\/\/i0.wp.com\/pohjanmaantehtaanmyymala.fi\/wp-content\/uploads\/2019\/09\/Gustav_y07-0372_Hyllylevy60.jpg?fit=960%2C960&ssl=1&resize=525%2C300 1.5x, https:\/\/i0.wp.com\/pohjanmaantehtaanmyymala.fi\/wp-content\/uploads\/2019\/09\/Gustav_y07-0372_Hyllylevy60.jpg?fit=960%2C960&ssl=1&resize=700%2C400 2x"},"classes":[]}],"_links":{"self":[{"href":"https:\/\/pohjanmaantehtaanmyymala.fi\/en\/wp-json\/wp\/v2\/product\/10712","targetHints":{"allow":["GET"]}}],"collection":[{"href":"https:\/\/pohjanmaantehtaanmyymala.fi\/en\/wp-json\/wp\/v2\/product"}],"about":[{"href":"https:\/\/pohjanmaantehtaanmyymala.fi\/en\/wp-json\/wp\/v2\/types\/product"}],"replies":[{"embeddable":true,"href":"https:\/\/pohjanmaantehtaanmyymala.fi\/en\/wp-json\/wp\/v2\/comments?post=10712"}],"wp:featuredmedia":[{"embeddable":true,"href":"https:\/\/pohjanmaantehtaanmyymala.fi\/en\/wp-json\/wp\/v2\/media\/10713"}],"wp:attachment":[{"href":"https:\/\/pohjanmaantehtaanmyymala.fi\/en\/wp-json\/wp\/v2\/media?parent=10712"}],"wp:term":[{"taxonomy":"product_brand","embeddable":true,"href":"https:\/\/pohjanmaantehtaanmyymala.fi\/en\/wp-json\/wp\/v2\/product_brand?post=10712"},{"taxonomy":"product_cat","embeddable":true,"href":"https:\/\/pohjanmaantehtaanmyymala.fi\/en\/wp-json\/wp\/v2\/product_cat?post=10712"},{"taxonomy":"product_tag","embeddable":true,"href":"https:\/\/pohjanmaantehtaanmyymala.fi\/en\/wp-json\/wp\/v2\/product_tag?post=10712"}],"curies":[{"name":"wp","href":"https:\/\/api.w.org\/{rel}","templated":true}]}}