{"id":10710,"date":"2019-09-14T09:49:40","date_gmt":"2019-09-14T07:49:40","guid":{"rendered":"https:\/\/pohjanmaantehtaanmyymala.fi\/tuote\/gustav-kansilevy-120\/"},"modified":"2024-04-13T12:58:15","modified_gmt":"2024-04-13T10:58:15","slug":"gustav-kansilevy-120","status":"publish","type":"product","link":"https:\/\/pohjanmaantehtaanmyymala.fi\/en\/tuote\/gustav-kansilevy-120\/","title":{"rendered":"GUSTAV Kansilevy 120"},"content":{"rendered":"<p>Kansi Gustav -sarjaan. Tuotteet ovat saatavilla vain valkoisina.<\/p>\n<p>Kansi k\u00e4y <a href=\"https:\/\/pohjanmaantehtaanmyymala.fi\/tuote\/gustav-lasivitriini-valaisimilla-120\/\">vitriiniin<\/a>, <a href=\"https:\/\/pohjanmaantehtaanmyymala.fi\/tuote\/gustav-kirjakaappi\/\">kirjakaappiin<\/a> ja <a href=\"https:\/\/pohjanmaantehtaanmyymala.fi\/tuote\/gustav-lipasto-umpiovilla-120\/\">umpiovilipastoon<\/a> sek\u00e4 <a href=\"https:\/\/pohjanmaantehtaanmyymala.fi\/tuote\/gustav-lipasto-lasiovilla-120\/\">lasiovilipastoon.<\/a><\/p>\n<p>Kotimainen ByNiemi.<\/p>\n","protected":false},"excerpt":{"rendered":"<p>Kansi Gustav -sarjaan. Tuotteet ovat saatavilla vain valkoisina. Kansi k\u00e4y vitriiniin, kirjakaappiin ja umpiovilipastoon sek\u00e4 lasiovilipastoon. Kotimainen ByNiemi.<\/p>\n","protected":false},"featured_media":10711,"comment_status":"closed","ping_status":"closed","template":"","meta":{"_acf_changed":false,"jetpack_post_was_ever_published":false,"jetpack_publicize_message":"","jetpack_publicize_feature_enabled":true,"jetpack_social_post_already_shared":true,"jetpack_social_options":{"image_generator_settings":{"template":"highway","default_image_id":0,"font":"","enabled":false},"version":2}},"product_brand":[177],"product_cat":[196],"product_tag":[],"class_list":{"0":"post-10710","1":"product","2":"type-product","3":"status-publish","4":"has-post-thumbnail","6":"product_brand-byniemi","7":"product_cat-sailytyskalusteet-ja-tv-tasot","8":"product_shipping_class-161","10":"first","11":"instock","12":"purchasable","13":"product-type-simple"},"acf":[],"jetpack_publicize_connections":[],"jetpack_sharing_enabled":true,"jetpack-related-posts":[{"id":10712,"url":"https:\/\/pohjanmaantehtaanmyymala.fi\/en\/tuote\/gustav-kansilevy-60\/","url_meta":{"origin":10710,"position":0},"title":"GUSTAV Kansilevy 60","author":"petri","date":"September 14, 2019","format":false,"excerpt":"Kansi Gustav -sarjaan. Tuotteet ovat saatavilla vain valkoisina.Kotimainen ByNiemi.","rel":"","context":"Similar post","block_context":{"text":"Similar post","link":""},"img":{"alt_text":"","src":"https:\/\/i0.wp.com\/pohjanmaantehtaanmyymala.fi\/wp-content\/uploads\/2019\/09\/Gustav_y07-0373_Kansilevy60.jpg?fit=960%2C960&ssl=1&resize=350%2C200","width":350,"height":200,"srcset":"https:\/\/i0.wp.com\/pohjanmaantehtaanmyymala.fi\/wp-content\/uploads\/2019\/09\/Gustav_y07-0373_Kansilevy60.jpg?fit=960%2C960&ssl=1&resize=350%2C200 1x, https:\/\/i0.wp.com\/pohjanmaantehtaanmyymala.fi\/wp-content\/uploads\/2019\/09\/Gustav_y07-0373_Kansilevy60.jpg?fit=960%2C960&ssl=1&resize=525%2C300 1.5x, https:\/\/i0.wp.com\/pohjanmaantehtaanmyymala.fi\/wp-content\/uploads\/2019\/09\/Gustav_y07-0373_Kansilevy60.jpg?fit=960%2C960&ssl=1&resize=700%2C400 2x"},"classes":[]},{"id":10767,"url":"https:\/\/pohjanmaantehtaanmyymala.fi\/en\/tuote\/gustav-lipasto-umpiovilla-120\/","url_meta":{"origin":10710,"position":1},"title":"GUSTAV Lipasto umpiovilla 120","author":"petri","date":"September 14, 2019","format":false,"excerpt":"Kotimainen Gustav lipasto umpiovilla sopii romanttiseen sisustukseen. Lipastossa ovat liukuovet ja laatikot, jotka pit\u00e4v\u00e4t kodin tavarat ja muut esineet katseilta suojassa, mutta helposti k\u00e4den ulottuvilla. Lipasto voidaan sijoittaa kapeallekin k\u00e4yt\u00e4v\u00e4lle, sill\u00e4 liukuovien aukeamiseen ei tarvita ylim\u00e4\u00e4r\u00e4ist\u00e4 tilaa. Lipaston runko, hyllyt ja laatikostot on valmistettu maalatusta valkoisesta mdf-levyst\u00e4. Koristelistat ovat massiivipuuta.\u2026","rel":"","context":"Similar post","block_context":{"text":"Similar post","link":""},"img":{"alt_text":"","src":"https:\/\/i0.wp.com\/pohjanmaantehtaanmyymala.fi\/wp-content\/uploads\/2019\/09\/Gustav_y07-0354_Lipasto.jpg?fit=960%2C960&ssl=1&resize=350%2C200","width":350,"height":200,"srcset":"https:\/\/i0.wp.com\/pohjanmaantehtaanmyymala.fi\/wp-content\/uploads\/2019\/09\/Gustav_y07-0354_Lipasto.jpg?fit=960%2C960&ssl=1&resize=350%2C200 1x, https:\/\/i0.wp.com\/pohjanmaantehtaanmyymala.fi\/wp-content\/uploads\/2019\/09\/Gustav_y07-0354_Lipasto.jpg?fit=960%2C960&ssl=1&resize=525%2C300 1.5x, https:\/\/i0.wp.com\/pohjanmaantehtaanmyymala.fi\/wp-content\/uploads\/2019\/09\/Gustav_y07-0354_Lipasto.jpg?fit=960%2C960&ssl=1&resize=700%2C400 2x"},"classes":[]},{"id":10765,"url":"https:\/\/pohjanmaantehtaanmyymala.fi\/en\/tuote\/gustav-lipasto-lasiovilla-120\/","url_meta":{"origin":10710,"position":2},"title":"GUSTAV Lipasto lasiovilla 120","author":"petri","date":"September 14, 2019","format":false,"excerpt":"Kotimainen Gustav lipasto lasiovilla on kauniin valkoinen. Lipastossa ovat liukuovet ja kolme laatikkoa, jotka pit\u00e4v\u00e4t kodin tavarat ja muut esineet p\u00f6lylt\u00e4 suojassa, mutta helposti k\u00e4den ulottuvilla. Lipasto voidaan sijoittaa kapeallekin k\u00e4yt\u00e4v\u00e4lle, sill\u00e4 liukuovien aukeamiseen ei tarvita ylim\u00e4\u00e4r\u00e4ist\u00e4 tilaa. Lipaston runko, hyllyt ja laatikostot on valmistettu maalatusta valkoisesta mdf-levyst\u00e4. Liukuovien lasit\u2026","rel":"","context":"Similar post","block_context":{"text":"Similar post","link":""},"img":{"alt_text":"","src":"https:\/\/i0.wp.com\/pohjanmaantehtaanmyymala.fi\/wp-content\/uploads\/2019\/09\/Gustav_y07-0321_Lipasto.jpg?fit=960%2C960&ssl=1&resize=350%2C200","width":350,"height":200,"srcset":"https:\/\/i0.wp.com\/pohjanmaantehtaanmyymala.fi\/wp-content\/uploads\/2019\/09\/Gustav_y07-0321_Lipasto.jpg?fit=960%2C960&ssl=1&resize=350%2C200 1x, https:\/\/i0.wp.com\/pohjanmaantehtaanmyymala.fi\/wp-content\/uploads\/2019\/09\/Gustav_y07-0321_Lipasto.jpg?fit=960%2C960&ssl=1&resize=525%2C300 1.5x, https:\/\/i0.wp.com\/pohjanmaantehtaanmyymala.fi\/wp-content\/uploads\/2019\/09\/Gustav_y07-0321_Lipasto.jpg?fit=960%2C960&ssl=1&resize=700%2C400 2x"},"classes":[]},{"id":10720,"url":"https:\/\/pohjanmaantehtaanmyymala.fi\/en\/tuote\/gustav-hyllylevy-60\/","url_meta":{"origin":10710,"position":3},"title":"GUSTAV Hyllylevy 60","author":"petri","date":"September 14, 2019","format":false,"excerpt":"Gustav -Lis\u00e4hylly 60 cm leve\u00e4. Sopii Gustav-avohyllyyn tai kirjakaappiin. \u00a0 Kotimainen tuote ByNiemi.","rel":"","context":"Similar post","block_context":{"text":"Similar post","link":""},"img":{"alt_text":"","src":"https:\/\/i0.wp.com\/pohjanmaantehtaanmyymala.fi\/wp-content\/uploads\/2019\/09\/Gustav_y07-0372_Hyllylevy60.jpg?fit=960%2C960&ssl=1&resize=350%2C200","width":350,"height":200,"srcset":"https:\/\/i0.wp.com\/pohjanmaantehtaanmyymala.fi\/wp-content\/uploads\/2019\/09\/Gustav_y07-0372_Hyllylevy60.jpg?fit=960%2C960&ssl=1&resize=350%2C200 1x, https:\/\/i0.wp.com\/pohjanmaantehtaanmyymala.fi\/wp-content\/uploads\/2019\/09\/Gustav_y07-0372_Hyllylevy60.jpg?fit=960%2C960&ssl=1&resize=525%2C300 1.5x, https:\/\/i0.wp.com\/pohjanmaantehtaanmyymala.fi\/wp-content\/uploads\/2019\/09\/Gustav_y07-0372_Hyllylevy60.jpg?fit=960%2C960&ssl=1&resize=700%2C400 2x"},"classes":[]},{"id":10718,"url":"https:\/\/pohjanmaantehtaanmyymala.fi\/en\/tuote\/gustav-hyllylevy-120\/","url_meta":{"origin":10710,"position":4},"title":"GUSTAV Hyllylevy 120","author":"petri","date":"September 14, 2019","format":false,"excerpt":"Gustav -Lis\u00e4hylly 120 cm leve\u00e4.Kotimainen tuote ByNiemi.","rel":"","context":"Similar post","block_context":{"text":"Similar post","link":""},"img":{"alt_text":"","src":"https:\/\/i0.wp.com\/pohjanmaantehtaanmyymala.fi\/wp-content\/uploads\/2019\/09\/Gustav_y07-0388_Hyllylevy120.jpg?fit=960%2C960&ssl=1&resize=350%2C200","width":350,"height":200,"srcset":"https:\/\/i0.wp.com\/pohjanmaantehtaanmyymala.fi\/wp-content\/uploads\/2019\/09\/Gustav_y07-0388_Hyllylevy120.jpg?fit=960%2C960&ssl=1&resize=350%2C200 1x, https:\/\/i0.wp.com\/pohjanmaantehtaanmyymala.fi\/wp-content\/uploads\/2019\/09\/Gustav_y07-0388_Hyllylevy120.jpg?fit=960%2C960&ssl=1&resize=525%2C300 1.5x, https:\/\/i0.wp.com\/pohjanmaantehtaanmyymala.fi\/wp-content\/uploads\/2019\/09\/Gustav_y07-0388_Hyllylevy120.jpg?fit=960%2C960&ssl=1&resize=700%2C400 2x"},"classes":[]},{"id":10714,"url":"https:\/\/pohjanmaantehtaanmyymala.fi\/en\/tuote\/gustav-kirjakoroke-120\/","url_meta":{"origin":10710,"position":5},"title":"GUSTAV Kirjakoroke 120","author":"petri","date":"September 14, 2019","format":false,"excerpt":"Lis\u00e4varuste 120 cm leve\u00e4\u00e4n Gustav \u2013vitriiniin. Kirjakoreke on saatavilla vain valkoisena.Kotimainen ByNiemi.","rel":"","context":"Similar post","block_context":{"text":"Similar post","link":""},"img":{"alt_text":"","src":"https:\/\/i0.wp.com\/pohjanmaantehtaanmyymala.fi\/wp-content\/uploads\/2019\/09\/Gustav_y07-0377_Kirjakoroke120.jpg?fit=960%2C960&ssl=1&resize=350%2C200","width":350,"height":200,"srcset":"https:\/\/i0.wp.com\/pohjanmaantehtaanmyymala.fi\/wp-content\/uploads\/2019\/09\/Gustav_y07-0377_Kirjakoroke120.jpg?fit=960%2C960&ssl=1&resize=350%2C200 1x, https:\/\/i0.wp.com\/pohjanmaantehtaanmyymala.fi\/wp-content\/uploads\/2019\/09\/Gustav_y07-0377_Kirjakoroke120.jpg?fit=960%2C960&ssl=1&resize=525%2C300 1.5x, https:\/\/i0.wp.com\/pohjanmaantehtaanmyymala.fi\/wp-content\/uploads\/2019\/09\/Gustav_y07-0377_Kirjakoroke120.jpg?fit=960%2C960&ssl=1&resize=700%2C400 2x"},"classes":[]}],"_links":{"self":[{"href":"https:\/\/pohjanmaantehtaanmyymala.fi\/en\/wp-json\/wp\/v2\/product\/10710","targetHints":{"allow":["GET"]}}],"collection":[{"href":"https:\/\/pohjanmaantehtaanmyymala.fi\/en\/wp-json\/wp\/v2\/product"}],"about":[{"href":"https:\/\/pohjanmaantehtaanmyymala.fi\/en\/wp-json\/wp\/v2\/types\/product"}],"replies":[{"embeddable":true,"href":"https:\/\/pohjanmaantehtaanmyymala.fi\/en\/wp-json\/wp\/v2\/comments?post=10710"}],"wp:featuredmedia":[{"embeddable":true,"href":"https:\/\/pohjanmaantehtaanmyymala.fi\/en\/wp-json\/wp\/v2\/media\/10711"}],"wp:attachment":[{"href":"https:\/\/pohjanmaantehtaanmyymala.fi\/en\/wp-json\/wp\/v2\/media?parent=10710"}],"wp:term":[{"taxonomy":"product_brand","embeddable":true,"href":"https:\/\/pohjanmaantehtaanmyymala.fi\/en\/wp-json\/wp\/v2\/product_brand?post=10710"},{"taxonomy":"product_cat","embeddable":true,"href":"https:\/\/pohjanmaantehtaanmyymala.fi\/en\/wp-json\/wp\/v2\/product_cat?post=10710"},{"taxonomy":"product_tag","embeddable":true,"href":"https:\/\/pohjanmaantehtaanmyymala.fi\/en\/wp-json\/wp\/v2\/product_tag?post=10710"}],"curies":[{"name":"wp","href":"https:\/\/api.w.org\/{rel}","templated":true}]}}