{"id":10706,"date":"2019-09-14T09:49:31","date_gmt":"2019-09-14T07:49:31","guid":{"rendered":"https:\/\/pohjanmaantehtaanmyymala.fi\/tuote\/taiga-vitriinit\/"},"modified":"2025-06-30T15:15:34","modified_gmt":"2025-06-30T13:15:34","slug":"taiga-vitriinit","status":"publish","type":"product","link":"https:\/\/pohjanmaantehtaanmyymala.fi\/en\/tuote\/taiga-vitriinit\/","title":{"rendered":"Hiipakka TAIGA -vitriini"},"content":{"rendered":"<p>Kotimaiset Taiga vitriinit valmistetaan Hiipakan Tehtailla Jurvassa. Korkean jalan vuoksi vitriinit ovat ajanhenkisi\u00e4 ja sopivat tavallisen kodin huonekaluiksi. Taiga vitriininrungot ovat 18mm kalustelevy\u00e4. Oven karmit ja laatikon etusarjat ovat maalattua MDF-levy\u00e4.<\/p>\n<p>Taiga vitriinin rungon v\u00e4ri on valkoinen.<br \/>\nKannen ja pohjalevyn v\u00e4riksi voit valita valkoisen, tai hopeajalavan.<br \/>\nLasiosat kirkkaalla- tai maitolasilla.<\/p>\n<p>Muista ilmoittaa ovien k\u00e4tisyys<\/p>\n<p>Toimitetaan valmiiksi kasattuna.<\/p>\n","protected":false},"excerpt":{"rendered":"<p>Jurvassa valmistettu tyylik\u00e4s lasivitriini valmiiksi kasattuna.<\/p>\n","protected":false},"featured_media":8897,"comment_status":"closed","ping_status":"closed","template":"","meta":{"_acf_changed":false,"jetpack_post_was_ever_published":false,"jetpack_publicize_message":"","jetpack_publicize_feature_enabled":true,"jetpack_social_post_already_shared":true,"jetpack_social_options":{"image_generator_settings":{"template":"highway","default_image_id":0,"font":"","enabled":false},"version":2}},"product_brand":[172],"product_cat":[196],"product_tag":[],"class_list":{"0":"post-10706","1":"product","2":"type-product","3":"status-publish","4":"has-post-thumbnail","6":"product_brand-hiipakka","7":"product_cat-sailytyskalusteet-ja-tv-tasot","8":"product_shipping_class-161","9":"pa_malli-etsattu-lasi","10":"pa_malli-kirkas-lasi","11":"pa_vari-hopea-valkoinen","12":"pa_vari-valkoinen","14":"first","15":"instock","16":"sale","17":"purchasable","18":"product-type-variable","19":"has-default-attributes"},"acf":[],"jetpack_publicize_connections":[],"jetpack_sharing_enabled":true,"jetpack-related-posts":[{"id":10632,"url":"https:\/\/pohjanmaantehtaanmyymala.fi\/en\/tuote\/anton-taiga-vitriinin-valaisin\/","url_meta":{"origin":10706,"position":0},"title":"ANTON vitriinin Led-valosarja","author":"petri","date":"September 14, 2019","format":false,"excerpt":"LED-valosarja, joka sopii kaksioviseen Anton ja Niklas lasivitriiniin. Valosarja asennetaan valmiiksi vitriiniin, jos valosarja tilataan vitriinin kanssa samalla tilauksella. Sis\u00e4lt\u00e4\u00e4 2 kappaletta Led-valoja ja muuntajan. Vitriini myyd\u00e4\u00e4n erikseen!","rel":"","context":"Similar post","block_context":{"text":"Similar post","link":""},"img":{"alt_text":"","src":"https:\/\/i0.wp.com\/pohjanmaantehtaanmyymala.fi\/wp-content\/uploads\/2019\/09\/AntonTaigaVitriiniValaisin.jpg?fit=960%2C960&ssl=1&resize=350%2C200","width":350,"height":200,"srcset":"https:\/\/i0.wp.com\/pohjanmaantehtaanmyymala.fi\/wp-content\/uploads\/2019\/09\/AntonTaigaVitriiniValaisin.jpg?fit=960%2C960&ssl=1&resize=350%2C200 1x, https:\/\/i0.wp.com\/pohjanmaantehtaanmyymala.fi\/wp-content\/uploads\/2019\/09\/AntonTaigaVitriiniValaisin.jpg?fit=960%2C960&ssl=1&resize=525%2C300 1.5x, https:\/\/i0.wp.com\/pohjanmaantehtaanmyymala.fi\/wp-content\/uploads\/2019\/09\/AntonTaigaVitriiniValaisin.jpg?fit=960%2C960&ssl=1&resize=700%2C400 2x"},"classes":[]},{"id":10638,"url":"https:\/\/pohjanmaantehtaanmyymala.fi\/en\/tuote\/taiga-taso-2-ovea-134cm-2-10\/","url_meta":{"origin":10706,"position":1},"title":"TAIGA 2.10 TV-Taso ovilla","author":"petri","date":"September 14, 2019","format":false,"excerpt":"Suosittu Hiipakan Taiga-taso umpiovilla.","rel":"","context":"Similar post","block_context":{"text":"Similar post","link":""},"img":{"alt_text":"Taiga 2.1 tv-taso ovilla valkoinen","src":"https:\/\/i0.wp.com\/pohjanmaantehtaanmyymala.fi\/wp-content\/uploads\/2019\/09\/Taiga0471.jpg?fit=960%2C960&ssl=1&resize=350%2C200","width":350,"height":200,"srcset":"https:\/\/i0.wp.com\/pohjanmaantehtaanmyymala.fi\/wp-content\/uploads\/2019\/09\/Taiga0471.jpg?fit=960%2C960&ssl=1&resize=350%2C200 1x, https:\/\/i0.wp.com\/pohjanmaantehtaanmyymala.fi\/wp-content\/uploads\/2019\/09\/Taiga0471.jpg?fit=960%2C960&ssl=1&resize=525%2C300 1.5x, https:\/\/i0.wp.com\/pohjanmaantehtaanmyymala.fi\/wp-content\/uploads\/2019\/09\/Taiga0471.jpg?fit=960%2C960&ssl=1&resize=700%2C400 2x"},"classes":[]},{"id":10643,"url":"https:\/\/pohjanmaantehtaanmyymala.fi\/en\/tuote\/taiga-taso-matala-3-ovea-201cm-3-24\/","url_meta":{"origin":10706,"position":2},"title":"TAIGA 3.24 TV-taso leveys 201cm","author":"petri","date":"September 14, 2019","format":false,"excerpt":"Hiipakka Taiga tv-taso 3-ovella","rel":"","context":"Similar post","block_context":{"text":"Similar post","link":""},"img":{"alt_text":"Hiipakka Taiga tv-taso 3-ovella leveys 201 cm valkoinen runko ja hopeajalava kansi","src":"https:\/\/i0.wp.com\/pohjanmaantehtaanmyymala.fi\/wp-content\/uploads\/2019\/09\/Taiga049.jpg?fit=960%2C960&ssl=1&resize=350%2C200","width":350,"height":200,"srcset":"https:\/\/i0.wp.com\/pohjanmaantehtaanmyymala.fi\/wp-content\/uploads\/2019\/09\/Taiga049.jpg?fit=960%2C960&ssl=1&resize=350%2C200 1x, https:\/\/i0.wp.com\/pohjanmaantehtaanmyymala.fi\/wp-content\/uploads\/2019\/09\/Taiga049.jpg?fit=960%2C960&ssl=1&resize=525%2C300 1.5x, https:\/\/i0.wp.com\/pohjanmaantehtaanmyymala.fi\/wp-content\/uploads\/2019\/09\/Taiga049.jpg?fit=960%2C960&ssl=1&resize=700%2C400 2x"},"classes":[]},{"id":10639,"url":"https:\/\/pohjanmaantehtaanmyymala.fi\/en\/tuote\/taiga-taso-4-laatikkoa-134cm-2-8\/","url_meta":{"origin":10706,"position":3},"title":"TAIGA 2.8 TV-Taso leveys 134 cm","author":"petri","date":"September 14, 2019","format":false,"excerpt":"Kotimaisessa Hiipakan Taiga TV-taso 4-laatikolla, joissa on push to open-mekanismit.\u00a0 Eli painamalla laatikkoa se ponnahtaa auki. T\u00e4m\u00e4 Taiga-tv-taso soveltuu tv:n alustaksi tai senkiksi. Taiga sopii kodin kaikkiin kuiviin tiloihin erilaisiin k\u00e4ytt\u00f6tarkoituksiin. Taiga-tuotesarjaa on saatavilla kolmessa eri v\u00e4riss\u00e4: kokonaan valkoinen javalkoinen\/hopeajalava. Tuotetiedot: Runko: 18mm kalustelevy. Etusarjat: Maalattua mdf-levy\u00e4 (ovet ja laatikot)\u2026","rel":"","context":"Similar post","block_context":{"text":"Similar post","link":""},"img":{"alt_text":"Hiipakka Taiga tv-taso nelj\u00e4ll\u00e4 laatikolla valkoinen","src":"https:\/\/i0.wp.com\/pohjanmaantehtaanmyymala.fi\/wp-content\/uploads\/2019\/09\/Taiga004-1.jpg?fit=960%2C960&ssl=1&resize=350%2C200","width":350,"height":200,"srcset":"https:\/\/i0.wp.com\/pohjanmaantehtaanmyymala.fi\/wp-content\/uploads\/2019\/09\/Taiga004-1.jpg?fit=960%2C960&ssl=1&resize=350%2C200 1x, https:\/\/i0.wp.com\/pohjanmaantehtaanmyymala.fi\/wp-content\/uploads\/2019\/09\/Taiga004-1.jpg?fit=960%2C960&ssl=1&resize=525%2C300 1.5x, https:\/\/i0.wp.com\/pohjanmaantehtaanmyymala.fi\/wp-content\/uploads\/2019\/09\/Taiga004-1.jpg?fit=960%2C960&ssl=1&resize=700%2C400 2x"},"classes":[]},{"id":10644,"url":"https:\/\/pohjanmaantehtaanmyymala.fi\/en\/tuote\/taiga-taso-matala-6-laatikkoa-201cm-3-8\/","url_meta":{"origin":10706,"position":4},"title":"TAIGA 3.8 tv-taso leveys 201cm","author":"petri","date":"September 14, 2019","format":false,"excerpt":"Hiipakan Taiga TV-tasossa on kuusi laatikkoa. Ne toimivat push-open ponnahdusmekanismilla, eli painamalla sit\u00e4 se ponnahtaa auki. T\u00e4m\u00e4 Taiga-taso soveltuu tv:n alustaksi tai senkiksi. Taiga sopii kodin kaikkiin kuiviin tiloihin erilaisiin k\u00e4ytt\u00f6tarkoituksiin. Taiga-tuotesarjaa on saatavilla kolmessa eri v\u00e4riss\u00e4: kokonaan valkoinen ja valkoinen\/hopeajalava. Tuotetiedot: Runko: 18mm kalustelevy. Etusarjat: Maalattua mdf-levy\u00e4 (ovet ja\u2026","rel":"","context":"Similar post","block_context":{"text":"Similar post","link":""},"img":{"alt_text":"Hiipakan Taiga tv-taso 6-laatikolla leveys 201 cm valkoinen","src":"https:\/\/i0.wp.com\/pohjanmaantehtaanmyymala.fi\/wp-content\/uploads\/2019\/09\/Taiga037.jpg?fit=960%2C960&ssl=1&resize=350%2C200","width":350,"height":200,"srcset":"https:\/\/i0.wp.com\/pohjanmaantehtaanmyymala.fi\/wp-content\/uploads\/2019\/09\/Taiga037.jpg?fit=960%2C960&ssl=1&resize=350%2C200 1x, https:\/\/i0.wp.com\/pohjanmaantehtaanmyymala.fi\/wp-content\/uploads\/2019\/09\/Taiga037.jpg?fit=960%2C960&ssl=1&resize=525%2C300 1.5x, https:\/\/i0.wp.com\/pohjanmaantehtaanmyymala.fi\/wp-content\/uploads\/2019\/09\/Taiga037.jpg?fit=960%2C960&ssl=1&resize=700%2C400 2x"},"classes":[]},{"id":10641,"url":"https:\/\/pohjanmaantehtaanmyymala.fi\/en\/tuote\/taiga-taso-korkea-3-ovea-201cm-4-16\/","url_meta":{"origin":10706,"position":5},"title":"TAIGA 4.16 senkki leveys 201cm","author":"petri","date":"September 14, 2019","format":false,"excerpt":"Tilava s\u00e4ilytysratkaisu kotiisi.","rel":"","context":"Similar post","block_context":{"text":"Similar post","link":""},"img":{"alt_text":"Hiipakka Taiga tv-taso 3-ovella leveys 201 cm valkoinen","src":"https:\/\/i0.wp.com\/pohjanmaantehtaanmyymala.fi\/wp-content\/uploads\/2019\/09\/Taiga066.jpg?fit=960%2C960&ssl=1&resize=350%2C200","width":350,"height":200,"srcset":"https:\/\/i0.wp.com\/pohjanmaantehtaanmyymala.fi\/wp-content\/uploads\/2019\/09\/Taiga066.jpg?fit=960%2C960&ssl=1&resize=350%2C200 1x, https:\/\/i0.wp.com\/pohjanmaantehtaanmyymala.fi\/wp-content\/uploads\/2019\/09\/Taiga066.jpg?fit=960%2C960&ssl=1&resize=525%2C300 1.5x, https:\/\/i0.wp.com\/pohjanmaantehtaanmyymala.fi\/wp-content\/uploads\/2019\/09\/Taiga066.jpg?fit=960%2C960&ssl=1&resize=700%2C400 2x"},"classes":[]}],"_links":{"self":[{"href":"https:\/\/pohjanmaantehtaanmyymala.fi\/en\/wp-json\/wp\/v2\/product\/10706","targetHints":{"allow":["GET"]}}],"collection":[{"href":"https:\/\/pohjanmaantehtaanmyymala.fi\/en\/wp-json\/wp\/v2\/product"}],"about":[{"href":"https:\/\/pohjanmaantehtaanmyymala.fi\/en\/wp-json\/wp\/v2\/types\/product"}],"replies":[{"embeddable":true,"href":"https:\/\/pohjanmaantehtaanmyymala.fi\/en\/wp-json\/wp\/v2\/comments?post=10706"}],"wp:featuredmedia":[{"embeddable":true,"href":"https:\/\/pohjanmaantehtaanmyymala.fi\/en\/wp-json\/wp\/v2\/media\/8897"}],"wp:attachment":[{"href":"https:\/\/pohjanmaantehtaanmyymala.fi\/en\/wp-json\/wp\/v2\/media?parent=10706"}],"wp:term":[{"taxonomy":"product_brand","embeddable":true,"href":"https:\/\/pohjanmaantehtaanmyymala.fi\/en\/wp-json\/wp\/v2\/product_brand?post=10706"},{"taxonomy":"product_cat","embeddable":true,"href":"https:\/\/pohjanmaantehtaanmyymala.fi\/en\/wp-json\/wp\/v2\/product_cat?post=10706"},{"taxonomy":"product_tag","embeddable":true,"href":"https:\/\/pohjanmaantehtaanmyymala.fi\/en\/wp-json\/wp\/v2\/product_tag?post=10706"}],"curies":[{"name":"wp","href":"https:\/\/api.w.org\/{rel}","templated":true}]}}