{"id":10685,"date":"2019-09-14T09:48:44","date_gmt":"2019-09-14T07:48:44","guid":{"rendered":"https:\/\/pohjanmaantehtaanmyymala.fi\/tuote\/taiga-lipasto-6-laatikkoa-134cm-5-8\/"},"modified":"2024-05-06T16:40:13","modified_gmt":"2024-05-06T14:40:13","slug":"taiga-lipasto-6-laatikkoa-134cm-5-8","status":"publish","type":"product","link":"https:\/\/pohjanmaantehtaanmyymala.fi\/en\/tuote\/taiga-lipasto-6-laatikkoa-134cm-5-8\/","title":{"rendered":"TAIGA 5.8 Lipasto 6 laatikkoa"},"content":{"rendered":"<p>Hiipakan valmistama tilava Taiga-lipasto, jossa on helppok\u00e4ytt\u00f6iset push-to-open laatikot. T\u00e4m\u00e4 iso valkoinen laatikosto on j\u00e4rkivalinta kotiisi, koska s\u00e4ilytystilaa aina tarvitaan. Kotimainen Taiga-lipasto toimitetaan valmiiksi koottuna jalat irrallaan. Joten lipaston k\u00e4ytt\u00f6\u00f6notto ei vaadi isoja kasaustoimenpiteit\u00e4.<\/p>\n<p>Taiga-sarjan kalusteiden v\u00e4rit ovat kokovalkoinen ja -musta sek\u00e4 yhdistelm\u00e4, jossa runko, laatikon etusarjat ja ovet ovat valkoiset ja kansi- ja pohjalevy on hopean harmaa.<\/p>\n<p>Lipastoon on saatavana lis\u00e4varusteena lasikansi.<\/p>\n<h3>Tuotetiedot:<\/h3>\n<p>Runko: 18 mm:n MCF-kalustelevy.<br \/>\nEtusarjat: Valkoisessa maalattua mdf-levy\u00e4 (ovet ja laatikot) ja mustassa 18 mm:n MCF-kalustelevy.<br \/>\nVetimett\u00f6miss\u00e4 laatikoissa kest\u00e4v\u00e4t push-to-open mekanismit.<br \/>\nJalat: Maalattu koivu.<\/p>\n<p>Mitat:<br \/>\nL 134 cm<br \/>\nK 79 cm<br \/>\nS 45 cm<\/p>\n<p>Toimitetaan valmiiksi kasattuna, vain jalat ovat irrallaan.<\/p>\n","protected":false},"excerpt":{"rendered":"<p>Hiipakan valmistama tilava Taiga-lipasto, jossa on helppok\u00e4ytt\u00f6iset push-to-open laatikot. T\u00e4m\u00e4 iso valkoinen laatikosto on j\u00e4rkivalinta kotiisi, koska s\u00e4ilytystilaa aina tarvitaan. Kotimainen Taiga-lipasto toimitetaan valmiiksi koottuna jalat irrallaan. Joten lipaston k\u00e4ytt\u00f6\u00f6notto ei vaadi isoja kasaustoimenpiteit\u00e4. Taiga-sarjan kalusteiden v\u00e4rit ovat kokovalkoinen ja -musta sek\u00e4 yhdistelm\u00e4, jossa runko, laatikon etusarjat ja ovet ovat valkoiset ja kansi- ja pohjalevy [&hellip;]<\/p>\n","protected":false},"featured_media":13339,"comment_status":"closed","ping_status":"closed","template":"","meta":{"_acf_changed":false,"jetpack_post_was_ever_published":false,"jetpack_publicize_message":"","jetpack_publicize_feature_enabled":true,"jetpack_social_post_already_shared":true,"jetpack_social_options":{"image_generator_settings":{"template":"highway","default_image_id":0,"font":"","enabled":false},"version":2}},"product_brand":[172],"product_cat":[196],"product_tag":[],"class_list":{"0":"post-10685","1":"product","2":"type-product","3":"status-publish","4":"has-post-thumbnail","6":"product_brand-hiipakka","7":"product_cat-sailytyskalusteet-ja-tv-tasot","8":"product_shipping_class-161","9":"pa_vari-hopea-valkoinen","10":"pa_vari-mustajalava","11":"pa_vari-valkoinen","13":"first","14":"instock","15":"sale","16":"purchasable","17":"product-type-variable"},"acf":[],"jetpack_publicize_connections":[],"jetpack_sharing_enabled":true,"jetpack-related-posts":[],"_links":{"self":[{"href":"https:\/\/pohjanmaantehtaanmyymala.fi\/en\/wp-json\/wp\/v2\/product\/10685","targetHints":{"allow":["GET"]}}],"collection":[{"href":"https:\/\/pohjanmaantehtaanmyymala.fi\/en\/wp-json\/wp\/v2\/product"}],"about":[{"href":"https:\/\/pohjanmaantehtaanmyymala.fi\/en\/wp-json\/wp\/v2\/types\/product"}],"replies":[{"embeddable":true,"href":"https:\/\/pohjanmaantehtaanmyymala.fi\/en\/wp-json\/wp\/v2\/comments?post=10685"}],"wp:featuredmedia":[{"embeddable":true,"href":"https:\/\/pohjanmaantehtaanmyymala.fi\/en\/wp-json\/wp\/v2\/media\/13339"}],"wp:attachment":[{"href":"https:\/\/pohjanmaantehtaanmyymala.fi\/en\/wp-json\/wp\/v2\/media?parent=10685"}],"wp:term":[{"taxonomy":"product_brand","embeddable":true,"href":"https:\/\/pohjanmaantehtaanmyymala.fi\/en\/wp-json\/wp\/v2\/product_brand?post=10685"},{"taxonomy":"product_cat","embeddable":true,"href":"https:\/\/pohjanmaantehtaanmyymala.fi\/en\/wp-json\/wp\/v2\/product_cat?post=10685"},{"taxonomy":"product_tag","embeddable":true,"href":"https:\/\/pohjanmaantehtaanmyymala.fi\/en\/wp-json\/wp\/v2\/product_tag?post=10685"}],"curies":[{"name":"wp","href":"https:\/\/api.w.org\/{rel}","templated":true}]}}