{"id":10681,"date":"2019-09-14T09:48:37","date_gmt":"2019-09-14T07:48:37","guid":{"rendered":"https:\/\/pohjanmaantehtaanmyymala.fi\/tuote\/taiga-lipasto-2-laatikkoa-2-ovea-134cm-7-12\/"},"modified":"2024-05-06T16:37:28","modified_gmt":"2024-05-06T14:37:28","slug":"taiga-lipasto-2-laatikkoa-2-ovea-134cm-7-12","status":"publish","type":"product","link":"https:\/\/pohjanmaantehtaanmyymala.fi\/en\/tuote\/taiga-lipasto-2-laatikkoa-2-ovea-134cm-7-12\/","title":{"rendered":"TAIGA 7.12 Senkki"},"content":{"rendered":"<p>Hiipakan valmistama Taiga-senkki toimitetaan valmiiksi koottuna, purat vain paketista, kiinnit\u00e4t jalat ja lipasto on k\u00e4ytt\u00f6valmis.<\/p>\n","protected":false},"excerpt":{"rendered":"<p>Hiipakan valmistama Taiga-senkki toimitetaan valmiiksi koottuna, purat vain paketista, kiinnit\u00e4t jalat ja lipasto on k\u00e4ytt\u00f6valmis.<\/p>\n","protected":false},"featured_media":13562,"comment_status":"closed","ping_status":"closed","template":"","meta":{"_acf_changed":false,"jetpack_post_was_ever_published":false,"jetpack_publicize_message":"","jetpack_publicize_feature_enabled":true,"jetpack_social_post_already_shared":true,"jetpack_social_options":{"image_generator_settings":{"template":"highway","default_image_id":0,"font":"","enabled":false},"version":2}},"product_brand":[172],"product_cat":[196],"product_tag":[],"class_list":{"0":"post-10681","1":"product","2":"type-product","3":"status-publish","4":"has-post-thumbnail","6":"product_brand-hiipakka","7":"product_cat-sailytyskalusteet-ja-tv-tasot","8":"product_shipping_class-161","10":"first","11":"instock","12":"sale","13":"purchasable","14":"product-type-simple"},"acf":[],"jetpack_publicize_connections":[],"jetpack_sharing_enabled":true,"jetpack-related-posts":[{"id":10672,"url":"https:\/\/pohjanmaantehtaanmyymala.fi\/en\/tuote\/taiga-senkit\/","url_meta":{"origin":10681,"position":0},"title":"TAIGA 5.4 senkki 4 lattikkoa ja avohyllyt","author":"petri","date":"September 14, 2019","format":false,"excerpt":"Kotimainen Taiga-senkki\/lipasto sopii mainiosti kodin s\u00e4lilytysratkaisuksi. Laatikoissa on kest\u00e4v\u00e4t ja helppok\u00e4ytt\u00f6iset push-to-open mekanismit. Lipaston voi tilata joko kokomustana, kokovalkoisena ja valkorunkoisen\u00e4, jossa on harmaa kansi- ja pohjalevy. Hiipakan valmistama Taiga-laatikosto toimitetaan valmiiksi koottuna, purat vain paketista, kiinnit\u00e4t jalat ja lipasto on k\u00e4ytt\u00f6valmis. V\u00e4rivaihtoehdot ovat valkoinen, hopeajalava\/valkoinen ja mustajalava. Tuotetiedot: Runko:\u2026","rel":"","context":"Similar post","block_context":{"text":"Similar post","link":""},"img":{"alt_text":"","src":"https:\/\/i0.wp.com\/pohjanmaantehtaanmyymala.fi\/wp-content\/uploads\/2019\/09\/Taiga024.jpg?fit=960%2C960&ssl=1&resize=350%2C200","width":350,"height":200,"srcset":"https:\/\/i0.wp.com\/pohjanmaantehtaanmyymala.fi\/wp-content\/uploads\/2019\/09\/Taiga024.jpg?fit=960%2C960&ssl=1&resize=350%2C200 1x, https:\/\/i0.wp.com\/pohjanmaantehtaanmyymala.fi\/wp-content\/uploads\/2019\/09\/Taiga024.jpg?fit=960%2C960&ssl=1&resize=525%2C300 1.5x, https:\/\/i0.wp.com\/pohjanmaantehtaanmyymala.fi\/wp-content\/uploads\/2019\/09\/Taiga024.jpg?fit=960%2C960&ssl=1&resize=700%2C400 2x"},"classes":[]},{"id":10640,"url":"https:\/\/pohjanmaantehtaanmyymala.fi\/en\/tuote\/taiga-taso-korkea-2-ovea-3-laatikkoa-201cm-4-8\/","url_meta":{"origin":10681,"position":1},"title":"TAIGA 4.8 senkki leveys 201 cm","author":"petri","date":"September 14, 2019","format":false,"excerpt":"Kotimaisessa Hiipakan Taiga senkiss\u00e4 on kolme laatikkoa ja 2 ovea, joissa on push-open ponnahdusmekanismi.\u00a0 Eli painamalla laatikkoa tai ovea se ponnahtaa auki. T\u00e4m\u00e4 Taiga-taso soveltuu tv:n alustaksi tai senkiksi. Taiga sopii kodin kaikkiin kuiviin tiloihin erilaisiin k\u00e4ytt\u00f6tarkoituksiin. Taiga-tuotesarjaa on saatavilla kolmessa eri v\u00e4riss\u00e4: kokonaan valkoinen, valkoinen\/hopeajalava ja kokonaan mustajalava. Tuotetiedot:\u2026","rel":"","context":"Similar post","block_context":{"text":"Similar post","link":""},"img":{"alt_text":"Hiipakan Taiga senkki ovilla ja laatikoilla valkoinen runko ja hopeajalava kansi","src":"https:\/\/i0.wp.com\/pohjanmaantehtaanmyymala.fi\/wp-content\/uploads\/2019\/09\/Taiga018.jpg?fit=960%2C960&ssl=1&resize=350%2C200","width":350,"height":200,"srcset":"https:\/\/i0.wp.com\/pohjanmaantehtaanmyymala.fi\/wp-content\/uploads\/2019\/09\/Taiga018.jpg?fit=960%2C960&ssl=1&resize=350%2C200 1x, https:\/\/i0.wp.com\/pohjanmaantehtaanmyymala.fi\/wp-content\/uploads\/2019\/09\/Taiga018.jpg?fit=960%2C960&ssl=1&resize=525%2C300 1.5x, https:\/\/i0.wp.com\/pohjanmaantehtaanmyymala.fi\/wp-content\/uploads\/2019\/09\/Taiga018.jpg?fit=960%2C960&ssl=1&resize=700%2C400 2x"},"classes":[]},{"id":10641,"url":"https:\/\/pohjanmaantehtaanmyymala.fi\/en\/tuote\/taiga-taso-korkea-3-ovea-201cm-4-16\/","url_meta":{"origin":10681,"position":2},"title":"TAIGA 4.16 senkki leveys 201cm","author":"petri","date":"September 14, 2019","format":false,"excerpt":"Tilava s\u00e4ilytysratkaisu kotiisi.","rel":"","context":"Similar post","block_context":{"text":"Similar post","link":""},"img":{"alt_text":"Hiipakka Taiga tv-taso 3-ovella leveys 201 cm valkoinen","src":"https:\/\/i0.wp.com\/pohjanmaantehtaanmyymala.fi\/wp-content\/uploads\/2019\/09\/Taiga066.jpg?fit=960%2C960&ssl=1&resize=350%2C200","width":350,"height":200,"srcset":"https:\/\/i0.wp.com\/pohjanmaantehtaanmyymala.fi\/wp-content\/uploads\/2019\/09\/Taiga066.jpg?fit=960%2C960&ssl=1&resize=350%2C200 1x, https:\/\/i0.wp.com\/pohjanmaantehtaanmyymala.fi\/wp-content\/uploads\/2019\/09\/Taiga066.jpg?fit=960%2C960&ssl=1&resize=525%2C300 1.5x, https:\/\/i0.wp.com\/pohjanmaantehtaanmyymala.fi\/wp-content\/uploads\/2019\/09\/Taiga066.jpg?fit=960%2C960&ssl=1&resize=700%2C400 2x"},"classes":[]},{"id":10682,"url":"https:\/\/pohjanmaantehtaanmyymala.fi\/en\/tuote\/taiga-lipasto-2-ovea-134cm-5-10\/","url_meta":{"origin":10681,"position":3},"title":"TAIGA 5.10 kaappi 2:lla ovella","author":"petri","date":"September 14, 2019","format":false,"excerpt":"Tilava senkki tavaroiden s\u00e4ilytykseen.","rel":"","context":"Similar post","block_context":{"text":"Similar post","link":""},"img":{"alt_text":"Hiipakka Taiga kaappi 2:lla ovella","src":"https:\/\/i0.wp.com\/pohjanmaantehtaanmyymala.fi\/wp-content\/uploads\/2019\/09\/Taiga028.jpg?fit=960%2C960&ssl=1&resize=350%2C200","width":350,"height":200,"srcset":"https:\/\/i0.wp.com\/pohjanmaantehtaanmyymala.fi\/wp-content\/uploads\/2019\/09\/Taiga028.jpg?fit=960%2C960&ssl=1&resize=350%2C200 1x, https:\/\/i0.wp.com\/pohjanmaantehtaanmyymala.fi\/wp-content\/uploads\/2019\/09\/Taiga028.jpg?fit=960%2C960&ssl=1&resize=525%2C300 1.5x, https:\/\/i0.wp.com\/pohjanmaantehtaanmyymala.fi\/wp-content\/uploads\/2019\/09\/Taiga028.jpg?fit=960%2C960&ssl=1&resize=700%2C400 2x"},"classes":[]},{"id":10639,"url":"https:\/\/pohjanmaantehtaanmyymala.fi\/en\/tuote\/taiga-taso-4-laatikkoa-134cm-2-8\/","url_meta":{"origin":10681,"position":4},"title":"TAIGA 2.8 TV-Taso leveys 134 cm","author":"petri","date":"September 14, 2019","format":false,"excerpt":"Kotimaisessa Hiipakan Taiga TV-taso 4-laatikolla, joissa on push to open-mekanismit.\u00a0 Eli painamalla laatikkoa se ponnahtaa auki. T\u00e4m\u00e4 Taiga-tv-taso soveltuu tv:n alustaksi tai senkiksi. Taiga sopii kodin kaikkiin kuiviin tiloihin erilaisiin k\u00e4ytt\u00f6tarkoituksiin. Taiga-tuotesarjaa on saatavilla kolmessa eri v\u00e4riss\u00e4: kokonaan valkoinen javalkoinen\/hopeajalava. Tuotetiedot: Runko: 18mm kalustelevy. Etusarjat: Maalattua mdf-levy\u00e4 (ovet ja laatikot)\u2026","rel":"","context":"Similar post","block_context":{"text":"Similar post","link":""},"img":{"alt_text":"Hiipakka Taiga tv-taso nelj\u00e4ll\u00e4 laatikolla valkoinen","src":"https:\/\/i0.wp.com\/pohjanmaantehtaanmyymala.fi\/wp-content\/uploads\/2019\/09\/Taiga004-1.jpg?fit=960%2C960&ssl=1&resize=350%2C200","width":350,"height":200,"srcset":"https:\/\/i0.wp.com\/pohjanmaantehtaanmyymala.fi\/wp-content\/uploads\/2019\/09\/Taiga004-1.jpg?fit=960%2C960&ssl=1&resize=350%2C200 1x, https:\/\/i0.wp.com\/pohjanmaantehtaanmyymala.fi\/wp-content\/uploads\/2019\/09\/Taiga004-1.jpg?fit=960%2C960&ssl=1&resize=525%2C300 1.5x, https:\/\/i0.wp.com\/pohjanmaantehtaanmyymala.fi\/wp-content\/uploads\/2019\/09\/Taiga004-1.jpg?fit=960%2C960&ssl=1&resize=700%2C400 2x"},"classes":[]},{"id":10644,"url":"https:\/\/pohjanmaantehtaanmyymala.fi\/en\/tuote\/taiga-taso-matala-6-laatikkoa-201cm-3-8\/","url_meta":{"origin":10681,"position":5},"title":"TAIGA 3.8 tv-taso leveys 201cm","author":"petri","date":"September 14, 2019","format":false,"excerpt":"Hiipakan Taiga TV-tasossa on kuusi laatikkoa. Ne toimivat push-open ponnahdusmekanismilla, eli painamalla sit\u00e4 se ponnahtaa auki. T\u00e4m\u00e4 Taiga-taso soveltuu tv:n alustaksi tai senkiksi. Taiga sopii kodin kaikkiin kuiviin tiloihin erilaisiin k\u00e4ytt\u00f6tarkoituksiin. Taiga-tuotesarjaa on saatavilla kolmessa eri v\u00e4riss\u00e4: kokonaan valkoinen ja valkoinen\/hopeajalava. Tuotetiedot: Runko: 18mm kalustelevy. Etusarjat: Maalattua mdf-levy\u00e4 (ovet ja\u2026","rel":"","context":"Similar post","block_context":{"text":"Similar post","link":""},"img":{"alt_text":"Hiipakan Taiga tv-taso 6-laatikolla leveys 201 cm valkoinen","src":"https:\/\/i0.wp.com\/pohjanmaantehtaanmyymala.fi\/wp-content\/uploads\/2019\/09\/Taiga037.jpg?fit=960%2C960&ssl=1&resize=350%2C200","width":350,"height":200,"srcset":"https:\/\/i0.wp.com\/pohjanmaantehtaanmyymala.fi\/wp-content\/uploads\/2019\/09\/Taiga037.jpg?fit=960%2C960&ssl=1&resize=350%2C200 1x, https:\/\/i0.wp.com\/pohjanmaantehtaanmyymala.fi\/wp-content\/uploads\/2019\/09\/Taiga037.jpg?fit=960%2C960&ssl=1&resize=525%2C300 1.5x, https:\/\/i0.wp.com\/pohjanmaantehtaanmyymala.fi\/wp-content\/uploads\/2019\/09\/Taiga037.jpg?fit=960%2C960&ssl=1&resize=700%2C400 2x"},"classes":[]}],"_links":{"self":[{"href":"https:\/\/pohjanmaantehtaanmyymala.fi\/en\/wp-json\/wp\/v2\/product\/10681","targetHints":{"allow":["GET"]}}],"collection":[{"href":"https:\/\/pohjanmaantehtaanmyymala.fi\/en\/wp-json\/wp\/v2\/product"}],"about":[{"href":"https:\/\/pohjanmaantehtaanmyymala.fi\/en\/wp-json\/wp\/v2\/types\/product"}],"replies":[{"embeddable":true,"href":"https:\/\/pohjanmaantehtaanmyymala.fi\/en\/wp-json\/wp\/v2\/comments?post=10681"}],"wp:featuredmedia":[{"embeddable":true,"href":"https:\/\/pohjanmaantehtaanmyymala.fi\/en\/wp-json\/wp\/v2\/media\/13562"}],"wp:attachment":[{"href":"https:\/\/pohjanmaantehtaanmyymala.fi\/en\/wp-json\/wp\/v2\/media?parent=10681"}],"wp:term":[{"taxonomy":"product_brand","embeddable":true,"href":"https:\/\/pohjanmaantehtaanmyymala.fi\/en\/wp-json\/wp\/v2\/product_brand?post=10681"},{"taxonomy":"product_cat","embeddable":true,"href":"https:\/\/pohjanmaantehtaanmyymala.fi\/en\/wp-json\/wp\/v2\/product_cat?post=10681"},{"taxonomy":"product_tag","embeddable":true,"href":"https:\/\/pohjanmaantehtaanmyymala.fi\/en\/wp-json\/wp\/v2\/product_tag?post=10681"}],"curies":[{"name":"wp","href":"https:\/\/api.w.org\/{rel}","templated":true}]}}