{"id":10659,"date":"2019-09-14T09:47:54","date_gmt":"2019-09-14T07:47:54","guid":{"rendered":"https:\/\/pohjanmaantehtaanmyymala.fi\/tuote\/taiga-tv-taso-matala-2-ovea-hylly-kirkas-lasi-laatikko-201cm-3-12\/"},"modified":"2025-06-30T14:48:31","modified_gmt":"2025-06-30T12:48:31","slug":"taiga-tv-taso-2-ovea-lasilaatikko-201cm","status":"publish","type":"product","link":"https:\/\/pohjanmaantehtaanmyymala.fi\/en\/tuote\/taiga-tv-taso-2-ovea-lasilaatikko-201cm\/","title":{"rendered":"TAIGA 3.12 TV-taso 2 ovea ja lasilaatikko 201cm"},"content":{"rendered":"<p>Hiipakka Taiga-Taso kahdella ovella, yhdell\u00e4 laatikolla, jossa on lasi. Ovissa ja laatikossa laadukkaat push open makanismit. Laatikon lasi on karkaistua turvalasia. Kaappien sis\u00e4ll\u00e4 yksi hyllylevy.<\/p>\n<p>Maalatut massiivipuiset jalat ovat 18cm korkeat.<\/p>\n<p>Taiga Tv-tason v\u00e4rivaihtoehdot ovat valkoinen ja hopeajalava\/valkoinen.<\/p>\n<p>Hiipakan valmistama Taiga-taso toimitetaan muuten valmiiksi koottuna, paitsi jalat ovat irrallaan. Purat vain paketista, kiinnit\u00e4t jalat ruuvaamalla tason alle ja tuote on k\u00e4ytt\u00f6valmis.<\/p>\n<h3>Tuotetiedot:<\/h3>\n<p>Runko: 18 mm:n MCF-kalustelevy.<br \/>\nEtusarjat: Valkoisessa maalattua mdf-levy\u00e4 (ovet ja laatikot) ja mustassa 18 mm:n MCF-kalustelevy.<br \/>\nVetimett\u00f6miss\u00e4 laatikoissa kest\u00e4v\u00e4t push-to-open mekanismit.<br \/>\nJalat: Maalattu koivu.<\/p>\n<p>Mitat:<br \/>\nL 201 cm<br \/>\nK 61 cm<br \/>\nS 45 cm<\/p>\n","protected":false},"excerpt":{"rendered":"<p>Hiipakka Taiga-Taso kahdella ovella, yhdell\u00e4 laatikolla, jossa on lasi. Ovissa ja laatikossa laadukkaat push open makanismit. Laatikon lasi on karkaistua turvalasia. Kaappien sis\u00e4ll\u00e4 yksi hyllylevy. Maalatut massiivipuiset jalat ovat 18cm korkeat. Taiga Tv-tason v\u00e4rivaihtoehdot ovat valkoinen ja hopeajalava\/valkoinen. Hiipakan valmistama Taiga-taso toimitetaan muuten valmiiksi koottuna, paitsi jalat ovat irrallaan. Purat vain paketista, kiinnit\u00e4t jalat ruuvaamalla [&hellip;]<\/p>\n","protected":false},"featured_media":19993,"comment_status":"closed","ping_status":"closed","template":"","meta":{"_acf_changed":false,"jetpack_post_was_ever_published":false,"jetpack_publicize_message":"","jetpack_publicize_feature_enabled":true,"jetpack_social_post_already_shared":true,"jetpack_social_options":{"image_generator_settings":{"template":"highway","default_image_id":0,"font":"","enabled":false},"version":2}},"product_brand":[172],"product_cat":[196],"product_tag":[],"class_list":{"0":"post-10659","1":"product","2":"type-product","3":"status-publish","4":"has-post-thumbnail","6":"product_brand-hiipakka","7":"product_cat-sailytyskalusteet-ja-tv-tasot","8":"product_shipping_class-161","10":"first","11":"instock","12":"sale","13":"purchasable","14":"product-type-simple"},"acf":[],"jetpack_publicize_connections":[],"jetpack_sharing_enabled":true,"jetpack-related-posts":[{"id":10658,"url":"https:\/\/pohjanmaantehtaanmyymala.fi\/en\/tuote\/taiga-tv-taso-matala-2-ovea-hylly-etsattu-lasi-laatikko-201cm-3-14\/","url_meta":{"origin":10659,"position":0},"title":"TAIGA 3.14 TV-taso ovilla ja laatikolla 201cm","author":"petri","date":"September 14, 2019","format":false,"excerpt":"Taso kahdella ovella, yhdell\u00e4 laatikolla ja maitolasilla.","rel":"","context":"Similar post","block_context":{"text":"Similar post","link":""},"img":{"alt_text":"Hiipakka taiga taso valkoinen hopeajalava","src":"https:\/\/i0.wp.com\/pohjanmaantehtaanmyymala.fi\/wp-content\/uploads\/2019\/09\/Taiga-taso-00185416.jpg?fit=1200%2C1200&ssl=1&resize=350%2C200","width":350,"height":200,"srcset":"https:\/\/i0.wp.com\/pohjanmaantehtaanmyymala.fi\/wp-content\/uploads\/2019\/09\/Taiga-taso-00185416.jpg?fit=1200%2C1200&ssl=1&resize=350%2C200 1x, https:\/\/i0.wp.com\/pohjanmaantehtaanmyymala.fi\/wp-content\/uploads\/2019\/09\/Taiga-taso-00185416.jpg?fit=1200%2C1200&ssl=1&resize=525%2C300 1.5x, https:\/\/i0.wp.com\/pohjanmaantehtaanmyymala.fi\/wp-content\/uploads\/2019\/09\/Taiga-taso-00185416.jpg?fit=1200%2C1200&ssl=1&resize=700%2C400 2x, https:\/\/i0.wp.com\/pohjanmaantehtaanmyymala.fi\/wp-content\/uploads\/2019\/09\/Taiga-taso-00185416.jpg?fit=1200%2C1200&ssl=1&resize=1050%2C600 3x"},"classes":[]},{"id":10656,"url":"https:\/\/pohjanmaantehtaanmyymala.fi\/en\/tuote\/taiga-tv-taso-korkea-3-hyllya-kirkas-lasi-6-laatikkoa-201cm-4-5\/","url_meta":{"origin":10659,"position":1},"title":"TAIGA 4.5 korkea TV-taso 6 lasilaatikkoa 201cm","author":"petri","date":"September 14, 2019","format":false,"excerpt":"Kotimainen Taiga-tv-taso sopii mainiosti kodin s\u00e4lilytysratkaisuksi. Laatikossa on kest\u00e4v\u00e4t ja helppok\u00e4ytt\u00f6iset push-to-open mekanismit. Kaapeissa yksi hyllylevy. Tasossa on kuusi laatikkoa, joista ylimmiss\u00e4 kolmessa laatikossa on kirkkaat lasit. Taiga Tv-tason v\u00e4rivaihtoehdot ovat valkoinen ja hopajalava\/valkoinen. Hiipakan valmistama Taiga-taso toimitetaan muuten valmiiksi koottuna, paitsi jalat ovat irrallaan. Purat vain paketista, kiinnit\u00e4t jalat\u2026","rel":"","context":"Similar post","block_context":{"text":"Similar post","link":""},"img":{"alt_text":"Hiipakka taiga taso valkoinen hopeajalava","src":"https:\/\/i0.wp.com\/pohjanmaantehtaanmyymala.fi\/wp-content\/uploads\/2019\/09\/Taiga-taso-00185124.jpg?fit=1200%2C1200&ssl=1&resize=350%2C200","width":350,"height":200,"srcset":"https:\/\/i0.wp.com\/pohjanmaantehtaanmyymala.fi\/wp-content\/uploads\/2019\/09\/Taiga-taso-00185124.jpg?fit=1200%2C1200&ssl=1&resize=350%2C200 1x, https:\/\/i0.wp.com\/pohjanmaantehtaanmyymala.fi\/wp-content\/uploads\/2019\/09\/Taiga-taso-00185124.jpg?fit=1200%2C1200&ssl=1&resize=525%2C300 1.5x, https:\/\/i0.wp.com\/pohjanmaantehtaanmyymala.fi\/wp-content\/uploads\/2019\/09\/Taiga-taso-00185124.jpg?fit=1200%2C1200&ssl=1&resize=700%2C400 2x, https:\/\/i0.wp.com\/pohjanmaantehtaanmyymala.fi\/wp-content\/uploads\/2019\/09\/Taiga-taso-00185124.jpg?fit=1200%2C1200&ssl=1&resize=1050%2C600 3x"},"classes":[]},{"id":10657,"url":"https:\/\/pohjanmaantehtaanmyymala.fi\/en\/tuote\/taiga-tv-taso-matala-2-ovea-avohylly-laatikko-201cm-3-10\/","url_meta":{"origin":10659,"position":2},"title":"TAIGA 3.10 TV-taso ovilla ja laatikkolla 201cm","author":"petri","date":"September 14, 2019","format":false,"excerpt":"Kotimainen Taiga-tv-taso sopii mainiosti kodin s\u00e4lilytysratkaisuksi. Ovissa ja laatikossa on kest\u00e4v\u00e4t ja helppok\u00e4ytt\u00f6iset push-to-open mekanismit. Kaapeissa yksi hyllylevy. Taiga Tv-tason v\u00e4rivaihtoehdot ovat valkoinen, hopajalava\/valkoinen ja mustajalava. Hiipakan valmistama Taiga-taso toimitetaan muuten valmiiksi koottuna, paitsi jalat ovat irrallaan. Purat vain paketista, kiinnit\u00e4t jalat ruuvaamalla tason alle ja tuote on k\u00e4ytt\u00f6valmis. Tuotetiedot:\u2026","rel":"","context":"Similar post","block_context":{"text":"Similar post","link":""},"img":{"alt_text":"Hiipakka taiga taso valkoinen","src":"https:\/\/i0.wp.com\/pohjanmaantehtaanmyymala.fi\/wp-content\/uploads\/2019\/09\/Taiga-taso-00185406.jpg?fit=1200%2C1200&ssl=1&resize=350%2C200","width":350,"height":200,"srcset":"https:\/\/i0.wp.com\/pohjanmaantehtaanmyymala.fi\/wp-content\/uploads\/2019\/09\/Taiga-taso-00185406.jpg?fit=1200%2C1200&ssl=1&resize=350%2C200 1x, https:\/\/i0.wp.com\/pohjanmaantehtaanmyymala.fi\/wp-content\/uploads\/2019\/09\/Taiga-taso-00185406.jpg?fit=1200%2C1200&ssl=1&resize=525%2C300 1.5x, https:\/\/i0.wp.com\/pohjanmaantehtaanmyymala.fi\/wp-content\/uploads\/2019\/09\/Taiga-taso-00185406.jpg?fit=1200%2C1200&ssl=1&resize=700%2C400 2x, https:\/\/i0.wp.com\/pohjanmaantehtaanmyymala.fi\/wp-content\/uploads\/2019\/09\/Taiga-taso-00185406.jpg?fit=1200%2C1200&ssl=1&resize=1050%2C600 3x"},"classes":[]},{"id":10663,"url":"https:\/\/pohjanmaantehtaanmyymala.fi\/en\/tuote\/taiga-tv-tasot\/","url_meta":{"origin":10659,"position":3},"title":"TAIGA 3.5 TV-taso 201 cm","author":"petri","date":"September 14, 2019","format":false,"excerpt":"Kotimainen Taiga-tv-taso sopii mainiosti kodin s\u00e4lilytysratkaisuksi. Laatikoissa on kest\u00e4v\u00e4t ja helppok\u00e4ytt\u00f6iset push-to-open mekanismit. Laatikoiden yl\u00e4puolella on avolokerot kodin laitteille. Taiga Tv-tason v\u00e4rivaihtoehdot ovat valkoinen, hopajalava\/valkoinen. Hiipakan valmistama Taiga-taso toimitetaan muuten valmiiksi koottuna, paitsi jalat ovat irrallaan. Purat vain paketista, kiinnit\u00e4t jalat ruuvaamalla tason alle ja tuote on k\u00e4ytt\u00f6valmis. Tuotetiedot: Runko:\u2026","rel":"","context":"Similar post","block_context":{"text":"Similar post","link":""},"img":{"alt_text":"Taiga 010","src":"https:\/\/i0.wp.com\/pohjanmaantehtaanmyymala.fi\/wp-content\/uploads\/2019\/06\/Taiga010.jpg?fit=960%2C960&ssl=1&resize=350%2C200","width":350,"height":200,"srcset":"https:\/\/i0.wp.com\/pohjanmaantehtaanmyymala.fi\/wp-content\/uploads\/2019\/06\/Taiga010.jpg?fit=960%2C960&ssl=1&resize=350%2C200 1x, https:\/\/i0.wp.com\/pohjanmaantehtaanmyymala.fi\/wp-content\/uploads\/2019\/06\/Taiga010.jpg?fit=960%2C960&ssl=1&resize=525%2C300 1.5x, https:\/\/i0.wp.com\/pohjanmaantehtaanmyymala.fi\/wp-content\/uploads\/2019\/06\/Taiga010.jpg?fit=960%2C960&ssl=1&resize=700%2C400 2x"},"classes":[]},{"id":10645,"url":"https:\/\/pohjanmaantehtaanmyymala.fi\/en\/tuote\/taiga-tasot\/","url_meta":{"origin":10659,"position":4},"title":"TAIGA 2.4 TV-taso 134 cm","author":"petri","date":"September 14, 2019","format":false,"excerpt":"Kotimainen Taiga-tv-taso sopii mainiosti kodin s\u00e4lilytysratkaisuksi. Laatikoissa on kest\u00e4v\u00e4t ja helppok\u00e4ytt\u00f6iset push-to-open mekanismit. Laatikoiden yl\u00e4puolella on avolokerot kodin laitteille. Taiga Tv-tason v\u00e4rivaihtoehdot ovat valkoinen, hopajalava\/valkoinen ja mustajalava. Hiipakan valmistama Taiga-taso toimitetaan muuten valmiiksi koottuna, paitsi jalat ovat irrallaan. Purat vain paketista, kiinnit\u00e4t jalat ruuvaamalla tason alle ja tuote on k\u00e4ytt\u00f6valmis.\u2026","rel":"","context":"Similar post","block_context":{"text":"Similar post","link":""},"img":{"alt_text":"","src":"https:\/\/i0.wp.com\/pohjanmaantehtaanmyymala.fi\/wp-content\/uploads\/2019\/09\/Taiga001.jpg?fit=960%2C960&ssl=1&resize=350%2C200","width":350,"height":200,"srcset":"https:\/\/i0.wp.com\/pohjanmaantehtaanmyymala.fi\/wp-content\/uploads\/2019\/09\/Taiga001.jpg?fit=960%2C960&ssl=1&resize=350%2C200 1x, https:\/\/i0.wp.com\/pohjanmaantehtaanmyymala.fi\/wp-content\/uploads\/2019\/09\/Taiga001.jpg?fit=960%2C960&ssl=1&resize=525%2C300 1.5x, https:\/\/i0.wp.com\/pohjanmaantehtaanmyymala.fi\/wp-content\/uploads\/2019\/09\/Taiga001.jpg?fit=960%2C960&ssl=1&resize=700%2C400 2x"},"classes":[]},{"id":10652,"url":"https:\/\/pohjanmaantehtaanmyymala.fi\/en\/tuote\/taiga-tv-taso-korkea-2-ovea-2-laatikkoa-hylly-etsattu-lasi-201cm-4-14\/","url_meta":{"origin":10659,"position":5},"title":"TAIGA 4.14 s\u00e4ilytystaso leveys 201 cm","author":"petri","date":"September 14, 2019","format":false,"excerpt":"Hiipakan Taiga tasossa on molemmilla sivuilla kaksi ovikaappia, keskell\u00e4 vetolaatikot. Ylimm\u00e4ss\u00e4 vetolaatikossa on etsattu lasi, joka peitt\u00e4\u00e4 avotilan. Ovet ja laatikot toimivat push-open ponnahdusmekanismilla, eli painamalla sit\u00e4 se ponnahtaa auki. T\u00e4m\u00e4 Taiga-taso soveltuu tv:n alustaksi tai senkiksi. Taiga sopii kodin kaikkiin kuiviin tiloihin erilaisiin k\u00e4ytt\u00f6tarkoituksiin. Taiga-tuotesarjaa on saatavilla kolmessa eri\u2026","rel":"","context":"Similar post","block_context":{"text":"Similar post","link":""},"img":{"alt_text":"Hiipakan Taiga taso ovilla ja laatikoilla valkoinen ja kansi hopeajalava","src":"https:\/\/i0.wp.com\/pohjanmaantehtaanmyymala.fi\/wp-content\/uploads\/2019\/09\/Taiga-414-taso-valkoinen-hopeajalava.jpg?fit=960%2C960&ssl=1&resize=350%2C200","width":350,"height":200,"srcset":"https:\/\/i0.wp.com\/pohjanmaantehtaanmyymala.fi\/wp-content\/uploads\/2019\/09\/Taiga-414-taso-valkoinen-hopeajalava.jpg?fit=960%2C960&ssl=1&resize=350%2C200 1x, https:\/\/i0.wp.com\/pohjanmaantehtaanmyymala.fi\/wp-content\/uploads\/2019\/09\/Taiga-414-taso-valkoinen-hopeajalava.jpg?fit=960%2C960&ssl=1&resize=525%2C300 1.5x, https:\/\/i0.wp.com\/pohjanmaantehtaanmyymala.fi\/wp-content\/uploads\/2019\/09\/Taiga-414-taso-valkoinen-hopeajalava.jpg?fit=960%2C960&ssl=1&resize=700%2C400 2x"},"classes":[]}],"_links":{"self":[{"href":"https:\/\/pohjanmaantehtaanmyymala.fi\/en\/wp-json\/wp\/v2\/product\/10659","targetHints":{"allow":["GET"]}}],"collection":[{"href":"https:\/\/pohjanmaantehtaanmyymala.fi\/en\/wp-json\/wp\/v2\/product"}],"about":[{"href":"https:\/\/pohjanmaantehtaanmyymala.fi\/en\/wp-json\/wp\/v2\/types\/product"}],"replies":[{"embeddable":true,"href":"https:\/\/pohjanmaantehtaanmyymala.fi\/en\/wp-json\/wp\/v2\/comments?post=10659"}],"wp:featuredmedia":[{"embeddable":true,"href":"https:\/\/pohjanmaantehtaanmyymala.fi\/en\/wp-json\/wp\/v2\/media\/19993"}],"wp:attachment":[{"href":"https:\/\/pohjanmaantehtaanmyymala.fi\/en\/wp-json\/wp\/v2\/media?parent=10659"}],"wp:term":[{"taxonomy":"product_brand","embeddable":true,"href":"https:\/\/pohjanmaantehtaanmyymala.fi\/en\/wp-json\/wp\/v2\/product_brand?post=10659"},{"taxonomy":"product_cat","embeddable":true,"href":"https:\/\/pohjanmaantehtaanmyymala.fi\/en\/wp-json\/wp\/v2\/product_cat?post=10659"},{"taxonomy":"product_tag","embeddable":true,"href":"https:\/\/pohjanmaantehtaanmyymala.fi\/en\/wp-json\/wp\/v2\/product_tag?post=10659"}],"curies":[{"name":"wp","href":"https:\/\/api.w.org\/{rel}","templated":true}]}}