{"id":10642,"date":"2019-09-14T09:47:14","date_gmt":"2019-09-14T07:47:14","guid":{"rendered":"https:\/\/pohjanmaantehtaanmyymala.fi\/tuote\/taiga-taso-matala-2-ovea-2-laatikkoa-201cm-3-16\/"},"modified":"2025-06-30T15:07:10","modified_gmt":"2025-06-30T13:07:10","slug":"taiga-taso-matala-2-ovea-2-laatikkoa-201cm-3-16","status":"publish","type":"product","link":"https:\/\/pohjanmaantehtaanmyymala.fi\/en\/tuote\/taiga-taso-matala-2-ovea-2-laatikkoa-201cm-3-16\/","title":{"rendered":"TAIGA 3.16 TV-taso leveys 201 cm"},"content":{"rendered":"<p>Tilavassa Hiipakan Taiga TV-tasossa on ovet sivuilla ja kaksi laatikkoa keskell\u00e4 tasoa. Ne toimivat push-open ponnahdusmekanismilla, eli painamalla sit\u00e4 se ponnahtaa auki. T\u00e4m\u00e4 Taiga-taso soveltuu tv:n alustaksi tai senkiksi. Taiga sopii kodin kaikkiin kuiviin tiloihin erilaisiin k\u00e4ytt\u00f6tarkoituksiin.<\/p>\n<p>Taiga-tuotesarjaa on saatavilla kolmessa eri v\u00e4riss\u00e4: kokonaan valkoinen ja valkoinen\/hopeajalava.<\/p>\n<h3>Tuotetiedot:<\/h3>\n<p>Runko: 18mm kalustelevy.<br \/>\nEtusarjat: Maalattua mdf-levy\u00e4 (ovet ja laatikot)<br \/>\nVetimett\u00f6miss\u00e4 laatikoissa kest\u00e4v\u00e4t push-to-open mekanismit.<br \/>\nJalat: Maalattu koivu.<br \/>\nToimitetaan valmiiksi kasattuna, vain jalat ovat irrallaan.<\/p>\n<p><strong>Mitat:<\/strong><\/p>\n<p>Leveys 201 cm<br \/>\nKorkeus 60 cm<br \/>\nSyvyys 45 cm<br \/>\nJalan korkeus 18 cm<\/p>\n<p>Toimitusaika tehtaan kiireiden mukaan 7-8 viikkoa tilauksesta.<\/p>\n<div id=\"jp-relatedposts\" class=\"jp-relatedposts\"><\/div>\n","protected":false},"excerpt":{"rendered":"<p>Tyylik\u00e4s Taiga taso, jossa on ovet ja laatikot.<\/p>\n","protected":false},"featured_media":22119,"comment_status":"closed","ping_status":"closed","template":"","meta":{"_acf_changed":false,"jetpack_post_was_ever_published":false,"jetpack_publicize_message":"","jetpack_publicize_feature_enabled":true,"jetpack_social_post_already_shared":true,"jetpack_social_options":{"image_generator_settings":{"template":"highway","default_image_id":0,"font":"","enabled":false},"version":2}},"product_brand":[172],"product_cat":[196],"product_tag":[],"class_list":{"0":"post-10642","1":"product","2":"type-product","3":"status-publish","4":"has-post-thumbnail","6":"product_brand-hiipakka","7":"product_cat-sailytyskalusteet-ja-tv-tasot","8":"product_shipping_class-161","10":"first","11":"instock","12":"sale","13":"purchasable","14":"product-type-simple"},"acf":[],"jetpack_publicize_connections":[],"jetpack_sharing_enabled":true,"jetpack-related-posts":[],"_links":{"self":[{"href":"https:\/\/pohjanmaantehtaanmyymala.fi\/en\/wp-json\/wp\/v2\/product\/10642","targetHints":{"allow":["GET"]}}],"collection":[{"href":"https:\/\/pohjanmaantehtaanmyymala.fi\/en\/wp-json\/wp\/v2\/product"}],"about":[{"href":"https:\/\/pohjanmaantehtaanmyymala.fi\/en\/wp-json\/wp\/v2\/types\/product"}],"replies":[{"embeddable":true,"href":"https:\/\/pohjanmaantehtaanmyymala.fi\/en\/wp-json\/wp\/v2\/comments?post=10642"}],"wp:featuredmedia":[{"embeddable":true,"href":"https:\/\/pohjanmaantehtaanmyymala.fi\/en\/wp-json\/wp\/v2\/media\/22119"}],"wp:attachment":[{"href":"https:\/\/pohjanmaantehtaanmyymala.fi\/en\/wp-json\/wp\/v2\/media?parent=10642"}],"wp:term":[{"taxonomy":"product_brand","embeddable":true,"href":"https:\/\/pohjanmaantehtaanmyymala.fi\/en\/wp-json\/wp\/v2\/product_brand?post=10642"},{"taxonomy":"product_cat","embeddable":true,"href":"https:\/\/pohjanmaantehtaanmyymala.fi\/en\/wp-json\/wp\/v2\/product_cat?post=10642"},{"taxonomy":"product_tag","embeddable":true,"href":"https:\/\/pohjanmaantehtaanmyymala.fi\/en\/wp-json\/wp\/v2\/product_tag?post=10642"}],"curies":[{"name":"wp","href":"https:\/\/api.w.org\/{rel}","templated":true}]}}