{"id":10636,"date":"2019-09-14T09:46:58","date_gmt":"2019-09-14T07:46:58","guid":{"rendered":"https:\/\/pohjanmaantehtaanmyymala.fi\/tuote\/taiga-taso-2-hyllya-etsattu-lasi-2-laatikkoa-134cm-2-6\/"},"modified":"2023-08-31T11:56:56","modified_gmt":"2023-08-31T09:56:56","slug":"taiga-taso-2-hyllya-etsattu-lasi-2-laatikkoa-134cm-2-6","status":"publish","type":"product","link":"https:\/\/pohjanmaantehtaanmyymala.fi\/en\/tuote\/taiga-taso-2-hyllya-etsattu-lasi-2-laatikkoa-134cm-2-6\/","title":{"rendered":"TAIGA 2.6 TV-Taso laatikot etsatuilla laseilla"},"content":{"rendered":"<p>Suomalainen Hiipakan valmistama Taiga TV-taso sopii hyvin moneen asuntoon. Taiga kalustesarjasta l\u00f6yd\u00e4t my\u00f6s kaikki muut s\u00e4ilytinkalusteet kotiisi, sarjalla on helppo sisustaa koko koti yhten\u00e4iseksi kokonaisuudeksi.<br \/>\nTason runko on aina valkoinen, kansi- ja pohjalevyn voit valita kahdesta eri vaihtoehdosta.<\/p>\n<h3>Tuotetiedot:<\/h3>\n<p>Runko: 18mm kalustelevy.<br \/>\nEtusarjat: Maalattua mdf-levy\u00e4 (ovet ja laatikot)<br \/>\nLasit: Karkaistua turvalasia.<br \/>\nVetimett\u00f6miss\u00e4 laatikoissa kest\u00e4v\u00e4t push-to-open mekanismit.<br \/>\nJalat: Maalattu koivu.<br \/>\nLaitetilan mitat: Lev 65 cm. Kork. 19 cm. Syv. 40,5 cm.<br \/>\nToimitetaan valmiiksi kasattuna, vain jalat ovat irrallaan.<\/p>\n","protected":false},"excerpt":{"rendered":"<p>Kotimainen valkoinen Taiga tv-taso laatikoilla.<\/p>\n","protected":false},"featured_media":23194,"comment_status":"closed","ping_status":"closed","template":"","meta":{"_acf_changed":false,"jetpack_post_was_ever_published":false,"jetpack_publicize_message":"","jetpack_publicize_feature_enabled":true,"jetpack_social_post_already_shared":true,"jetpack_social_options":{"image_generator_settings":{"template":"highway","default_image_id":0,"font":"","enabled":false},"version":2}},"product_brand":[172],"product_cat":[196],"product_tag":[],"class_list":{"0":"post-10636","1":"product","2":"type-product","3":"status-publish","4":"has-post-thumbnail","6":"product_brand-hiipakka","7":"product_cat-sailytyskalusteet-ja-tv-tasot","8":"product_shipping_class-161","10":"first","11":"instock","12":"sale","13":"purchasable","14":"product-type-simple"},"acf":[],"jetpack_publicize_connections":[],"jetpack_sharing_enabled":true,"jetpack-related-posts":[{"id":10637,"url":"https:\/\/pohjanmaantehtaanmyymala.fi\/en\/tuote\/taiga-taso-2-hyllya-kirkas-lasi-2-laatikkoa-134cm-2-5\/","url_meta":{"origin":10636,"position":0},"title":"TAIGA 2.5 TV-Taso laatikot ja kirkkaat lasit","author":"petri","date":"September 14, 2019","format":false,"excerpt":"Kevytlinjainen,134 cm leve\u00e4 Taiga tv-taso laatikoilla.","rel":"","context":"Similar post","block_context":{"text":"Similar post","link":""},"img":{"alt_text":"Taiga taso 2.5 laatikoilla joissa on laitetilan peitt\u00e4v\u00e4t kirkkaat lasit","src":"https:\/\/i0.wp.com\/pohjanmaantehtaanmyymala.fi\/wp-content\/uploads\/2019\/09\/Taiga25valkoinen.jpg?fit=960%2C960&ssl=1&resize=350%2C200","width":350,"height":200,"srcset":"https:\/\/i0.wp.com\/pohjanmaantehtaanmyymala.fi\/wp-content\/uploads\/2019\/09\/Taiga25valkoinen.jpg?fit=960%2C960&ssl=1&resize=350%2C200 1x, https:\/\/i0.wp.com\/pohjanmaantehtaanmyymala.fi\/wp-content\/uploads\/2019\/09\/Taiga25valkoinen.jpg?fit=960%2C960&ssl=1&resize=525%2C300 1.5x, https:\/\/i0.wp.com\/pohjanmaantehtaanmyymala.fi\/wp-content\/uploads\/2019\/09\/Taiga25valkoinen.jpg?fit=960%2C960&ssl=1&resize=700%2C400 2x"},"classes":[]},{"id":10659,"url":"https:\/\/pohjanmaantehtaanmyymala.fi\/en\/tuote\/taiga-tv-taso-2-ovea-lasilaatikko-201cm\/","url_meta":{"origin":10636,"position":1},"title":"TAIGA 3.12 TV-taso 2 ovea ja lasilaatikko 201cm","author":"petri","date":"September 14, 2019","format":false,"excerpt":"Hiipakka Taiga-Taso kahdella ovella, yhdell\u00e4 laatikolla, jossa on lasi. Ovissa ja laatikossa laadukkaat push open makanismit. Laatikon lasi on karkaistua turvalasia. Kaappien sis\u00e4ll\u00e4 yksi hyllylevy. Maalatut massiivipuiset jalat ovat 18cm korkeat. Taiga Tv-tason v\u00e4rivaihtoehdot ovat valkoinen ja hopeajalava\/valkoinen. Hiipakan valmistama Taiga-taso toimitetaan muuten valmiiksi koottuna, paitsi jalat ovat irrallaan. Purat\u2026","rel":"","context":"Similar post","block_context":{"text":"Similar post","link":""},"img":{"alt_text":"Hiipakka taiga taso valkoinen hopeajalava","src":"https:\/\/i0.wp.com\/pohjanmaantehtaanmyymala.fi\/wp-content\/uploads\/2019\/09\/Taiga-taso-00185414.jpg?fit=1200%2C1200&ssl=1&resize=350%2C200","width":350,"height":200,"srcset":"https:\/\/i0.wp.com\/pohjanmaantehtaanmyymala.fi\/wp-content\/uploads\/2019\/09\/Taiga-taso-00185414.jpg?fit=1200%2C1200&ssl=1&resize=350%2C200 1x, https:\/\/i0.wp.com\/pohjanmaantehtaanmyymala.fi\/wp-content\/uploads\/2019\/09\/Taiga-taso-00185414.jpg?fit=1200%2C1200&ssl=1&resize=525%2C300 1.5x, https:\/\/i0.wp.com\/pohjanmaantehtaanmyymala.fi\/wp-content\/uploads\/2019\/09\/Taiga-taso-00185414.jpg?fit=1200%2C1200&ssl=1&resize=700%2C400 2x, https:\/\/i0.wp.com\/pohjanmaantehtaanmyymala.fi\/wp-content\/uploads\/2019\/09\/Taiga-taso-00185414.jpg?fit=1200%2C1200&ssl=1&resize=1050%2C600 3x"},"classes":[]},{"id":10663,"url":"https:\/\/pohjanmaantehtaanmyymala.fi\/en\/tuote\/taiga-tv-tasot\/","url_meta":{"origin":10636,"position":2},"title":"TAIGA 3.5 TV-taso 201 cm","author":"petri","date":"September 14, 2019","format":false,"excerpt":"Kotimainen Taiga-tv-taso sopii mainiosti kodin s\u00e4lilytysratkaisuksi. Laatikoissa on kest\u00e4v\u00e4t ja helppok\u00e4ytt\u00f6iset push-to-open mekanismit. Laatikoiden yl\u00e4puolella on avolokerot kodin laitteille. Taiga Tv-tason v\u00e4rivaihtoehdot ovat valkoinen, hopajalava\/valkoinen. Hiipakan valmistama Taiga-taso toimitetaan muuten valmiiksi koottuna, paitsi jalat ovat irrallaan. Purat vain paketista, kiinnit\u00e4t jalat ruuvaamalla tason alle ja tuote on k\u00e4ytt\u00f6valmis. Tuotetiedot: Runko:\u2026","rel":"","context":"Similar post","block_context":{"text":"Similar post","link":""},"img":{"alt_text":"Taiga 010","src":"https:\/\/i0.wp.com\/pohjanmaantehtaanmyymala.fi\/wp-content\/uploads\/2019\/06\/Taiga010.jpg?fit=960%2C960&ssl=1&resize=350%2C200","width":350,"height":200,"srcset":"https:\/\/i0.wp.com\/pohjanmaantehtaanmyymala.fi\/wp-content\/uploads\/2019\/06\/Taiga010.jpg?fit=960%2C960&ssl=1&resize=350%2C200 1x, https:\/\/i0.wp.com\/pohjanmaantehtaanmyymala.fi\/wp-content\/uploads\/2019\/06\/Taiga010.jpg?fit=960%2C960&ssl=1&resize=525%2C300 1.5x, https:\/\/i0.wp.com\/pohjanmaantehtaanmyymala.fi\/wp-content\/uploads\/2019\/06\/Taiga010.jpg?fit=960%2C960&ssl=1&resize=700%2C400 2x"},"classes":[]},{"id":10639,"url":"https:\/\/pohjanmaantehtaanmyymala.fi\/en\/tuote\/taiga-taso-4-laatikkoa-134cm-2-8\/","url_meta":{"origin":10636,"position":3},"title":"TAIGA 2.8 TV-Taso leveys 134 cm","author":"petri","date":"September 14, 2019","format":false,"excerpt":"Kotimaisessa Hiipakan Taiga TV-taso 4-laatikolla, joissa on push to open-mekanismit.\u00a0 Eli painamalla laatikkoa se ponnahtaa auki. T\u00e4m\u00e4 Taiga-tv-taso soveltuu tv:n alustaksi tai senkiksi. Taiga sopii kodin kaikkiin kuiviin tiloihin erilaisiin k\u00e4ytt\u00f6tarkoituksiin. Taiga-tuotesarjaa on saatavilla kolmessa eri v\u00e4riss\u00e4: kokonaan valkoinen javalkoinen\/hopeajalava. Tuotetiedot: Runko: 18mm kalustelevy. Etusarjat: Maalattua mdf-levy\u00e4 (ovet ja laatikot)\u2026","rel":"","context":"Similar post","block_context":{"text":"Similar post","link":""},"img":{"alt_text":"Hiipakka Taiga tv-taso nelj\u00e4ll\u00e4 laatikolla valkoinen","src":"https:\/\/i0.wp.com\/pohjanmaantehtaanmyymala.fi\/wp-content\/uploads\/2019\/09\/Taiga004-1.jpg?fit=960%2C960&ssl=1&resize=350%2C200","width":350,"height":200,"srcset":"https:\/\/i0.wp.com\/pohjanmaantehtaanmyymala.fi\/wp-content\/uploads\/2019\/09\/Taiga004-1.jpg?fit=960%2C960&ssl=1&resize=350%2C200 1x, https:\/\/i0.wp.com\/pohjanmaantehtaanmyymala.fi\/wp-content\/uploads\/2019\/09\/Taiga004-1.jpg?fit=960%2C960&ssl=1&resize=525%2C300 1.5x, https:\/\/i0.wp.com\/pohjanmaantehtaanmyymala.fi\/wp-content\/uploads\/2019\/09\/Taiga004-1.jpg?fit=960%2C960&ssl=1&resize=700%2C400 2x"},"classes":[]},{"id":10657,"url":"https:\/\/pohjanmaantehtaanmyymala.fi\/en\/tuote\/taiga-tv-taso-matala-2-ovea-avohylly-laatikko-201cm-3-10\/","url_meta":{"origin":10636,"position":4},"title":"TAIGA 3.10 TV-taso ovilla ja laatikkolla 201cm","author":"petri","date":"September 14, 2019","format":false,"excerpt":"Kotimainen Taiga-tv-taso sopii mainiosti kodin s\u00e4lilytysratkaisuksi. Ovissa ja laatikossa on kest\u00e4v\u00e4t ja helppok\u00e4ytt\u00f6iset push-to-open mekanismit. Kaapeissa yksi hyllylevy. Taiga Tv-tason v\u00e4rivaihtoehdot ovat valkoinen, hopajalava\/valkoinen ja mustajalava. Hiipakan valmistama Taiga-taso toimitetaan muuten valmiiksi koottuna, paitsi jalat ovat irrallaan. Purat vain paketista, kiinnit\u00e4t jalat ruuvaamalla tason alle ja tuote on k\u00e4ytt\u00f6valmis. Tuotetiedot:\u2026","rel":"","context":"Similar post","block_context":{"text":"Similar post","link":""},"img":{"alt_text":"Hiipakka taiga taso valkoinen","src":"https:\/\/i0.wp.com\/pohjanmaantehtaanmyymala.fi\/wp-content\/uploads\/2019\/09\/Taiga-taso-00185406.jpg?fit=1200%2C1200&ssl=1&resize=350%2C200","width":350,"height":200,"srcset":"https:\/\/i0.wp.com\/pohjanmaantehtaanmyymala.fi\/wp-content\/uploads\/2019\/09\/Taiga-taso-00185406.jpg?fit=1200%2C1200&ssl=1&resize=350%2C200 1x, https:\/\/i0.wp.com\/pohjanmaantehtaanmyymala.fi\/wp-content\/uploads\/2019\/09\/Taiga-taso-00185406.jpg?fit=1200%2C1200&ssl=1&resize=525%2C300 1.5x, https:\/\/i0.wp.com\/pohjanmaantehtaanmyymala.fi\/wp-content\/uploads\/2019\/09\/Taiga-taso-00185406.jpg?fit=1200%2C1200&ssl=1&resize=700%2C400 2x, https:\/\/i0.wp.com\/pohjanmaantehtaanmyymala.fi\/wp-content\/uploads\/2019\/09\/Taiga-taso-00185406.jpg?fit=1200%2C1200&ssl=1&resize=1050%2C600 3x"},"classes":[]},{"id":10656,"url":"https:\/\/pohjanmaantehtaanmyymala.fi\/en\/tuote\/taiga-tv-taso-korkea-3-hyllya-kirkas-lasi-6-laatikkoa-201cm-4-5\/","url_meta":{"origin":10636,"position":5},"title":"TAIGA 4.5 korkea TV-taso 6 lasilaatikkoa 201cm","author":"petri","date":"September 14, 2019","format":false,"excerpt":"Kotimainen Taiga-tv-taso sopii mainiosti kodin s\u00e4lilytysratkaisuksi. Laatikossa on kest\u00e4v\u00e4t ja helppok\u00e4ytt\u00f6iset push-to-open mekanismit. Kaapeissa yksi hyllylevy. Tasossa on kuusi laatikkoa, joista ylimmiss\u00e4 kolmessa laatikossa on kirkkaat lasit. Taiga Tv-tason v\u00e4rivaihtoehdot ovat valkoinen ja hopajalava\/valkoinen. Hiipakan valmistama Taiga-taso toimitetaan muuten valmiiksi koottuna, paitsi jalat ovat irrallaan. Purat vain paketista, kiinnit\u00e4t jalat\u2026","rel":"","context":"Similar post","block_context":{"text":"Similar post","link":""},"img":{"alt_text":"Hiipakka taiga taso valkoinen hopeajalava","src":"https:\/\/i0.wp.com\/pohjanmaantehtaanmyymala.fi\/wp-content\/uploads\/2019\/09\/Taiga-taso-00185124.jpg?fit=1200%2C1200&ssl=1&resize=350%2C200","width":350,"height":200,"srcset":"https:\/\/i0.wp.com\/pohjanmaantehtaanmyymala.fi\/wp-content\/uploads\/2019\/09\/Taiga-taso-00185124.jpg?fit=1200%2C1200&ssl=1&resize=350%2C200 1x, https:\/\/i0.wp.com\/pohjanmaantehtaanmyymala.fi\/wp-content\/uploads\/2019\/09\/Taiga-taso-00185124.jpg?fit=1200%2C1200&ssl=1&resize=525%2C300 1.5x, https:\/\/i0.wp.com\/pohjanmaantehtaanmyymala.fi\/wp-content\/uploads\/2019\/09\/Taiga-taso-00185124.jpg?fit=1200%2C1200&ssl=1&resize=700%2C400 2x, https:\/\/i0.wp.com\/pohjanmaantehtaanmyymala.fi\/wp-content\/uploads\/2019\/09\/Taiga-taso-00185124.jpg?fit=1200%2C1200&ssl=1&resize=1050%2C600 3x"},"classes":[]}],"_links":{"self":[{"href":"https:\/\/pohjanmaantehtaanmyymala.fi\/en\/wp-json\/wp\/v2\/product\/10636","targetHints":{"allow":["GET"]}}],"collection":[{"href":"https:\/\/pohjanmaantehtaanmyymala.fi\/en\/wp-json\/wp\/v2\/product"}],"about":[{"href":"https:\/\/pohjanmaantehtaanmyymala.fi\/en\/wp-json\/wp\/v2\/types\/product"}],"replies":[{"embeddable":true,"href":"https:\/\/pohjanmaantehtaanmyymala.fi\/en\/wp-json\/wp\/v2\/comments?post=10636"}],"wp:featuredmedia":[{"embeddable":true,"href":"https:\/\/pohjanmaantehtaanmyymala.fi\/en\/wp-json\/wp\/v2\/media\/23194"}],"wp:attachment":[{"href":"https:\/\/pohjanmaantehtaanmyymala.fi\/en\/wp-json\/wp\/v2\/media?parent=10636"}],"wp:term":[{"taxonomy":"product_brand","embeddable":true,"href":"https:\/\/pohjanmaantehtaanmyymala.fi\/en\/wp-json\/wp\/v2\/product_brand?post=10636"},{"taxonomy":"product_cat","embeddable":true,"href":"https:\/\/pohjanmaantehtaanmyymala.fi\/en\/wp-json\/wp\/v2\/product_cat?post=10636"},{"taxonomy":"product_tag","embeddable":true,"href":"https:\/\/pohjanmaantehtaanmyymala.fi\/en\/wp-json\/wp\/v2\/product_tag?post=10636"}],"curies":[{"name":"wp","href":"https:\/\/api.w.org\/{rel}","templated":true}]}}