{"id":10632,"date":"2019-09-14T09:46:48","date_gmt":"2019-09-14T07:46:48","guid":{"rendered":"https:\/\/pohjanmaantehtaanmyymala.fi\/tuote\/anton-taiga-vitriinin-valaisin\/"},"modified":"2023-08-31T10:49:13","modified_gmt":"2023-08-31T08:49:13","slug":"anton-taiga-vitriinin-valaisin","status":"publish","type":"product","link":"https:\/\/pohjanmaantehtaanmyymala.fi\/en\/tuote\/anton-taiga-vitriinin-valaisin\/","title":{"rendered":"ANTON vitriinin Led-valosarja"},"content":{"rendered":"<p>LED-valosarja, joka sopii kaksioviseen Anton ja Niklas lasivitriiniin.<br \/>\nValosarja asennetaan valmiiksi vitriiniin, jos valosarja tilataan vitriinin kanssa samalla tilauksella.<\/p>\n<p>Sis\u00e4lt\u00e4\u00e4 2 kappaletta Led-valoja ja muuntajan.<\/p>\n<p>Vitriini myyd\u00e4\u00e4n erikseen!<\/p>\n","protected":false},"excerpt":{"rendered":"<p>LED-valosarja, joka sopii kaksioviseen Anton ja Niklas lasivitriiniin. Valosarja asennetaan valmiiksi vitriiniin, jos valosarja tilataan vitriinin kanssa samalla tilauksella. Sis\u00e4lt\u00e4\u00e4 2 kappaletta Led-valoja ja muuntajan. Vitriini myyd\u00e4\u00e4n erikseen!<\/p>\n","protected":false},"featured_media":10633,"comment_status":"closed","ping_status":"closed","template":"","meta":{"_acf_changed":false,"jetpack_post_was_ever_published":false,"jetpack_publicize_message":"","jetpack_publicize_feature_enabled":true,"jetpack_social_post_already_shared":true,"jetpack_social_options":{"image_generator_settings":{"template":"highway","default_image_id":0,"font":"","enabled":false},"version":2}},"product_brand":[172],"product_cat":[196],"product_tag":[],"class_list":{"0":"post-10632","1":"product","2":"type-product","3":"status-publish","4":"has-post-thumbnail","6":"product_brand-hiipakka","7":"product_cat-sailytyskalusteet-ja-tv-tasot","8":"product_shipping_class-161","10":"first","11":"instock","12":"sale","13":"purchasable","14":"product-type-simple"},"acf":[],"jetpack_publicize_connections":[],"jetpack_sharing_enabled":true,"jetpack-related-posts":[{"id":10592,"url":"https:\/\/pohjanmaantehtaanmyymala.fi\/en\/tuote\/anton-vitriini-etsattu-lasiovi-2-laatikkoa-50cm-korkea-a7-8\/","url_meta":{"origin":10632,"position":0},"title":"ANTON A7.3 Vitriini kirkas lasiovi","author":"petri","date":"September 14, 2019","format":false,"excerpt":"Kotimainen Anton A7.3 kapea Vitriini kirkkaalla lasiovella. Vitriiniss\u00e4 on lasihyllyt ja 2 s\u00e4ilytyslaatikkoa. Rungon v\u00e4ri on aina valkoinen, kannen v\u00e4riksi voi valita valkoisen, tammen tai saarnin. Anton tuotesarja on suunniteltu ja valmistettu Hiipakan Tehtailla Suomessa. Anton- lasivitriini sopii erinomaisesti skandinaaviseen sisustukseen. Anton vitriinin saa my\u00f6s puuhyllyill\u00e4. Vitriinin nimike puuhyllyill\u00e4 on\u2026","rel":"","context":"Similar post","block_context":{"text":"Similar post","link":""},"img":{"alt_text":"Hiipakka Anton Vitriini kapea lasihyllyill\u00e4 valkoinen","src":"https:\/\/i0.wp.com\/pohjanmaantehtaanmyymala.fi\/wp-content\/uploads\/2019\/09\/Anton-A73.jpg?fit=960%2C960&ssl=1&resize=350%2C200","width":350,"height":200,"srcset":"https:\/\/i0.wp.com\/pohjanmaantehtaanmyymala.fi\/wp-content\/uploads\/2019\/09\/Anton-A73.jpg?fit=960%2C960&ssl=1&resize=350%2C200 1x, https:\/\/i0.wp.com\/pohjanmaantehtaanmyymala.fi\/wp-content\/uploads\/2019\/09\/Anton-A73.jpg?fit=960%2C960&ssl=1&resize=525%2C300 1.5x, https:\/\/i0.wp.com\/pohjanmaantehtaanmyymala.fi\/wp-content\/uploads\/2019\/09\/Anton-A73.jpg?fit=960%2C960&ssl=1&resize=700%2C400 2x"},"classes":[]},{"id":10596,"url":"https:\/\/pohjanmaantehtaanmyymala.fi\/en\/tuote\/anton-vitriini-etsatulla-lasiovella-lasihyllyt-2-laatikkoa-50cm-korkea-a7-4\/","url_meta":{"origin":10632,"position":1},"title":"ANTON A7.4 Vitriini etsattu lasiovi","author":"petri","date":"September 14, 2019","format":false,"excerpt":"Kotimainen Anton A7.4 kapea Vitriini etsatulla lasiovella. Vitriiniss\u00e4 on lasihyllyt ja 2 s\u00e4ilytyslaatikkoa. Rungon v\u00e4ri on aina valkoinen, kannen v\u00e4riksi voi valita valkoisen, tammen tai saarnin. Anton tuotesarja on suunniteltu ja valmistettu Hiipakan Tehtailla Suomessa. Anton- lasivitriini sopii erinomaisesti skandinaaviseen sisustukseen. Anton vitriinin saa my\u00f6s puuhyllyill\u00e4. Vitriinin nimike puuhyllyill\u00e4 on\u2026","rel":"","context":"Similar post","block_context":{"text":"Similar post","link":""},"img":{"alt_text":"Hiipakka Anton vitriini kapea etsattu lasi valkoinen","src":"https:\/\/i0.wp.com\/pohjanmaantehtaanmyymala.fi\/wp-content\/uploads\/2019\/09\/Anton-A74.jpg?fit=960%2C960&ssl=1&resize=350%2C200","width":350,"height":200,"srcset":"https:\/\/i0.wp.com\/pohjanmaantehtaanmyymala.fi\/wp-content\/uploads\/2019\/09\/Anton-A74.jpg?fit=960%2C960&ssl=1&resize=350%2C200 1x, https:\/\/i0.wp.com\/pohjanmaantehtaanmyymala.fi\/wp-content\/uploads\/2019\/09\/Anton-A74.jpg?fit=960%2C960&ssl=1&resize=525%2C300 1.5x, https:\/\/i0.wp.com\/pohjanmaantehtaanmyymala.fi\/wp-content\/uploads\/2019\/09\/Anton-A74.jpg?fit=960%2C960&ssl=1&resize=700%2C400 2x"},"classes":[]},{"id":10607,"url":"https:\/\/pohjanmaantehtaanmyymala.fi\/en\/tuote\/anton-vitriini-kirkkailla-lasiovilla-lasihyllyt-2-laatikkoa-100cm-korkea-a7-1\/","url_meta":{"origin":10632,"position":2},"title":"ANTON A7.1 Vitriini kirkkailla lasiovilla","author":"petri","date":"September 14, 2019","format":false,"excerpt":"Tyylik\u00e4s iso vitriini kodin tavaroiden s\u00e4ilytykseen. Voit valita Anton-vitriiniin haluamasi kansiv\u00e4rin.","rel":"","context":"Similar post","block_context":{"text":"Similar post","link":""},"img":{"alt_text":"Anton vitriini","src":"https:\/\/i0.wp.com\/pohjanmaantehtaanmyymala.fi\/wp-content\/uploads\/2019\/09\/Anton-A71.jpg?fit=960%2C960&ssl=1&resize=350%2C200","width":350,"height":200,"srcset":"https:\/\/i0.wp.com\/pohjanmaantehtaanmyymala.fi\/wp-content\/uploads\/2019\/09\/Anton-A71.jpg?fit=960%2C960&ssl=1&resize=350%2C200 1x, https:\/\/i0.wp.com\/pohjanmaantehtaanmyymala.fi\/wp-content\/uploads\/2019\/09\/Anton-A71.jpg?fit=960%2C960&ssl=1&resize=525%2C300 1.5x, https:\/\/i0.wp.com\/pohjanmaantehtaanmyymala.fi\/wp-content\/uploads\/2019\/09\/Anton-A71.jpg?fit=960%2C960&ssl=1&resize=700%2C400 2x"},"classes":[]},{"id":10595,"url":"https:\/\/pohjanmaantehtaanmyymala.fi\/en\/tuote\/anton-vitriini-etsatuilla-lasiovilla-lasihyllyt-2-laatikkoa-100cm-korkea-a7-2\/","url_meta":{"origin":10632,"position":3},"title":"ANTON A7.2 Vitriini etsatuilla lasiovilla","author":"petri","date":"September 14, 2019","format":false,"excerpt":"Tyylik\u00e4s vitriini kodin tavaroiden s\u00e4ilytykseen. Voit valita Anton-vitriiniin haluamasi kansiv\u00e4rin.","rel":"","context":"Similar post","block_context":{"text":"Similar post","link":""},"img":{"alt_text":"Hiipakka Anton Vitriini etsattu puuhyllyill\u00e4 saarni kansi","src":"https:\/\/i0.wp.com\/pohjanmaantehtaanmyymala.fi\/wp-content\/uploads\/2019\/09\/Anton-A76-00161291.jpg?fit=960%2C960&ssl=1&resize=350%2C200","width":350,"height":200,"srcset":"https:\/\/i0.wp.com\/pohjanmaantehtaanmyymala.fi\/wp-content\/uploads\/2019\/09\/Anton-A76-00161291.jpg?fit=960%2C960&ssl=1&resize=350%2C200 1x, https:\/\/i0.wp.com\/pohjanmaantehtaanmyymala.fi\/wp-content\/uploads\/2019\/09\/Anton-A76-00161291.jpg?fit=960%2C960&ssl=1&resize=525%2C300 1.5x, https:\/\/i0.wp.com\/pohjanmaantehtaanmyymala.fi\/wp-content\/uploads\/2019\/09\/Anton-A76-00161291.jpg?fit=960%2C960&ssl=1&resize=700%2C400 2x"},"classes":[]},{"id":10599,"url":"https:\/\/pohjanmaantehtaanmyymala.fi\/en\/tuote\/anton-vitriini-etsatut-lasiovet-matala-lasihyllyt-100cm-a8-6\/","url_meta":{"origin":10632,"position":4},"title":"ANTON A8.6 matala vitriini etsatut lasiovet","author":"petri","date":"September 14, 2019","format":false,"excerpt":"Tyylik\u00e4s vitriini kodin tavaroiden s\u00e4ilytykseen. Voit valita Anton-vitriiniin haluamasi kansiv\u00e4rin.","rel":"","context":"Similar post","block_context":{"text":"Similar post","link":""},"img":{"alt_text":"Hiipakka Anton matala vitriini etsattu lasi tammi kansi","src":"https:\/\/i0.wp.com\/pohjanmaantehtaanmyymala.fi\/wp-content\/uploads\/2019\/09\/Anton-A86-0016192-2.jpg?fit=960%2C960&ssl=1&resize=350%2C200","width":350,"height":200,"srcset":"https:\/\/i0.wp.com\/pohjanmaantehtaanmyymala.fi\/wp-content\/uploads\/2019\/09\/Anton-A86-0016192-2.jpg?fit=960%2C960&ssl=1&resize=350%2C200 1x, https:\/\/i0.wp.com\/pohjanmaantehtaanmyymala.fi\/wp-content\/uploads\/2019\/09\/Anton-A86-0016192-2.jpg?fit=960%2C960&ssl=1&resize=525%2C300 1.5x, https:\/\/i0.wp.com\/pohjanmaantehtaanmyymala.fi\/wp-content\/uploads\/2019\/09\/Anton-A86-0016192-2.jpg?fit=960%2C960&ssl=1&resize=700%2C400 2x"},"classes":[]},{"id":10605,"url":"https:\/\/pohjanmaantehtaanmyymala.fi\/en\/tuote\/anton-vitriini-kirkkaat-lasiovet-lasihyllyt-matala-100cm-a8-5\/","url_meta":{"origin":10632,"position":5},"title":"ANTON A8.5 Vitriini kirkkaat lasiovet","author":"petri","date":"September 14, 2019","format":false,"excerpt":"Kotimainen Anton A8.6 matala Vitriini kirkkailla lasiovilla. Rungon v\u00e4ri on aina valkoinen, kannen v\u00e4riksi voi valita valkoisen, tammen tai saarnin. Anton tuotesarja on suunniteltu ja valmistettu Hiipakan Tehtailla Suomessa. Anton- lasivitriini sopii erinomaisesti skandinaaviseen sisustukseen. Vakiotoimitus tulee lasihyllyill\u00e4, mutta vitriinin saa my\u00f6s puuhyllyill\u00e4. Vitriini nimike puuhyllyill\u00e4 on Anton A8.8. Anton-sarjaan\u2026","rel":"","context":"Similar post","block_context":{"text":"Similar post","link":""},"img":{"alt_text":"Hiipakka Anton vitriini jaloilla valkoinen saarni","src":"https:\/\/i0.wp.com\/pohjanmaantehtaanmyymala.fi\/wp-content\/uploads\/2019\/09\/Anton-A85-0016188.jpg?fit=960%2C960&ssl=1&resize=350%2C200","width":350,"height":200,"srcset":"https:\/\/i0.wp.com\/pohjanmaantehtaanmyymala.fi\/wp-content\/uploads\/2019\/09\/Anton-A85-0016188.jpg?fit=960%2C960&ssl=1&resize=350%2C200 1x, https:\/\/i0.wp.com\/pohjanmaantehtaanmyymala.fi\/wp-content\/uploads\/2019\/09\/Anton-A85-0016188.jpg?fit=960%2C960&ssl=1&resize=525%2C300 1.5x, https:\/\/i0.wp.com\/pohjanmaantehtaanmyymala.fi\/wp-content\/uploads\/2019\/09\/Anton-A85-0016188.jpg?fit=960%2C960&ssl=1&resize=700%2C400 2x"},"classes":[]}],"_links":{"self":[{"href":"https:\/\/pohjanmaantehtaanmyymala.fi\/en\/wp-json\/wp\/v2\/product\/10632","targetHints":{"allow":["GET"]}}],"collection":[{"href":"https:\/\/pohjanmaantehtaanmyymala.fi\/en\/wp-json\/wp\/v2\/product"}],"about":[{"href":"https:\/\/pohjanmaantehtaanmyymala.fi\/en\/wp-json\/wp\/v2\/types\/product"}],"replies":[{"embeddable":true,"href":"https:\/\/pohjanmaantehtaanmyymala.fi\/en\/wp-json\/wp\/v2\/comments?post=10632"}],"wp:featuredmedia":[{"embeddable":true,"href":"https:\/\/pohjanmaantehtaanmyymala.fi\/en\/wp-json\/wp\/v2\/media\/10633"}],"wp:attachment":[{"href":"https:\/\/pohjanmaantehtaanmyymala.fi\/en\/wp-json\/wp\/v2\/media?parent=10632"}],"wp:term":[{"taxonomy":"product_brand","embeddable":true,"href":"https:\/\/pohjanmaantehtaanmyymala.fi\/en\/wp-json\/wp\/v2\/product_brand?post=10632"},{"taxonomy":"product_cat","embeddable":true,"href":"https:\/\/pohjanmaantehtaanmyymala.fi\/en\/wp-json\/wp\/v2\/product_cat?post=10632"},{"taxonomy":"product_tag","embeddable":true,"href":"https:\/\/pohjanmaantehtaanmyymala.fi\/en\/wp-json\/wp\/v2\/product_tag?post=10632"}],"curies":[{"name":"wp","href":"https:\/\/api.w.org\/{rel}","templated":true}]}}