{"id":10588,"date":"2019-09-14T09:44:54","date_gmt":"2019-09-14T07:44:54","guid":{"rendered":"https:\/\/pohjanmaantehtaanmyymala.fi\/tuote\/anton-tv-taso-2-ovea-2-laatikkoa-200cm-a6-1\/"},"modified":"2025-10-24T12:33:16","modified_gmt":"2025-10-24T10:33:16","slug":"anton-tv-taso-2-ovea-2-laatikkoa-200cm-a6-1","status":"publish","type":"product","link":"https:\/\/pohjanmaantehtaanmyymala.fi\/en\/tuote\/anton-tv-taso-2-ovea-2-laatikkoa-200cm-a6-1\/","title":{"rendered":"ANTON A6.1 TV-taso umpiovilla 200cm"},"content":{"rendered":"<p>Kauniin valkoinen Anton-taso kahdella laatikolla ja umpiovella. Suureen 200 cm leve\u00e4\u00e4n Anton TV-tasoon mahtuu kaikki kodin viihdelaitteet helposti, tason taustassa valmiit rei\u00e4t johtoja varten.<br \/>\nTason ovissa ja laatikoissa push-to-open -mekanismilla toimivat ovet, jolloin vetimi\u00e4 ei ole lainkaan. Tv-tason kaappien sis\u00e4ll\u00e4 on yksi v\u00e4lihylly. Anton- sarjaan voit valita kannenv\u00e4rin kolmesta eri v\u00e4rist\u00e4: valkoinen, tammi tai saarni.<br \/>\nTason runko ja etusarjat ovat aina puhtaanvalkoisia.<\/p>\n<p>Anton-kalusteet saatavana my\u00f6s jaloilla, silloin kokonaiskorkeus kasvaa 8 cm.<br \/>\nVakiotoimitus sokkelilla, jalkasarja myyd\u00e4\u00e4n aina erikseen.<\/p>\n<p>Leveys: 200 cm<br \/>\nKorkeus: sokkelilla 50 cm, jaloilla 58 cm<br \/>\nSyvyys: 49 cm<\/p>\n<h3>Tuotetiedot:<\/h3>\n<p>-Laitetilan mitat ovien takana: Syv 43cm, Lev.46,5cm, Kork. 42,5cm, joka on jaettu<br \/>\nyhdell\u00e4 korkeuss\u00e4\u00e4dett\u00e4v\u00e4ll\u00e4 v\u00e4lihyllyll\u00e4.<br \/>\n-Anton tuotesarja on suunniteltu ja valmistettu Suomessa.<br \/>\n-Anton sarja toimitetaan valmiiksi koottuna.<br \/>\n-Ovissa ja laatikoissa push to open mekanismi<br \/>\n-Tuotteen runko ja kansi on MFC- levy\u00e4, laatikkojen ja ovien etusarjat ovat maalattua MDF- levy\u00e4.<br \/>\n-Ovet, runko ja sokkeli\/jalat valkoisia. Kannen v\u00e4ri valittavissa.<\/p>\n<p>Toimitetaan valmiiksi koottuna, vain jalat tai sokkeli irrallaan.<\/p>\n","protected":false},"excerpt":{"rendered":"<p>Kauniin valkoinen Anton-taso kahdella laatikolla ja umpiovella. Suureen 200 cm leve\u00e4\u00e4n Anton TV-tasoon mahtuu kaikki kodin viihdelaitteet helposti, tason taustassa valmiit rei\u00e4t johtoja varten. Tason ovissa ja laatikoissa push-to-open -mekanismilla toimivat ovet, jolloin vetimi\u00e4 ei ole lainkaan. Tv-tason kaappien sis\u00e4ll\u00e4 on yksi v\u00e4lihylly. Anton- sarjaan voit valita kannenv\u00e4rin kolmesta eri v\u00e4rist\u00e4: valkoinen, tammi tai saarni. [&hellip;]<\/p>\n","protected":false},"featured_media":15052,"comment_status":"closed","ping_status":"closed","template":"","meta":{"_acf_changed":false,"jetpack_post_was_ever_published":false,"jetpack_publicize_message":"","jetpack_publicize_feature_enabled":true,"jetpack_social_post_already_shared":true,"jetpack_social_options":{"image_generator_settings":{"template":"highway","default_image_id":0,"font":"","enabled":false},"version":2}},"product_brand":[172],"product_cat":[196],"product_tag":[],"class_list":{"0":"post-10588","1":"product","2":"type-product","3":"status-publish","4":"has-post-thumbnail","6":"product_brand-hiipakka","7":"product_cat-sailytyskalusteet-ja-tv-tasot","8":"product_shipping_class-161","10":"first","11":"instock","12":"purchasable","13":"product-type-simple"},"acf":[],"jetpack_publicize_connections":[],"jetpack_sharing_enabled":true,"jetpack-related-posts":[{"id":10586,"url":"https:\/\/pohjanmaantehtaanmyymala.fi\/en\/tuote\/anton-tv-taso-2-ovea-1-hylly-1-laatikko-150cm-a5-2\/","url_meta":{"origin":10588,"position":0},"title":"ANTON A5.2 TV-taso 150 cm umpiovilla","author":"petri","date":"September 14, 2019","format":false,"excerpt":"Tyylik\u00e4s Hiipakan Anton tv-taso umpivoilla ja laatikoilla. Tasossa on push-to-open mekanismill\u00e4 toimivat ovet ja laatikot, jolloin vetimi\u00e4 ei ole lainkaan. Anton Tv-tason kaappien sis\u00e4ll\u00e4 on yksi v\u00e4lihylly. Tason kansiv\u00e4rin voit valita kolmesta eri kansiv\u00e4rist\u00e4: valkoinen, tammi tai saarni. Anton Hiipakan valmistama kalustesarja, johon kuuluu tasot, lipastot, senkit ja vitriinit. Anton-sarjaan\u2026","rel":"","context":"Similar post","block_context":{"text":"Similar post","link":""},"img":{"alt_text":"Anton Tv-taso valkoinen umpiovilla 150 cm","src":"https:\/\/i0.wp.com\/pohjanmaantehtaanmyymala.fi\/wp-content\/uploads\/2019\/09\/Anton-A5.2-00161552.jpg?fit=1200%2C1200&ssl=1&resize=350%2C200","width":350,"height":200,"srcset":"https:\/\/i0.wp.com\/pohjanmaantehtaanmyymala.fi\/wp-content\/uploads\/2019\/09\/Anton-A5.2-00161552.jpg?fit=1200%2C1200&ssl=1&resize=350%2C200 1x, https:\/\/i0.wp.com\/pohjanmaantehtaanmyymala.fi\/wp-content\/uploads\/2019\/09\/Anton-A5.2-00161552.jpg?fit=1200%2C1200&ssl=1&resize=525%2C300 1.5x, https:\/\/i0.wp.com\/pohjanmaantehtaanmyymala.fi\/wp-content\/uploads\/2019\/09\/Anton-A5.2-00161552.jpg?fit=1200%2C1200&ssl=1&resize=700%2C400 2x, https:\/\/i0.wp.com\/pohjanmaantehtaanmyymala.fi\/wp-content\/uploads\/2019\/09\/Anton-A5.2-00161552.jpg?fit=1200%2C1200&ssl=1&resize=1050%2C600 3x"},"classes":[]},{"id":10587,"url":"https:\/\/pohjanmaantehtaanmyymala.fi\/en\/tuote\/anton-tv-taso-2-ovea-2-laatikkoa-150cm-a5-3\/","url_meta":{"origin":10588,"position":1},"title":"ANTON A5.3 TV-taso umpiovilla 150 cm","author":"petri","date":"September 14, 2019","format":false,"excerpt":"Tyylik\u00e4s Hiipakan Anton tv-taso umpivoilla ja laatikoilla. Tasossa on push-to-open mekanismill\u00e4 toimivat ovet ja laatikot, jolloin vetimi\u00e4 ei ole lainkaan. Tv-tason kaappien sis\u00e4ll\u00e4 on yksi v\u00e4lihylly. Tason kansiv\u00e4rin voit valita kolmesta eri kansiv\u00e4rist\u00e4: valkoinen, tammi tai saarni. Anton-sarjaan on saatavana my\u00f6s puujalat sokkelin tilalle, silloin kokonaiskorkeus kasvaa 8 cm. Vakiotoimitus\u2026","rel":"","context":"Similar post","block_context":{"text":"Similar post","link":""},"img":{"alt_text":"Anton tv-taso 150 cm saarni kannella","src":"https:\/\/i0.wp.com\/pohjanmaantehtaanmyymala.fi\/wp-content\/uploads\/2019\/09\/Anton-A5.3-Tv-taso.jpg?fit=1200%2C1200&ssl=1&resize=350%2C200","width":350,"height":200,"srcset":"https:\/\/i0.wp.com\/pohjanmaantehtaanmyymala.fi\/wp-content\/uploads\/2019\/09\/Anton-A5.3-Tv-taso.jpg?fit=1200%2C1200&ssl=1&resize=350%2C200 1x, https:\/\/i0.wp.com\/pohjanmaantehtaanmyymala.fi\/wp-content\/uploads\/2019\/09\/Anton-A5.3-Tv-taso.jpg?fit=1200%2C1200&ssl=1&resize=525%2C300 1.5x, https:\/\/i0.wp.com\/pohjanmaantehtaanmyymala.fi\/wp-content\/uploads\/2019\/09\/Anton-A5.3-Tv-taso.jpg?fit=1200%2C1200&ssl=1&resize=700%2C400 2x, https:\/\/i0.wp.com\/pohjanmaantehtaanmyymala.fi\/wp-content\/uploads\/2019\/09\/Anton-A5.3-Tv-taso.jpg?fit=1200%2C1200&ssl=1&resize=1050%2C600 3x"},"classes":[]},{"id":10584,"url":"https:\/\/pohjanmaantehtaanmyymala.fi\/en\/tuote\/anton-tv-taso-2-kirkasta-lasiovea-2-laatikkoa-150cm-a5-4\/","url_meta":{"origin":10588,"position":2},"title":"ANTON A5.4 TV-taso 150cm lasiovilla","author":"petri","date":"September 14, 2019","format":false,"excerpt":"Tyylik\u00e4s Hiipakan Anton tv-taso lasiovilla ja laatikoilla. TV-tasossa on push-to-open mekanismill\u00e4 toimivat ovet ja laatikot, jolloin vetimi\u00e4 ei ole lainkaan. Tv-tason kaappien sis\u00e4ll\u00e4 on yksi v\u00e4lihylly. Tason kansiv\u00e4rin voit valita kolmesta eri kansiv\u00e4rist\u00e4: valkoinen, tammi tai saarni. Anton-sarjaan on saatavana my\u00f6s puujalat sokkelin tilalle, silloin kokonaiskorkeus kasvaa 8 cm. Vakiotoimitus\u2026","rel":"","context":"Similar post","block_context":{"text":"Similar post","link":""},"img":{"alt_text":"Anton tv-taso 150cm lasivovilla valkoinen","src":"https:\/\/i0.wp.com\/pohjanmaantehtaanmyymala.fi\/wp-content\/uploads\/2019\/09\/Anton-A5.4-Tv-taso-valkoinen.jpg?fit=1200%2C1200&ssl=1&resize=350%2C200","width":350,"height":200,"srcset":"https:\/\/i0.wp.com\/pohjanmaantehtaanmyymala.fi\/wp-content\/uploads\/2019\/09\/Anton-A5.4-Tv-taso-valkoinen.jpg?fit=1200%2C1200&ssl=1&resize=350%2C200 1x, https:\/\/i0.wp.com\/pohjanmaantehtaanmyymala.fi\/wp-content\/uploads\/2019\/09\/Anton-A5.4-Tv-taso-valkoinen.jpg?fit=1200%2C1200&ssl=1&resize=525%2C300 1.5x, https:\/\/i0.wp.com\/pohjanmaantehtaanmyymala.fi\/wp-content\/uploads\/2019\/09\/Anton-A5.4-Tv-taso-valkoinen.jpg?fit=1200%2C1200&ssl=1&resize=700%2C400 2x, https:\/\/i0.wp.com\/pohjanmaantehtaanmyymala.fi\/wp-content\/uploads\/2019\/09\/Anton-A5.4-Tv-taso-valkoinen.jpg?fit=1200%2C1200&ssl=1&resize=1050%2C600 3x"},"classes":[]},{"id":10582,"url":"https:\/\/pohjanmaantehtaanmyymala.fi\/en\/tuote\/anton-tv-taso-2-etsattua-lasiovea-2-laatikkoa-150cm-a5-5\/","url_meta":{"origin":10588,"position":3},"title":"ANTON A5.5 TV-taso 150cm etsatut lasiovet","author":"petri","date":"September 14, 2019","format":false,"excerpt":"Tyylik\u00e4s Hiipakan Anton tv-taso etsatuilla lasiovilla ja laatikoilla. TV-tasossa on push-to-open mekanismill\u00e4 toimivat ovet ja laatikot, jolloin vetimi\u00e4 ei ole lainkaan. Tv-tason kaappien sis\u00e4ll\u00e4 on yksi v\u00e4lihylly. Tason kansiv\u00e4rin voit valita kolmesta eri kansiv\u00e4rist\u00e4: valkoinen, tammi tai saarni. Anton Hiipakan valmistama kalustesarja, johon kuuluu tasot, lipastot, senkit ja vitriinit. Anton-sarjaan\u2026","rel":"","context":"Similar post","block_context":{"text":"Similar post","link":""},"img":{"alt_text":"Anton tv-taso 150 cm valkoinen","src":"https:\/\/i0.wp.com\/pohjanmaantehtaanmyymala.fi\/wp-content\/uploads\/2019\/09\/Anton-A5.5-tv-taso-valkoinen.jpg?fit=1200%2C1200&ssl=1&resize=350%2C200","width":350,"height":200,"srcset":"https:\/\/i0.wp.com\/pohjanmaantehtaanmyymala.fi\/wp-content\/uploads\/2019\/09\/Anton-A5.5-tv-taso-valkoinen.jpg?fit=1200%2C1200&ssl=1&resize=350%2C200 1x, https:\/\/i0.wp.com\/pohjanmaantehtaanmyymala.fi\/wp-content\/uploads\/2019\/09\/Anton-A5.5-tv-taso-valkoinen.jpg?fit=1200%2C1200&ssl=1&resize=525%2C300 1.5x, https:\/\/i0.wp.com\/pohjanmaantehtaanmyymala.fi\/wp-content\/uploads\/2019\/09\/Anton-A5.5-tv-taso-valkoinen.jpg?fit=1200%2C1200&ssl=1&resize=700%2C400 2x, https:\/\/i0.wp.com\/pohjanmaantehtaanmyymala.fi\/wp-content\/uploads\/2019\/09\/Anton-A5.5-tv-taso-valkoinen.jpg?fit=1200%2C1200&ssl=1&resize=1050%2C600 3x"},"classes":[]},{"id":10589,"url":"https:\/\/pohjanmaantehtaanmyymala.fi\/en\/tuote\/anton-tv-taso-2-ovea-2-hyllya-150cm-a5-1\/","url_meta":{"origin":10588,"position":4},"title":"ANTON A5.1 TV-taso 150 cm umpiovilla","author":"petri","date":"September 14, 2019","format":false,"excerpt":"Tyylik\u00e4s Hiipakan Anton tv-taso umpivoilla ja avo lokeroilla. Tason ovissa push-to-open mekanismill\u00e4 toimivat ovet, jolloin vetimi\u00e4 ei ole lainkaan. Tv-tason kaappien sis\u00e4ll\u00e4 on yksi v\u00e4lihylly. Tason kansiv\u00e4rin voit valita kolmesta eri kansiv\u00e4rist\u00e4: valkoinen, tammi tai saarni. Leveys: 150 cm Korkeus: sokkelilla 50 cm Syvyys: 49 cm Tuotetiedot: -Laitetilan mitat ovien\u2026","rel":"","context":"Similar post","block_context":{"text":"Similar post","link":""},"img":{"alt_text":"Anton tv-taso valkoinen 150 cm","src":"https:\/\/i0.wp.com\/pohjanmaantehtaanmyymala.fi\/wp-content\/uploads\/2019\/09\/Anton-A5.1-tv-taso.jpg?fit=1200%2C1200&ssl=1&resize=350%2C200","width":350,"height":200,"srcset":"https:\/\/i0.wp.com\/pohjanmaantehtaanmyymala.fi\/wp-content\/uploads\/2019\/09\/Anton-A5.1-tv-taso.jpg?fit=1200%2C1200&ssl=1&resize=350%2C200 1x, https:\/\/i0.wp.com\/pohjanmaantehtaanmyymala.fi\/wp-content\/uploads\/2019\/09\/Anton-A5.1-tv-taso.jpg?fit=1200%2C1200&ssl=1&resize=525%2C300 1.5x, https:\/\/i0.wp.com\/pohjanmaantehtaanmyymala.fi\/wp-content\/uploads\/2019\/09\/Anton-A5.1-tv-taso.jpg?fit=1200%2C1200&ssl=1&resize=700%2C400 2x, https:\/\/i0.wp.com\/pohjanmaantehtaanmyymala.fi\/wp-content\/uploads\/2019\/09\/Anton-A5.1-tv-taso.jpg?fit=1200%2C1200&ssl=1&resize=1050%2C600 3x"},"classes":[]},{"id":10585,"url":"https:\/\/pohjanmaantehtaanmyymala.fi\/en\/tuote\/anton-tv-taso-2-kirkasta-lasiovea-2-laatikkoa-200cm-a6-2\/","url_meta":{"origin":10588,"position":5},"title":"ANTON A6.2 TV-taso 200cm lasiovilla","author":"petri","date":"September 14, 2019","format":false,"excerpt":"Tyylik\u00e4s Hiipakan Anton tv-taso lasiovilla ja leveill\u00e4 laatikoilla. Tasossa push-to-open mekanismill\u00e4 toimivat ovet laatikot, jolloin vetimi\u00e4 ei ole lainkaan. Tv-tason kaappien sis\u00e4ll\u00e4 on yksi v\u00e4lihylly. Tason kansiv\u00e4rin voit valita kolmesta eri kansiv\u00e4rist\u00e4: valkoinen, tammi tai saarni. Anton Hiipakan valmistama kalustesarja, johon kuuluu tasot, lipastot, senkit ja vitriinit. Leveys: 200 cm\u2026","rel":"","context":"Similar post","block_context":{"text":"Similar post","link":""},"img":{"alt_text":"Anton tv-taso 200 cm valkoinen","src":"https:\/\/i0.wp.com\/pohjanmaantehtaanmyymala.fi\/wp-content\/uploads\/2019\/09\/Anton-A6.2-0016105.jpg?fit=1200%2C1200&ssl=1&resize=350%2C200","width":350,"height":200,"srcset":"https:\/\/i0.wp.com\/pohjanmaantehtaanmyymala.fi\/wp-content\/uploads\/2019\/09\/Anton-A6.2-0016105.jpg?fit=1200%2C1200&ssl=1&resize=350%2C200 1x, https:\/\/i0.wp.com\/pohjanmaantehtaanmyymala.fi\/wp-content\/uploads\/2019\/09\/Anton-A6.2-0016105.jpg?fit=1200%2C1200&ssl=1&resize=525%2C300 1.5x, https:\/\/i0.wp.com\/pohjanmaantehtaanmyymala.fi\/wp-content\/uploads\/2019\/09\/Anton-A6.2-0016105.jpg?fit=1200%2C1200&ssl=1&resize=700%2C400 2x, https:\/\/i0.wp.com\/pohjanmaantehtaanmyymala.fi\/wp-content\/uploads\/2019\/09\/Anton-A6.2-0016105.jpg?fit=1200%2C1200&ssl=1&resize=1050%2C600 3x"},"classes":[]}],"_links":{"self":[{"href":"https:\/\/pohjanmaantehtaanmyymala.fi\/en\/wp-json\/wp\/v2\/product\/10588","targetHints":{"allow":["GET"]}}],"collection":[{"href":"https:\/\/pohjanmaantehtaanmyymala.fi\/en\/wp-json\/wp\/v2\/product"}],"about":[{"href":"https:\/\/pohjanmaantehtaanmyymala.fi\/en\/wp-json\/wp\/v2\/types\/product"}],"replies":[{"embeddable":true,"href":"https:\/\/pohjanmaantehtaanmyymala.fi\/en\/wp-json\/wp\/v2\/comments?post=10588"}],"wp:featuredmedia":[{"embeddable":true,"href":"https:\/\/pohjanmaantehtaanmyymala.fi\/en\/wp-json\/wp\/v2\/media\/15052"}],"wp:attachment":[{"href":"https:\/\/pohjanmaantehtaanmyymala.fi\/en\/wp-json\/wp\/v2\/media?parent=10588"}],"wp:term":[{"taxonomy":"product_brand","embeddable":true,"href":"https:\/\/pohjanmaantehtaanmyymala.fi\/en\/wp-json\/wp\/v2\/product_brand?post=10588"},{"taxonomy":"product_cat","embeddable":true,"href":"https:\/\/pohjanmaantehtaanmyymala.fi\/en\/wp-json\/wp\/v2\/product_cat?post=10588"},{"taxonomy":"product_tag","embeddable":true,"href":"https:\/\/pohjanmaantehtaanmyymala.fi\/en\/wp-json\/wp\/v2\/product_tag?post=10588"}],"curies":[{"name":"wp","href":"https:\/\/api.w.org\/{rel}","templated":true}]}}