{"id":10582,"date":"2019-09-14T09:44:39","date_gmt":"2019-09-14T07:44:39","guid":{"rendered":"https:\/\/pohjanmaantehtaanmyymala.fi\/tuote\/anton-tv-taso-2-etsattua-lasiovea-2-laatikkoa-150cm-a5-5\/"},"modified":"2022-06-06T12:25:25","modified_gmt":"2022-06-06T10:25:25","slug":"anton-tv-taso-2-etsattua-lasiovea-2-laatikkoa-150cm-a5-5","status":"publish","type":"product","link":"https:\/\/pohjanmaantehtaanmyymala.fi\/en\/tuote\/anton-tv-taso-2-etsattua-lasiovea-2-laatikkoa-150cm-a5-5\/","title":{"rendered":"ANTON A5.5 TV-taso 150cm etsatut lasiovet"},"content":{"rendered":"<p>Tyylik\u00e4s Hiipakan Anton tv-taso etsatuilla lasiovilla ja laatikoilla. TV-tasossa on push-to-open mekanismill\u00e4 toimivat ovet ja laatikot, jolloin vetimi\u00e4 ei ole lainkaan. Tv-tason kaappien sis\u00e4ll\u00e4 on yksi v\u00e4lihylly. Tason kansiv\u00e4rin voit valita kolmesta eri kansiv\u00e4rist\u00e4: valkoinen, tammi tai saarni. Anton Hiipakan valmistama kalustesarja, johon kuuluu tasot, lipastot, senkit ja vitriinit.<\/p>\n<p>Anton-sarjaan on saatavana my\u00f6s puujalat sokkelin tilalle, silloin kokonaiskorkeus kasvaa 8 cm. Vakiotoimitus on aina sokkelilla, mutta jalkasarja myyd\u00e4\u00e4n erikseen lis\u00e4hinnasta.<\/p>\n<p>Leveys: 150 cm<br \/>\nKorkeus: sokkelilla 50 cm, jaloilla 58 cm<br \/>\nSyvyys: 49 cm<\/p>\n<h3>Tuotetiedot:<\/h3>\n<p>-Laitetilan mitat ovien takana: Syv. 43cm, Lev. 46,5cm, Kork. 42,5cm, joka on jaettu<br \/>\nyhdell\u00e4 korkeuss\u00e4\u00e4dett\u00e4v\u00e4ll\u00e4 v\u00e4lihyllyll\u00e4.<br \/>\n-Anton tuotesarja on suunniteltu ja valmistettu Suomessa.<br \/>\n-Anton sarja toimitetaan valmiiksi koottuna.<br \/>\n-Ovissa push to open -mekanismi<br \/>\n-Tuotteen runko ja kansi on MFC- levy\u00e4, laatikkojen ja ovien etusarjat ovat maalattua MDF-levy\u00e4.<br \/>\n-Ovet, runko ja sokkeli valkoisia. Kannen v\u00e4ri valittavissa.<\/p>\n<p>Toimitetaan valmiiksi koottuna.<\/p>\n","protected":false},"excerpt":{"rendered":"<p>Tyylik\u00e4s Hiipakan Anton tv-taso etsatuilla lasiovilla ja laatikoilla. TV-tasossa on push-to-open mekanismill\u00e4 toimivat ovet ja laatikot, jolloin vetimi\u00e4 ei ole lainkaan. Tv-tason kaappien sis\u00e4ll\u00e4 on yksi v\u00e4lihylly. Tason kansiv\u00e4rin voit valita kolmesta eri kansiv\u00e4rist\u00e4: valkoinen, tammi tai saarni. Anton Hiipakan valmistama kalustesarja, johon kuuluu tasot, lipastot, senkit ja vitriinit. Anton-sarjaan on saatavana my\u00f6s puujalat sokkelin [&hellip;]<\/p>\n","protected":false},"featured_media":15242,"comment_status":"closed","ping_status":"closed","template":"","meta":{"_acf_changed":false,"jetpack_post_was_ever_published":false,"jetpack_publicize_message":"","jetpack_publicize_feature_enabled":true,"jetpack_social_post_already_shared":true,"jetpack_social_options":{"image_generator_settings":{"template":"highway","default_image_id":0,"font":"","enabled":false},"version":2}},"product_brand":[172],"product_cat":[196],"product_tag":[],"class_list":{"0":"post-10582","1":"product","2":"type-product","3":"status-publish","4":"has-post-thumbnail","6":"product_brand-hiipakka","7":"product_cat-sailytyskalusteet-ja-tv-tasot","8":"product_shipping_class-161","10":"first","11":"instock","12":"purchasable","13":"product-type-simple"},"acf":[],"jetpack_publicize_connections":[],"jetpack_sharing_enabled":true,"jetpack-related-posts":[{"id":10583,"url":"https:\/\/pohjanmaantehtaanmyymala.fi\/en\/tuote\/anton-tv-taso-2-etsattua-lasiovea-2-laatikkoa-200cm-a6-3\/","url_meta":{"origin":10582,"position":0},"title":"ANTON  A6.3 TV-taso 200cm etsatuilla lasiovilla","author":"petri","date":"September 14, 2019","format":false,"excerpt":"Tyylik\u00e4s Hiipakan Anton tv-taso etsatuilla lasiovilla ja leveill\u00e4 laatikoilla. Tasossa push-to-open mekanismill\u00e4 toimivat ovet laatikot, jolloin vetimi\u00e4 ei ole lainkaan. Tv-tason kaappien sis\u00e4ll\u00e4 on yksi v\u00e4lihylly. Tason kansiv\u00e4rin voit valita kolmesta eri kansiv\u00e4rist\u00e4: valkoinen, tammi tai saarni. Anton on Hiipakan valmistama kalustesarja, johon kuuluu tasot, lipastot, senkit ja vitriinit. Leveys:\u2026","rel":"","context":"Similar post","block_context":{"text":"Similar post","link":""},"img":{"alt_text":"Anton TV-taso 200 cm saarni kansi","src":"https:\/\/i0.wp.com\/pohjanmaantehtaanmyymala.fi\/wp-content\/uploads\/2019\/09\/Anton-A6.3-tv-taso.jpg?fit=1200%2C1200&ssl=1&resize=350%2C200","width":350,"height":200,"srcset":"https:\/\/i0.wp.com\/pohjanmaantehtaanmyymala.fi\/wp-content\/uploads\/2019\/09\/Anton-A6.3-tv-taso.jpg?fit=1200%2C1200&ssl=1&resize=350%2C200 1x, https:\/\/i0.wp.com\/pohjanmaantehtaanmyymala.fi\/wp-content\/uploads\/2019\/09\/Anton-A6.3-tv-taso.jpg?fit=1200%2C1200&ssl=1&resize=525%2C300 1.5x, https:\/\/i0.wp.com\/pohjanmaantehtaanmyymala.fi\/wp-content\/uploads\/2019\/09\/Anton-A6.3-tv-taso.jpg?fit=1200%2C1200&ssl=1&resize=700%2C400 2x, https:\/\/i0.wp.com\/pohjanmaantehtaanmyymala.fi\/wp-content\/uploads\/2019\/09\/Anton-A6.3-tv-taso.jpg?fit=1200%2C1200&ssl=1&resize=1050%2C600 3x"},"classes":[]},{"id":10584,"url":"https:\/\/pohjanmaantehtaanmyymala.fi\/en\/tuote\/anton-tv-taso-2-kirkasta-lasiovea-2-laatikkoa-150cm-a5-4\/","url_meta":{"origin":10582,"position":1},"title":"ANTON A5.4 TV-taso 150cm lasiovilla","author":"petri","date":"September 14, 2019","format":false,"excerpt":"Tyylik\u00e4s Hiipakan Anton tv-taso lasiovilla ja laatikoilla. TV-tasossa on push-to-open mekanismill\u00e4 toimivat ovet ja laatikot, jolloin vetimi\u00e4 ei ole lainkaan. Tv-tason kaappien sis\u00e4ll\u00e4 on yksi v\u00e4lihylly. Tason kansiv\u00e4rin voit valita kolmesta eri kansiv\u00e4rist\u00e4: valkoinen, tammi tai saarni. Anton-sarjaan on saatavana my\u00f6s puujalat sokkelin tilalle, silloin kokonaiskorkeus kasvaa 8 cm. Vakiotoimitus\u2026","rel":"","context":"Similar post","block_context":{"text":"Similar post","link":""},"img":{"alt_text":"Anton tv-taso 150cm lasivovilla valkoinen","src":"https:\/\/i0.wp.com\/pohjanmaantehtaanmyymala.fi\/wp-content\/uploads\/2019\/09\/Anton-A5.4-Tv-taso-valkoinen.jpg?fit=1200%2C1200&ssl=1&resize=350%2C200","width":350,"height":200,"srcset":"https:\/\/i0.wp.com\/pohjanmaantehtaanmyymala.fi\/wp-content\/uploads\/2019\/09\/Anton-A5.4-Tv-taso-valkoinen.jpg?fit=1200%2C1200&ssl=1&resize=350%2C200 1x, https:\/\/i0.wp.com\/pohjanmaantehtaanmyymala.fi\/wp-content\/uploads\/2019\/09\/Anton-A5.4-Tv-taso-valkoinen.jpg?fit=1200%2C1200&ssl=1&resize=525%2C300 1.5x, https:\/\/i0.wp.com\/pohjanmaantehtaanmyymala.fi\/wp-content\/uploads\/2019\/09\/Anton-A5.4-Tv-taso-valkoinen.jpg?fit=1200%2C1200&ssl=1&resize=700%2C400 2x, https:\/\/i0.wp.com\/pohjanmaantehtaanmyymala.fi\/wp-content\/uploads\/2019\/09\/Anton-A5.4-Tv-taso-valkoinen.jpg?fit=1200%2C1200&ssl=1&resize=1050%2C600 3x"},"classes":[]},{"id":10585,"url":"https:\/\/pohjanmaantehtaanmyymala.fi\/en\/tuote\/anton-tv-taso-2-kirkasta-lasiovea-2-laatikkoa-200cm-a6-2\/","url_meta":{"origin":10582,"position":2},"title":"ANTON A6.2 TV-taso 200cm lasiovilla","author":"petri","date":"September 14, 2019","format":false,"excerpt":"Tyylik\u00e4s Hiipakan Anton tv-taso lasiovilla ja leveill\u00e4 laatikoilla. Tasossa push-to-open mekanismill\u00e4 toimivat ovet laatikot, jolloin vetimi\u00e4 ei ole lainkaan. Tv-tason kaappien sis\u00e4ll\u00e4 on yksi v\u00e4lihylly. Tason kansiv\u00e4rin voit valita kolmesta eri kansiv\u00e4rist\u00e4: valkoinen, tammi tai saarni. Anton Hiipakan valmistama kalustesarja, johon kuuluu tasot, lipastot, senkit ja vitriinit. Leveys: 200 cm\u2026","rel":"","context":"Similar post","block_context":{"text":"Similar post","link":""},"img":{"alt_text":"Anton tv-taso 200 cm valkoinen","src":"https:\/\/i0.wp.com\/pohjanmaantehtaanmyymala.fi\/wp-content\/uploads\/2019\/09\/Anton-A6.2-0016105.jpg?fit=1200%2C1200&ssl=1&resize=350%2C200","width":350,"height":200,"srcset":"https:\/\/i0.wp.com\/pohjanmaantehtaanmyymala.fi\/wp-content\/uploads\/2019\/09\/Anton-A6.2-0016105.jpg?fit=1200%2C1200&ssl=1&resize=350%2C200 1x, https:\/\/i0.wp.com\/pohjanmaantehtaanmyymala.fi\/wp-content\/uploads\/2019\/09\/Anton-A6.2-0016105.jpg?fit=1200%2C1200&ssl=1&resize=525%2C300 1.5x, https:\/\/i0.wp.com\/pohjanmaantehtaanmyymala.fi\/wp-content\/uploads\/2019\/09\/Anton-A6.2-0016105.jpg?fit=1200%2C1200&ssl=1&resize=700%2C400 2x, https:\/\/i0.wp.com\/pohjanmaantehtaanmyymala.fi\/wp-content\/uploads\/2019\/09\/Anton-A6.2-0016105.jpg?fit=1200%2C1200&ssl=1&resize=1050%2C600 3x"},"classes":[]},{"id":10599,"url":"https:\/\/pohjanmaantehtaanmyymala.fi\/en\/tuote\/anton-vitriini-etsatut-lasiovet-matala-lasihyllyt-100cm-a8-6\/","url_meta":{"origin":10582,"position":3},"title":"ANTON A8.6 matala vitriini etsatut lasiovet","author":"petri","date":"September 14, 2019","format":false,"excerpt":"Tyylik\u00e4s vitriini kodin tavaroiden s\u00e4ilytykseen. Voit valita Anton-vitriiniin haluamasi kansiv\u00e4rin.","rel":"","context":"Similar post","block_context":{"text":"Similar post","link":""},"img":{"alt_text":"Hiipakka Anton matala vitriini etsattu lasi tammi kansi","src":"https:\/\/i0.wp.com\/pohjanmaantehtaanmyymala.fi\/wp-content\/uploads\/2019\/09\/Anton-A86-0016192-2.jpg?fit=960%2C960&ssl=1&resize=350%2C200","width":350,"height":200,"srcset":"https:\/\/i0.wp.com\/pohjanmaantehtaanmyymala.fi\/wp-content\/uploads\/2019\/09\/Anton-A86-0016192-2.jpg?fit=960%2C960&ssl=1&resize=350%2C200 1x, https:\/\/i0.wp.com\/pohjanmaantehtaanmyymala.fi\/wp-content\/uploads\/2019\/09\/Anton-A86-0016192-2.jpg?fit=960%2C960&ssl=1&resize=525%2C300 1.5x, https:\/\/i0.wp.com\/pohjanmaantehtaanmyymala.fi\/wp-content\/uploads\/2019\/09\/Anton-A86-0016192-2.jpg?fit=960%2C960&ssl=1&resize=700%2C400 2x"},"classes":[]},{"id":10595,"url":"https:\/\/pohjanmaantehtaanmyymala.fi\/en\/tuote\/anton-vitriini-etsatuilla-lasiovilla-lasihyllyt-2-laatikkoa-100cm-korkea-a7-2\/","url_meta":{"origin":10582,"position":4},"title":"ANTON A7.2 Vitriini etsatuilla lasiovilla","author":"petri","date":"September 14, 2019","format":false,"excerpt":"Tyylik\u00e4s vitriini kodin tavaroiden s\u00e4ilytykseen. Voit valita Anton-vitriiniin haluamasi kansiv\u00e4rin.","rel":"","context":"Similar post","block_context":{"text":"Similar post","link":""},"img":{"alt_text":"Hiipakka Anton Vitriini etsattu puuhyllyill\u00e4 saarni kansi","src":"https:\/\/i0.wp.com\/pohjanmaantehtaanmyymala.fi\/wp-content\/uploads\/2019\/09\/Anton-A76-00161291.jpg?fit=960%2C960&ssl=1&resize=350%2C200","width":350,"height":200,"srcset":"https:\/\/i0.wp.com\/pohjanmaantehtaanmyymala.fi\/wp-content\/uploads\/2019\/09\/Anton-A76-00161291.jpg?fit=960%2C960&ssl=1&resize=350%2C200 1x, https:\/\/i0.wp.com\/pohjanmaantehtaanmyymala.fi\/wp-content\/uploads\/2019\/09\/Anton-A76-00161291.jpg?fit=960%2C960&ssl=1&resize=525%2C300 1.5x, https:\/\/i0.wp.com\/pohjanmaantehtaanmyymala.fi\/wp-content\/uploads\/2019\/09\/Anton-A76-00161291.jpg?fit=960%2C960&ssl=1&resize=700%2C400 2x"},"classes":[]},{"id":10596,"url":"https:\/\/pohjanmaantehtaanmyymala.fi\/en\/tuote\/anton-vitriini-etsatulla-lasiovella-lasihyllyt-2-laatikkoa-50cm-korkea-a7-4\/","url_meta":{"origin":10582,"position":5},"title":"ANTON A7.4 Vitriini etsattu lasiovi","author":"petri","date":"September 14, 2019","format":false,"excerpt":"Kotimainen Anton A7.4 kapea Vitriini etsatulla lasiovella. Vitriiniss\u00e4 on lasihyllyt ja 2 s\u00e4ilytyslaatikkoa. Rungon v\u00e4ri on aina valkoinen, kannen v\u00e4riksi voi valita valkoisen, tammen tai saarnin. Anton tuotesarja on suunniteltu ja valmistettu Hiipakan Tehtailla Suomessa. Anton- lasivitriini sopii erinomaisesti skandinaaviseen sisustukseen. Anton vitriinin saa my\u00f6s puuhyllyill\u00e4. Vitriinin nimike puuhyllyill\u00e4 on\u2026","rel":"","context":"Similar post","block_context":{"text":"Similar post","link":""},"img":{"alt_text":"Hiipakka Anton vitriini kapea etsattu lasi valkoinen","src":"https:\/\/i0.wp.com\/pohjanmaantehtaanmyymala.fi\/wp-content\/uploads\/2019\/09\/Anton-A74.jpg?fit=960%2C960&ssl=1&resize=350%2C200","width":350,"height":200,"srcset":"https:\/\/i0.wp.com\/pohjanmaantehtaanmyymala.fi\/wp-content\/uploads\/2019\/09\/Anton-A74.jpg?fit=960%2C960&ssl=1&resize=350%2C200 1x, https:\/\/i0.wp.com\/pohjanmaantehtaanmyymala.fi\/wp-content\/uploads\/2019\/09\/Anton-A74.jpg?fit=960%2C960&ssl=1&resize=525%2C300 1.5x, https:\/\/i0.wp.com\/pohjanmaantehtaanmyymala.fi\/wp-content\/uploads\/2019\/09\/Anton-A74.jpg?fit=960%2C960&ssl=1&resize=700%2C400 2x"},"classes":[]}],"_links":{"self":[{"href":"https:\/\/pohjanmaantehtaanmyymala.fi\/en\/wp-json\/wp\/v2\/product\/10582","targetHints":{"allow":["GET"]}}],"collection":[{"href":"https:\/\/pohjanmaantehtaanmyymala.fi\/en\/wp-json\/wp\/v2\/product"}],"about":[{"href":"https:\/\/pohjanmaantehtaanmyymala.fi\/en\/wp-json\/wp\/v2\/types\/product"}],"replies":[{"embeddable":true,"href":"https:\/\/pohjanmaantehtaanmyymala.fi\/en\/wp-json\/wp\/v2\/comments?post=10582"}],"wp:featuredmedia":[{"embeddable":true,"href":"https:\/\/pohjanmaantehtaanmyymala.fi\/en\/wp-json\/wp\/v2\/media\/15242"}],"wp:attachment":[{"href":"https:\/\/pohjanmaantehtaanmyymala.fi\/en\/wp-json\/wp\/v2\/media?parent=10582"}],"wp:term":[{"taxonomy":"product_brand","embeddable":true,"href":"https:\/\/pohjanmaantehtaanmyymala.fi\/en\/wp-json\/wp\/v2\/product_brand?post=10582"},{"taxonomy":"product_cat","embeddable":true,"href":"https:\/\/pohjanmaantehtaanmyymala.fi\/en\/wp-json\/wp\/v2\/product_cat?post=10582"},{"taxonomy":"product_tag","embeddable":true,"href":"https:\/\/pohjanmaantehtaanmyymala.fi\/en\/wp-json\/wp\/v2\/product_tag?post=10582"}],"curies":[{"name":"wp","href":"https:\/\/api.w.org\/{rel}","templated":true}]}}