{"id":10547,"date":"2019-09-14T09:43:13","date_gmt":"2019-09-14T07:43:13","guid":{"rendered":"https:\/\/pohjanmaantehtaanmyymala.fi\/tuote\/anton-lipasto-2-etsattua-lasiovea-3-hyllya-100cm-a2-4\/"},"modified":"2025-10-29T13:54:32","modified_gmt":"2025-10-29T11:54:32","slug":"anton-lipasto-2-etsattua-lasiovea-3-hyllya-100cm-a2-4","status":"publish","type":"product","link":"https:\/\/pohjanmaantehtaanmyymala.fi\/en\/tuote\/anton-lipasto-2-etsattua-lasiovea-3-hyllya-100cm-a2-4\/","title":{"rendered":"ANTON A2.4 vitriini maitolaseilla"},"content":{"rendered":"<p>Kotimainen Anton matala lasikaappi maitolasiovilla. Rungon v\u00e4ri on aina valkoinen, kannen v\u00e4riksi voi valita valkoisen, tammen tai saarnin. Anton tuotesarja on suunniteltu ja valmistettu Hiipakan Tehtailla Suomessa. Anton- lasivitriini sopii erinomaisesti skandinaaviseen sisustukseen.<\/p>\n<p>Vakiotoimitus tulee puuhyllyill\u00e4.<br \/>\nAnton-sarjaan on saatavana my\u00f6s puujalat sokkelin tilalle, silloin kokonaiskorkeus kasvaa 8 cm.<br \/>\nVakiotoimitus on aina sokkelilla, jalkasarja myyd\u00e4\u00e4n erikseen, lis\u00e4hinta 59 \u20ac<\/p>\n<p>Leveys: 100 cm<br \/>\nKorkeus: sokkelilla 73, jaloilla 81 cm<br \/>\nSyvyys: 49 cm<\/p>\n<h3>Tuotetiedot:<\/h3>\n<p>-Ovissa push to open mekanismi<br \/>\n-Tuotteen runko ja kansi on MFC- levy\u00e4 laatikkojen ja ovien etusarjat ovat maalattua MDF- levy\u00e4.<br \/>\n-Ovet runko ja sokkeli valkoisia. Kannen v\u00e4ri on valittavissa kolmesta eri s\u00e4vyst\u00e4.<br \/>\n-Toimitetaan valmiiksi koottuna, vain jalat\/sokkeli irrallaan.<\/p>\n<p>Anton-sarjasta l\u00f6yd\u00e4t erilaisia lipastoja tv-tasoja senkkej\u00e4 ja vitriinej\u00e4 mill\u00e4 sisustat kotisi tyylikk\u00e4\u00e4sti!<\/p>\n<div id=\"jp-relatedposts\" class=\"jp-relatedposts\"><\/div>\n","protected":false},"excerpt":{"rendered":"<p>Kotimainen Anton matala lasikaappi maitolasiovilla. Rungon v\u00e4ri on aina valkoinen, kannen v\u00e4riksi voi valita valkoisen, tammen tai saarnin. Anton tuotesarja on suunniteltu ja valmistettu Hiipakan Tehtailla Suomessa. Anton- lasivitriini sopii erinomaisesti skandinaaviseen sisustukseen. Vakiotoimitus tulee puuhyllyill\u00e4. Anton-sarjaan on saatavana my\u00f6s puujalat sokkelin tilalle, silloin kokonaiskorkeus kasvaa 8 cm. Vakiotoimitus on aina sokkelilla, jalkasarja myyd\u00e4\u00e4n erikseen, [&hellip;]<\/p>\n","protected":false},"featured_media":21470,"comment_status":"closed","ping_status":"closed","template":"","meta":{"_acf_changed":false,"jetpack_post_was_ever_published":false,"jetpack_publicize_message":"","jetpack_publicize_feature_enabled":true,"jetpack_social_post_already_shared":true,"jetpack_social_options":{"image_generator_settings":{"template":"highway","default_image_id":0,"font":"","enabled":false},"version":2}},"product_brand":[172],"product_cat":[196],"product_tag":[],"class_list":{"0":"post-10547","1":"product","2":"type-product","3":"status-publish","4":"has-post-thumbnail","6":"product_brand-hiipakka","7":"product_cat-sailytyskalusteet-ja-tv-tasot","8":"product_shipping_class-161","10":"first","11":"instock","12":"purchasable","13":"product-type-simple"},"acf":[],"jetpack_publicize_connections":[],"jetpack_sharing_enabled":true,"jetpack-related-posts":[{"id":10548,"url":"https:\/\/pohjanmaantehtaanmyymala.fi\/en\/tuote\/anton-lipasto-2-kirkasta-lasiovea-3-hyllya-100cm-a2-3\/","url_meta":{"origin":10547,"position":0},"title":"ANTON A2.3 matala vitriinikaappi","author":"petri","date":"September 14, 2019","format":false,"excerpt":"Kotimainen Anton matala lasikaappi kirkkailla lasiovilla. Rungon v\u00e4ri on aina valkoinen, kannen v\u00e4riksi voi valita valkoisen, tammen tai saarnin. Anton tuotesarja on suunniteltu ja valmistettu Hiipakan Tehtailla Suomessa. Anton- lasivitriini sopii erinomaisesti skandinaaviseen sisustukseen. Vakiotoimitus tulee puuhyllyill\u00e4. Anton-sarjaan on saatavana my\u00f6s puujalat sokkelin tilalle, silloin kokonaiskorkeus kasvaa 8 cm. Vakiotoimitus\u2026","rel":"","context":"Similar post","block_context":{"text":"Similar post","link":""},"img":{"alt_text":"Anton 2.3 lasiovikaappi kirkailla laseilla tammi kannella","src":"https:\/\/i0.wp.com\/pohjanmaantehtaanmyymala.fi\/wp-content\/uploads\/2019\/09\/Anton-A23-0016150-2.jpg?fit=960%2C960&ssl=1&resize=350%2C200","width":350,"height":200,"srcset":"https:\/\/i0.wp.com\/pohjanmaantehtaanmyymala.fi\/wp-content\/uploads\/2019\/09\/Anton-A23-0016150-2.jpg?fit=960%2C960&ssl=1&resize=350%2C200 1x, https:\/\/i0.wp.com\/pohjanmaantehtaanmyymala.fi\/wp-content\/uploads\/2019\/09\/Anton-A23-0016150-2.jpg?fit=960%2C960&ssl=1&resize=525%2C300 1.5x, https:\/\/i0.wp.com\/pohjanmaantehtaanmyymala.fi\/wp-content\/uploads\/2019\/09\/Anton-A23-0016150-2.jpg?fit=960%2C960&ssl=1&resize=700%2C400 2x"},"classes":[]},{"id":10605,"url":"https:\/\/pohjanmaantehtaanmyymala.fi\/en\/tuote\/anton-vitriini-kirkkaat-lasiovet-lasihyllyt-matala-100cm-a8-5\/","url_meta":{"origin":10547,"position":1},"title":"ANTON A8.5 Vitriini kirkkaat lasiovet","author":"petri","date":"September 14, 2019","format":false,"excerpt":"Kotimainen Anton A8.6 matala Vitriini kirkkailla lasiovilla. Rungon v\u00e4ri on aina valkoinen, kannen v\u00e4riksi voi valita valkoisen, tammen tai saarnin. Anton tuotesarja on suunniteltu ja valmistettu Hiipakan Tehtailla Suomessa. Anton- lasivitriini sopii erinomaisesti skandinaaviseen sisustukseen. Vakiotoimitus tulee lasihyllyill\u00e4, mutta vitriinin saa my\u00f6s puuhyllyill\u00e4. Vitriini nimike puuhyllyill\u00e4 on Anton A8.8. Anton-sarjaan\u2026","rel":"","context":"Similar post","block_context":{"text":"Similar post","link":""},"img":{"alt_text":"Hiipakka Anton vitriini jaloilla valkoinen saarni","src":"https:\/\/i0.wp.com\/pohjanmaantehtaanmyymala.fi\/wp-content\/uploads\/2019\/09\/Anton-A85-0016188.jpg?fit=960%2C960&ssl=1&resize=350%2C200","width":350,"height":200,"srcset":"https:\/\/i0.wp.com\/pohjanmaantehtaanmyymala.fi\/wp-content\/uploads\/2019\/09\/Anton-A85-0016188.jpg?fit=960%2C960&ssl=1&resize=350%2C200 1x, https:\/\/i0.wp.com\/pohjanmaantehtaanmyymala.fi\/wp-content\/uploads\/2019\/09\/Anton-A85-0016188.jpg?fit=960%2C960&ssl=1&resize=525%2C300 1.5x, https:\/\/i0.wp.com\/pohjanmaantehtaanmyymala.fi\/wp-content\/uploads\/2019\/09\/Anton-A85-0016188.jpg?fit=960%2C960&ssl=1&resize=700%2C400 2x"},"classes":[]},{"id":10549,"url":"https:\/\/pohjanmaantehtaanmyymala.fi\/en\/tuote\/anton-lipasto-2-ovea-3-hyllya-100cm-a2-2\/","url_meta":{"origin":10547,"position":2},"title":"ANTON 2.2 kaappi 2 ovella 100 cm","author":"petri","date":"September 14, 2019","format":false,"excerpt":"Kotimainen Anton A2.2 puuovikaappi. Rungon v\u00e4ri on aina valkoinen, kannen v\u00e4riksi voi valita valkoisen, tammen tai saarnin. Anton tuotesarja on suunniteltu ja valmistettu Hiipakan Tehtailla Suomessa. Anton- lasivitriini sopii erinomaisesti skandinaaviseen sisustukseen. Vakiotoimitus tulee puuhyllyill\u00e4. Anton-sarjaan on saatavana my\u00f6s puujalat sokkelin tilalle, silloin kokonaiskorkeus kasvaa 8 cm. Vakiotoimitus on aina\u2026","rel":"","context":"Similar post","block_context":{"text":"Similar post","link":""},"img":{"alt_text":"ANTON 2.2 kaappi 2 ovella","src":"https:\/\/i0.wp.com\/pohjanmaantehtaanmyymala.fi\/wp-content\/uploads\/2019\/09\/Anton-A22-0016146-1.jpg?fit=960%2C960&ssl=1&resize=350%2C200","width":350,"height":200,"srcset":"https:\/\/i0.wp.com\/pohjanmaantehtaanmyymala.fi\/wp-content\/uploads\/2019\/09\/Anton-A22-0016146-1.jpg?fit=960%2C960&ssl=1&resize=350%2C200 1x, https:\/\/i0.wp.com\/pohjanmaantehtaanmyymala.fi\/wp-content\/uploads\/2019\/09\/Anton-A22-0016146-1.jpg?fit=960%2C960&ssl=1&resize=525%2C300 1.5x, https:\/\/i0.wp.com\/pohjanmaantehtaanmyymala.fi\/wp-content\/uploads\/2019\/09\/Anton-A22-0016146-1.jpg?fit=960%2C960&ssl=1&resize=700%2C400 2x"},"classes":[]},{"id":10551,"url":"https:\/\/pohjanmaantehtaanmyymala.fi\/en\/tuote\/anton-lipasto-kirkkaalla-lasiovella-3-hyllya-50cm-a1-3\/","url_meta":{"origin":10547,"position":3},"title":"ANTON A1.3 kaappi kirkkaalla lasiovella","author":"petri","date":"September 14, 2019","format":false,"excerpt":"Kotimainen Anton A1.3. pieni Vitriinikaappi kirkkaalla lasiovella. Rungon v\u00e4ri on aina valkoinen, kannen v\u00e4riksi voi valita valkoisen, tammen tai saarnin. Anton tuotesarja on suunniteltu ja valmistettu Hiipakan Tehtailla Suomessa. Anton- lasivitriini sopii erinomaisesti skandinaaviseen sisustukseen. Vakiotoimitus tulee puuhyllyill\u00e4, mutta vitriinin saa my\u00f6s lasihyllyill\u00e4. Anton-sarjaan on saatavana my\u00f6s puujalat sokkelin tilalle,\u2026","rel":"","context":"Similar post","block_context":{"text":"Similar post","link":""},"img":{"alt_text":"Anton kaappi lasiovella valkoinen","src":"https:\/\/i0.wp.com\/pohjanmaantehtaanmyymala.fi\/wp-content\/uploads\/2019\/09\/Anton-A1.3-lipasto.jpg?fit=1200%2C1200&ssl=1&resize=350%2C200","width":350,"height":200,"srcset":"https:\/\/i0.wp.com\/pohjanmaantehtaanmyymala.fi\/wp-content\/uploads\/2019\/09\/Anton-A1.3-lipasto.jpg?fit=1200%2C1200&ssl=1&resize=350%2C200 1x, https:\/\/i0.wp.com\/pohjanmaantehtaanmyymala.fi\/wp-content\/uploads\/2019\/09\/Anton-A1.3-lipasto.jpg?fit=1200%2C1200&ssl=1&resize=525%2C300 1.5x, https:\/\/i0.wp.com\/pohjanmaantehtaanmyymala.fi\/wp-content\/uploads\/2019\/09\/Anton-A1.3-lipasto.jpg?fit=1200%2C1200&ssl=1&resize=700%2C400 2x, https:\/\/i0.wp.com\/pohjanmaantehtaanmyymala.fi\/wp-content\/uploads\/2019\/09\/Anton-A1.3-lipasto.jpg?fit=1200%2C1200&ssl=1&resize=1050%2C600 3x"},"classes":[]},{"id":10593,"url":"https:\/\/pohjanmaantehtaanmyymala.fi\/en\/tuote\/anton-vitriini-etsattu-lasiovi-lasihyllyt-matala-50cm-a8-2\/","url_meta":{"origin":10547,"position":4},"title":"ANTON A8.2 matala vitriini etsattu lasiovi","author":"petri","date":"September 14, 2019","format":false,"excerpt":"Kotimainen Anton A8.2 matala Vitriini etsatulla lasiovella. Rungon v\u00e4ri on aina valkoinen, kannen v\u00e4riksi voi valita valkoisen, tammen tai saarnin. Anton tuotesarja on suunniteltu ja valmistettu Hiipakan Tehtailla Suomessa. Anton- lasivitriini sopii erinomaisesti skandinaaviseen sisustukseen. Vakiotoimitus tulee lasihyllyill\u00e4, mutta vitriinin saa my\u00f6s puuhyllyill\u00e4. Vitriini nimike puuhyllyill\u00e4 on Anton A8.3. Anton-sarjaan\u2026","rel":"","context":"Similar post","block_context":{"text":"Similar post","link":""},"img":{"alt_text":"","src":"https:\/\/i0.wp.com\/pohjanmaantehtaanmyymala.fi\/wp-content\/uploads\/2019\/09\/Anton-A82-0016178.jpg?fit=960%2C960&ssl=1&resize=350%2C200","width":350,"height":200,"srcset":"https:\/\/i0.wp.com\/pohjanmaantehtaanmyymala.fi\/wp-content\/uploads\/2019\/09\/Anton-A82-0016178.jpg?fit=960%2C960&ssl=1&resize=350%2C200 1x, https:\/\/i0.wp.com\/pohjanmaantehtaanmyymala.fi\/wp-content\/uploads\/2019\/09\/Anton-A82-0016178.jpg?fit=960%2C960&ssl=1&resize=525%2C300 1.5x, https:\/\/i0.wp.com\/pohjanmaantehtaanmyymala.fi\/wp-content\/uploads\/2019\/09\/Anton-A82-0016178.jpg?fit=960%2C960&ssl=1&resize=700%2C400 2x"},"classes":[]},{"id":10601,"url":"https:\/\/pohjanmaantehtaanmyymala.fi\/en\/tuote\/anton-vitriini-kirkas-lasiovi-lasihyllyt-matala-50cm-a8-1\/","url_meta":{"origin":10547,"position":5},"title":"ANTON A8.1 matala vitriini kirkas lasiovi","author":"petri","date":"September 14, 2019","format":false,"excerpt":"Kotimainen Anton A8.1 matala Vitriini kirkkaalla lasiovella. Rungon v\u00e4ri on aina valkoinen, kannen v\u00e4riksi voi valita valkoisen, tammen tai saarnin. Anton tuotesarja on suunniteltu ja valmistettu Hiipakan Tehtailla Suomessa. Anton- lasivitriini sopii erinomaisesti skandinaaviseen sisustukseen. Vakiotoimitus tulee lasihyllyill\u00e4, mutta vitriinin saa my\u00f6s puuhyllyill\u00e4. Vitriini nimike puuhyllyill\u00e4 on Anton A8.3. Anton-sarjaan\u2026","rel":"","context":"Similar post","block_context":{"text":"Similar post","link":""},"img":{"alt_text":"","src":"https:\/\/i0.wp.com\/pohjanmaantehtaanmyymala.fi\/wp-content\/uploads\/2019\/09\/Anton-A81-0016168.jpg?fit=960%2C960&ssl=1&resize=350%2C200","width":350,"height":200,"srcset":"https:\/\/i0.wp.com\/pohjanmaantehtaanmyymala.fi\/wp-content\/uploads\/2019\/09\/Anton-A81-0016168.jpg?fit=960%2C960&ssl=1&resize=350%2C200 1x, https:\/\/i0.wp.com\/pohjanmaantehtaanmyymala.fi\/wp-content\/uploads\/2019\/09\/Anton-A81-0016168.jpg?fit=960%2C960&ssl=1&resize=525%2C300 1.5x, https:\/\/i0.wp.com\/pohjanmaantehtaanmyymala.fi\/wp-content\/uploads\/2019\/09\/Anton-A81-0016168.jpg?fit=960%2C960&ssl=1&resize=700%2C400 2x"},"classes":[]}],"_links":{"self":[{"href":"https:\/\/pohjanmaantehtaanmyymala.fi\/en\/wp-json\/wp\/v2\/product\/10547","targetHints":{"allow":["GET"]}}],"collection":[{"href":"https:\/\/pohjanmaantehtaanmyymala.fi\/en\/wp-json\/wp\/v2\/product"}],"about":[{"href":"https:\/\/pohjanmaantehtaanmyymala.fi\/en\/wp-json\/wp\/v2\/types\/product"}],"replies":[{"embeddable":true,"href":"https:\/\/pohjanmaantehtaanmyymala.fi\/en\/wp-json\/wp\/v2\/comments?post=10547"}],"wp:featuredmedia":[{"embeddable":true,"href":"https:\/\/pohjanmaantehtaanmyymala.fi\/en\/wp-json\/wp\/v2\/media\/21470"}],"wp:attachment":[{"href":"https:\/\/pohjanmaantehtaanmyymala.fi\/en\/wp-json\/wp\/v2\/media?parent=10547"}],"wp:term":[{"taxonomy":"product_brand","embeddable":true,"href":"https:\/\/pohjanmaantehtaanmyymala.fi\/en\/wp-json\/wp\/v2\/product_brand?post=10547"},{"taxonomy":"product_cat","embeddable":true,"href":"https:\/\/pohjanmaantehtaanmyymala.fi\/en\/wp-json\/wp\/v2\/product_cat?post=10547"},{"taxonomy":"product_tag","embeddable":true,"href":"https:\/\/pohjanmaantehtaanmyymala.fi\/en\/wp-json\/wp\/v2\/product_tag?post=10547"}],"curies":[{"name":"wp","href":"https:\/\/api.w.org\/{rel}","templated":true}]}}