{"id":10529,"date":"2019-09-14T09:38:05","date_gmt":"2019-09-14T07:38:05","guid":{"rendered":"https:\/\/pohjanmaantehtaanmyymala.fi\/tuote\/uniikki-runkopatja-petauspatjalla\/"},"modified":"2023-01-23T17:00:19","modified_gmt":"2023-01-23T15:00:19","slug":"uniikki-runkopatja-petauspatjalla","status":"publish","type":"product","link":"https:\/\/pohjanmaantehtaanmyymala.fi\/en\/tuote\/uniikki-runkopatja-petauspatjalla\/","title":{"rendered":"UNIIKKI &#8211; runkopatja 120 cm petauspatjalla"},"content":{"rendered":"<p>J\u00e4m\u00e4kk\u00e4 120 cm leve\u00e4\u00a0 Uniikki-runkopatja pussijousituksella ja 4 cm:n Uniikki -vaahtomuovisijauspatjalla. Tihe\u00e4n pussijousituksen ansiosta Uniikki- runkos\u00e4nky soveltuu my\u00f6s aikuiselle nukkujalle. Uniikki- runkos\u00e4nky on verhoiltu tyylikk\u00e4\u00e4n harmaalla kankaalla s\u00e4ngyn viimeistelee mustat tukevat puujalat.<\/p>\n<p><strong>P\u00e4\u00e4ty ei sis\u00e4lly hintaan!<\/strong> P\u00e4\u00e4dyn hinta on n\u00e4ht\u00e4viss\u00e4 <a href=\"https:\/\/pohjanmaantehtaanmyymala.fi\/tuote\/uniikki-sangynpaaty\/\">t\u00e4\u00e4lt\u00e4!<\/a><strong><br \/>\n<\/strong><\/p>\n<h3>Tuotetiedot:<\/h3>\n<p>Runko: Havupuuta ja vaneria.<br \/>\nJousisto: Pussijousitus 250 jousta\/m2 jousen lankavahvuus 2mm.<br \/>\nVerhoiltu tummanharmaalla Inari -kankaalla.<br \/>\nPetauspatja: sisus vaahtomuovia, paksuus 4 cm, p\u00e4\u00e4llinen irrotettavissa ja kest\u00e4\u00e4 vesipesun.<br \/>\nJalat: Mustaksi petsattua m\u00e4nty\u00e4. K\u00e4sin kierrett\u00e4v\u00e4t.<\/p>\n","protected":false},"excerpt":{"rendered":"<p>J\u00e4m\u00e4kk\u00e4 120 cm leve\u00e4\u00a0 Uniikki-runkopatja pussijousituksella ja 4 cm:n Uniikki -vaahtomuovisijauspatjalla. Tihe\u00e4n pussijousituksen ansiosta Uniikki- runkos\u00e4nky soveltuu my\u00f6s aikuiselle nukkujalle. Uniikki- runkos\u00e4nky on verhoiltu tyylikk\u00e4\u00e4n harmaalla kankaalla s\u00e4ngyn viimeistelee mustat tukevat puujalat. P\u00e4\u00e4ty ei sis\u00e4lly hintaan! P\u00e4\u00e4dyn hinta on n\u00e4ht\u00e4viss\u00e4 t\u00e4\u00e4lt\u00e4! Tuotetiedot: Runko: Havupuuta ja vaneria. Jousisto: Pussijousitus 250 jousta\/m2 jousen lankavahvuus 2mm. Verhoiltu tummanharmaalla [&hellip;]<\/p>\n","protected":false},"featured_media":13579,"comment_status":"closed","ping_status":"closed","template":"","meta":{"_acf_changed":false,"jetpack_post_was_ever_published":false,"jetpack_publicize_message":"","jetpack_publicize_feature_enabled":true,"jetpack_social_post_already_shared":true,"jetpack_social_options":{"image_generator_settings":{"template":"highway","default_image_id":0,"font":"","enabled":false},"version":2}},"product_brand":[206],"product_cat":[198],"product_tag":[],"class_list":{"0":"post-10529","1":"product","2":"type-product","3":"status-publish","4":"has-post-thumbnail","6":"product_brand-furnico","7":"product_cat-patjat-ja-sangyt","8":"product_shipping_class-161","10":"first","11":"instock","12":"sale","13":"purchasable","14":"product-type-simple"},"acf":[],"jetpack_publicize_connections":[],"jetpack_sharing_enabled":true,"jetpack-related-posts":[{"id":28679,"url":"https:\/\/pohjanmaantehtaanmyymala.fi\/en\/tuote\/uniikki-runkopatja-140x200-cm-petauspatjalla\/","url_meta":{"origin":10529,"position":0},"title":"UNIIKKI &#8211; runkopatja 140&#215;200 cm petauspatjalla","author":"Sami Viitala","date":"August 27, 2025","format":false,"excerpt":"Kunnon 140 cm leve\u00e4\u00a0 Uniikki-runkopatja pussijousituksella ja 4 cm:n Uniikki -vaahtomuovisijauspatjalla. Tihe\u00e4n pussijousituksen ansiosta Uniikki- runkos\u00e4nky soveltuu my\u00f6s aikuiselle nukkujalle. Uniikki- runkos\u00e4nky on verhoiltu tyylikk\u00e4\u00e4n harmaalla kankaalla s\u00e4ngyn viimeistelee mustat tukevat puujalat. Voit valita s\u00e4nkyysi my\u00f6s paksumman petarin, kysy lis\u00e4tietoa myynnist\u00e4mme. P\u00e4\u00e4ty ei sis\u00e4lly hintaan! P\u00e4\u00e4dyn hinta on n\u00e4ht\u00e4viss\u00e4 t\u00e4\u00e4lt\u00e4!\u2026","rel":"","context":"Similar post","block_context":{"text":"Similar post","link":""},"img":{"alt_text":"Uniikki 140 cm leve\u00e4 runkos\u00e4nky, jossa on 4 cm paksu petauspatja ja mustat jalat.","src":"https:\/\/i0.wp.com\/pohjanmaantehtaanmyymala.fi\/wp-content\/uploads\/2025\/08\/Uniikki_Runkopatja_140x200_paaty.jpg?fit=1000%2C1000&ssl=1&resize=350%2C200","width":350,"height":200,"srcset":"https:\/\/i0.wp.com\/pohjanmaantehtaanmyymala.fi\/wp-content\/uploads\/2025\/08\/Uniikki_Runkopatja_140x200_paaty.jpg?fit=1000%2C1000&ssl=1&resize=350%2C200 1x, https:\/\/i0.wp.com\/pohjanmaantehtaanmyymala.fi\/wp-content\/uploads\/2025\/08\/Uniikki_Runkopatja_140x200_paaty.jpg?fit=1000%2C1000&ssl=1&resize=525%2C300 1.5x, https:\/\/i0.wp.com\/pohjanmaantehtaanmyymala.fi\/wp-content\/uploads\/2025\/08\/Uniikki_Runkopatja_140x200_paaty.jpg?fit=1000%2C1000&ssl=1&resize=700%2C400 2x"},"classes":[]},{"id":29727,"url":"https:\/\/pohjanmaantehtaanmyymala.fi\/en\/tuote\/uniikki-runkopatja-80-cm-petauspatjalla\/","url_meta":{"origin":10529,"position":1},"title":"UNIIKKI &#8211; runkopatja 80 cm petauspatjalla","author":"Sami Viitala","date":"February 16, 2026","format":false,"excerpt":"T\u00e4st\u00e4 perus pussijousitettu runkos\u00e4nky edullisesti.","rel":"","context":"Similar post","block_context":{"text":"Similar post","link":""},"img":{"alt_text":"Uniikki runkos\u00e4nky 80x200 cm tummanharmaalla verhoilulla ja mustilla kantikkailla jaloilla","src":"https:\/\/i0.wp.com\/pohjanmaantehtaanmyymala.fi\/wp-content\/uploads\/2026\/02\/Uniikki_Runkopatja_80.jpg?fit=1200%2C1200&ssl=1&resize=350%2C200","width":350,"height":200,"srcset":"https:\/\/i0.wp.com\/pohjanmaantehtaanmyymala.fi\/wp-content\/uploads\/2026\/02\/Uniikki_Runkopatja_80.jpg?fit=1200%2C1200&ssl=1&resize=350%2C200 1x, https:\/\/i0.wp.com\/pohjanmaantehtaanmyymala.fi\/wp-content\/uploads\/2026\/02\/Uniikki_Runkopatja_80.jpg?fit=1200%2C1200&ssl=1&resize=525%2C300 1.5x, https:\/\/i0.wp.com\/pohjanmaantehtaanmyymala.fi\/wp-content\/uploads\/2026\/02\/Uniikki_Runkopatja_80.jpg?fit=1200%2C1200&ssl=1&resize=700%2C400 2x, https:\/\/i0.wp.com\/pohjanmaantehtaanmyymala.fi\/wp-content\/uploads\/2026\/02\/Uniikki_Runkopatja_80.jpg?fit=1200%2C1200&ssl=1&resize=1050%2C600 3x"},"classes":[]},{"id":24968,"url":"https:\/\/pohjanmaantehtaanmyymala.fi\/en\/tuote\/uniikki-plus-runkopatja-120x200-cm\/","url_meta":{"origin":10529,"position":2},"title":"UNIIKKI Plus runkopatja 120&#215;200 cm","author":"Miro Nevala","date":"February 6, 2024","format":false,"excerpt":"Muhkean n\u00e4k\u00f6inen s\u00e4nky pehme\u00e4ll\u00e4 petauspatjalla.","rel":"","context":"Similar post","block_context":{"text":"Similar post","link":""},"img":{"alt_text":"Uniikki plus runkos\u00e4nky 120x220 cm","src":"https:\/\/i0.wp.com\/pohjanmaantehtaanmyymala.fi\/wp-content\/uploads\/2024\/02\/Uniikki_plus_Runkopatja_120.jpg?fit=960%2C960&ssl=1&resize=350%2C200","width":350,"height":200,"srcset":"https:\/\/i0.wp.com\/pohjanmaantehtaanmyymala.fi\/wp-content\/uploads\/2024\/02\/Uniikki_plus_Runkopatja_120.jpg?fit=960%2C960&ssl=1&resize=350%2C200 1x, https:\/\/i0.wp.com\/pohjanmaantehtaanmyymala.fi\/wp-content\/uploads\/2024\/02\/Uniikki_plus_Runkopatja_120.jpg?fit=960%2C960&ssl=1&resize=525%2C300 1.5x, https:\/\/i0.wp.com\/pohjanmaantehtaanmyymala.fi\/wp-content\/uploads\/2024\/02\/Uniikki_plus_Runkopatja_120.jpg?fit=960%2C960&ssl=1&resize=700%2C400 2x"},"classes":[]},{"id":10523,"url":"https:\/\/pohjanmaantehtaanmyymala.fi\/en\/tuote\/uniikki-plus-runkopatja-petauspatjalla\/","url_meta":{"origin":10529,"position":3},"title":"UNIIKKI PLUS paris\u00e4nkysetti","author":"petri","date":"September 14, 2019","format":false,"excerpt":"Korkeampi s\u00e4ngyn runko n\u00e4ytt\u00e4\u00e4 muhkeammalta. Valitse koko alta!","rel":"","context":"Similar post","block_context":{"text":"Similar post","link":""},"img":{"alt_text":"Uniikki plus s\u00e4nkysetti 160 cm leve\u00e4n\u00e4","src":"https:\/\/i0.wp.com\/pohjanmaantehtaanmyymala.fi\/wp-content\/uploads\/2019\/09\/Uniikki_plus_runkopatjasetti_160.jpg?fit=960%2C960&ssl=1&resize=350%2C200","width":350,"height":200,"srcset":"https:\/\/i0.wp.com\/pohjanmaantehtaanmyymala.fi\/wp-content\/uploads\/2019\/09\/Uniikki_plus_runkopatjasetti_160.jpg?fit=960%2C960&ssl=1&resize=350%2C200 1x, https:\/\/i0.wp.com\/pohjanmaantehtaanmyymala.fi\/wp-content\/uploads\/2019\/09\/Uniikki_plus_runkopatjasetti_160.jpg?fit=960%2C960&ssl=1&resize=525%2C300 1.5x, https:\/\/i0.wp.com\/pohjanmaantehtaanmyymala.fi\/wp-content\/uploads\/2019\/09\/Uniikki_plus_runkopatjasetti_160.jpg?fit=960%2C960&ssl=1&resize=700%2C400 2x"},"classes":[]},{"id":10512,"url":"https:\/\/pohjanmaantehtaanmyymala.fi\/en\/tuote\/uniikki-jenkkisanky-petauspatjalla-120cm\/","url_meta":{"origin":10529,"position":4},"title":"UNIIKKI &#8211; jenkkis\u00e4nky petauspatjalla ja p\u00e4\u00e4dyll\u00e4 120&#215;200 cm","author":"petri","date":"September 14, 2019","format":false,"excerpt":"Nuorison suosima pussijousitettu jenkkiss\u00e4nky.","rel":"","context":"Similar post","block_context":{"text":"Similar post","link":""},"img":{"alt_text":"Uniikki Jenkkis\u00e4nky 120 cm","src":"https:\/\/i0.wp.com\/pohjanmaantehtaanmyymala.fi\/wp-content\/uploads\/2019\/09\/Uniikki_Jenkkisanky_120.jpg?fit=1200%2C988&ssl=1&resize=350%2C200","width":350,"height":200,"srcset":"https:\/\/i0.wp.com\/pohjanmaantehtaanmyymala.fi\/wp-content\/uploads\/2019\/09\/Uniikki_Jenkkisanky_120.jpg?fit=1200%2C988&ssl=1&resize=350%2C200 1x, https:\/\/i0.wp.com\/pohjanmaantehtaanmyymala.fi\/wp-content\/uploads\/2019\/09\/Uniikki_Jenkkisanky_120.jpg?fit=1200%2C988&ssl=1&resize=525%2C300 1.5x, https:\/\/i0.wp.com\/pohjanmaantehtaanmyymala.fi\/wp-content\/uploads\/2019\/09\/Uniikki_Jenkkisanky_120.jpg?fit=1200%2C988&ssl=1&resize=700%2C400 2x, https:\/\/i0.wp.com\/pohjanmaantehtaanmyymala.fi\/wp-content\/uploads\/2019\/09\/Uniikki_Jenkkisanky_120.jpg?fit=1200%2C988&ssl=1&resize=1050%2C600 3x"},"classes":[]},{"id":24974,"url":"https:\/\/pohjanmaantehtaanmyymala.fi\/en\/tuote\/uniikki-plus-runkopatja-90x200-cm\/","url_meta":{"origin":10529,"position":5},"title":"UNIIKKI Plus runkopatja 90&#215;200 cm","author":"Miro Nevala","date":"February 7, 2024","format":false,"excerpt":"Muhkea edullinen s\u00e4nky petauspatjalla nyt 90cm leve\u00e4n\u00e4!","rel":"","context":"Similar post","block_context":{"text":"Similar post","link":""},"img":{"alt_text":"Uniikki plus runkopatja petarille 90 cm","src":"https:\/\/i0.wp.com\/pohjanmaantehtaanmyymala.fi\/wp-content\/uploads\/2019\/09\/Uniikki-plus-90-1500jpg.jpg?fit=1200%2C1082&ssl=1&resize=350%2C200","width":350,"height":200,"srcset":"https:\/\/i0.wp.com\/pohjanmaantehtaanmyymala.fi\/wp-content\/uploads\/2019\/09\/Uniikki-plus-90-1500jpg.jpg?fit=1200%2C1082&ssl=1&resize=350%2C200 1x, https:\/\/i0.wp.com\/pohjanmaantehtaanmyymala.fi\/wp-content\/uploads\/2019\/09\/Uniikki-plus-90-1500jpg.jpg?fit=1200%2C1082&ssl=1&resize=525%2C300 1.5x, https:\/\/i0.wp.com\/pohjanmaantehtaanmyymala.fi\/wp-content\/uploads\/2019\/09\/Uniikki-plus-90-1500jpg.jpg?fit=1200%2C1082&ssl=1&resize=700%2C400 2x, https:\/\/i0.wp.com\/pohjanmaantehtaanmyymala.fi\/wp-content\/uploads\/2019\/09\/Uniikki-plus-90-1500jpg.jpg?fit=1200%2C1082&ssl=1&resize=1050%2C600 3x"},"classes":[]}],"_links":{"self":[{"href":"https:\/\/pohjanmaantehtaanmyymala.fi\/en\/wp-json\/wp\/v2\/product\/10529","targetHints":{"allow":["GET"]}}],"collection":[{"href":"https:\/\/pohjanmaantehtaanmyymala.fi\/en\/wp-json\/wp\/v2\/product"}],"about":[{"href":"https:\/\/pohjanmaantehtaanmyymala.fi\/en\/wp-json\/wp\/v2\/types\/product"}],"replies":[{"embeddable":true,"href":"https:\/\/pohjanmaantehtaanmyymala.fi\/en\/wp-json\/wp\/v2\/comments?post=10529"}],"wp:featuredmedia":[{"embeddable":true,"href":"https:\/\/pohjanmaantehtaanmyymala.fi\/en\/wp-json\/wp\/v2\/media\/13579"}],"wp:attachment":[{"href":"https:\/\/pohjanmaantehtaanmyymala.fi\/en\/wp-json\/wp\/v2\/media?parent=10529"}],"wp:term":[{"taxonomy":"product_brand","embeddable":true,"href":"https:\/\/pohjanmaantehtaanmyymala.fi\/en\/wp-json\/wp\/v2\/product_brand?post=10529"},{"taxonomy":"product_cat","embeddable":true,"href":"https:\/\/pohjanmaantehtaanmyymala.fi\/en\/wp-json\/wp\/v2\/product_cat?post=10529"},{"taxonomy":"product_tag","embeddable":true,"href":"https:\/\/pohjanmaantehtaanmyymala.fi\/en\/wp-json\/wp\/v2\/product_tag?post=10529"}],"curies":[{"name":"wp","href":"https:\/\/api.w.org\/{rel}","templated":true}]}}