{"id":10510,"date":"2019-09-14T09:37:23","date_gmt":"2019-09-14T07:37:23","guid":{"rendered":"https:\/\/pohjanmaantehtaanmyymala.fi\/tuote\/uniikki-jenkkisanky-petauspatjalla\/"},"modified":"2023-07-14T14:29:44","modified_gmt":"2023-07-14T12:29:44","slug":"uniikki-jenkkisanky-petauspatjalla","status":"publish","type":"product","link":"https:\/\/pohjanmaantehtaanmyymala.fi\/en\/tuote\/uniikki-jenkkisanky-petauspatjalla\/","title":{"rendered":"UNIIKKI &#8211; jenkkis\u00e4nky petauspatjalla"},"content":{"rendered":"<p>Uniikki- jenkkis\u00e4nky on hinta-laatusuhteeltaan mainio s\u00e4nkyvalinta. Uniikki -Jenkkis\u00e4ngyn v\u00e4lipatjassa on yksil\u00f6llisesti joustava tihe\u00e4 pussijousisto- alarungoissa on my\u00f6t\u00e4ilev\u00e4 bonnel jousitus s\u00e4ngyn viimeistelee vaahtomuovinen sijauspatja jonka p\u00e4\u00e4llinen on irrotettavissa ja kest\u00e4\u00e4 vesipesun. S\u00e4nky on verhoiltu tyylikk\u00e4\u00e4ll\u00e4 harmaalla Inari- kankaalla.<\/p>\n<p>Uniikki -jenkkis\u00e4nky\u00e4 on saatavana 4:ss\u00e4 eri koossa; 120&#215;200 cm, 140x200cm, 160&#215;200 cm ja 180&#215;200 cm.<\/p>\n<p>Uniikki -sarjaan on saatavilla my\u00f6s oma <a href=\"https:\/\/pohjanmaantehtaanmyymala.fi\/tuote\/uniikki-sangynpaaty\/\">s\u00e4ngynp\u00e4\u00e4ty<\/a>, joka on verhoiltu samalla kankaalla kuin s\u00e4nkykin.<\/p>\n<h3>Tuotetiedot:<\/h3>\n<p>Alarunko: Puurunko, bonnel-jousitus.<br \/>\nV\u00e4lipatja: Tihe\u00e4 pussijousitus, jousen lankavahvuus 2mm.<br \/>\nJalat: Harjattu ter\u00e4s 12 cm, k\u00e4sin ruuvattava.<br \/>\nPetauspatja: Vaahtomuovi sisus 2 cm, irrotettava ja vesipest\u00e4v\u00e4 p\u00e4\u00e4llinen. Paksuus n. 4 cm.<\/p>\n<p>Kysy tuotteen saatavuutta <a href=\"https:\/\/pohjanmaantehtaanmyymala.fi\/yhteys\/\">myynnist\u00e4mme!<\/a><\/p>\n","protected":false},"excerpt":{"rendered":"<p>Valitse mieluinen 4:st\u00e4 eri leveydest\u00e4!<\/p>\n","protected":false},"featured_media":10511,"comment_status":"closed","ping_status":"closed","template":"","meta":{"_acf_changed":false,"jetpack_post_was_ever_published":false,"jetpack_publicize_message":"","jetpack_publicize_feature_enabled":true,"jetpack_social_post_already_shared":false,"jetpack_social_options":{"image_generator_settings":{"template":"highway","default_image_id":0,"font":"","enabled":false},"version":2}},"product_brand":[206],"product_cat":[198,316],"product_tag":[],"class_list":{"0":"post-10510","1":"product","2":"type-product","3":"status-publish","4":"has-post-thumbnail","6":"product_brand-furnico","7":"product_cat-patjat-ja-sangyt","8":"product_cat-jenkkisanky","9":"product_shipping_class-161","10":"pa_koko-120x200-cm","11":"pa_koko-140x200-cm","12":"pa_koko-160x200-cm","13":"pa_koko-180x200-cm","15":"first","16":"instock","17":"sale","18":"purchasable","19":"product-type-variable","20":"has-default-attributes"},"acf":[],"jetpack_publicize_connections":[],"jetpack_sharing_enabled":true,"jetpack-related-posts":[{"id":10512,"url":"https:\/\/pohjanmaantehtaanmyymala.fi\/en\/tuote\/uniikki-jenkkisanky-petauspatjalla-120cm\/","url_meta":{"origin":10510,"position":0},"title":"UNIIKKI &#8211; jenkkis\u00e4nky petauspatjalla ja p\u00e4\u00e4dyll\u00e4 120&#215;200 cm","author":"petri","date":"September 14, 2019","format":false,"excerpt":"Nuorison suosima pussijousitettu jenkkiss\u00e4nky.","rel":"","context":"Similar post","block_context":{"text":"Similar post","link":""},"img":{"alt_text":"Uniikki Jenkkis\u00e4nky 120 cm","src":"https:\/\/i0.wp.com\/pohjanmaantehtaanmyymala.fi\/wp-content\/uploads\/2019\/09\/Uniikki_Jenkkisanky_120.jpg?fit=1200%2C988&ssl=1&resize=350%2C200","width":350,"height":200,"srcset":"https:\/\/i0.wp.com\/pohjanmaantehtaanmyymala.fi\/wp-content\/uploads\/2019\/09\/Uniikki_Jenkkisanky_120.jpg?fit=1200%2C988&ssl=1&resize=350%2C200 1x, https:\/\/i0.wp.com\/pohjanmaantehtaanmyymala.fi\/wp-content\/uploads\/2019\/09\/Uniikki_Jenkkisanky_120.jpg?fit=1200%2C988&ssl=1&resize=525%2C300 1.5x, https:\/\/i0.wp.com\/pohjanmaantehtaanmyymala.fi\/wp-content\/uploads\/2019\/09\/Uniikki_Jenkkisanky_120.jpg?fit=1200%2C988&ssl=1&resize=700%2C400 2x, https:\/\/i0.wp.com\/pohjanmaantehtaanmyymala.fi\/wp-content\/uploads\/2019\/09\/Uniikki_Jenkkisanky_120.jpg?fit=1200%2C988&ssl=1&resize=1050%2C600 3x"},"classes":[]},{"id":24992,"url":"https:\/\/pohjanmaantehtaanmyymala.fi\/en\/tuote\/uniikki-hard-jenkkisanky-kokonaisuus-160x200-cm\/","url_meta":{"origin":10510,"position":1},"title":"Uniikki HARD Jenkkis\u00e4nky 160&#215;200 cm","author":"Miro Nevala","date":"February 7, 2024","format":false,"excerpt":"Jam\u00e4kk\u00e4 ja mukava jenkkis\u00e4nky!","rel":"","context":"Similar post","block_context":{"text":"Similar post","link":""},"img":{"alt_text":"Uniikki HARD jenkkis\u00e4nky 180x200 v\u00e4ri tumman harmaa","src":"https:\/\/i0.wp.com\/pohjanmaantehtaanmyymala.fi\/wp-content\/uploads\/2024\/02\/Uniikki-Hard-jenkkisa%CC%88nky-960dpi.jpg?fit=960%2C960&ssl=1&resize=350%2C200","width":350,"height":200,"srcset":"https:\/\/i0.wp.com\/pohjanmaantehtaanmyymala.fi\/wp-content\/uploads\/2024\/02\/Uniikki-Hard-jenkkisa%CC%88nky-960dpi.jpg?fit=960%2C960&ssl=1&resize=350%2C200 1x, https:\/\/i0.wp.com\/pohjanmaantehtaanmyymala.fi\/wp-content\/uploads\/2024\/02\/Uniikki-Hard-jenkkisa%CC%88nky-960dpi.jpg?fit=960%2C960&ssl=1&resize=525%2C300 1.5x, https:\/\/i0.wp.com\/pohjanmaantehtaanmyymala.fi\/wp-content\/uploads\/2024\/02\/Uniikki-Hard-jenkkisa%CC%88nky-960dpi.jpg?fit=960%2C960&ssl=1&resize=700%2C400 2x"},"classes":[]},{"id":24993,"url":"https:\/\/pohjanmaantehtaanmyymala.fi\/en\/tuote\/uniikki-hard-jenkkisankypaketti-140x200-cm\/","url_meta":{"origin":10510,"position":2},"title":"Uniikki HARD Jenkkis\u00e4nkypaketti 140&#215;200 cm","author":"Miro Nevala","date":"February 7, 2024","format":false,"excerpt":"J\u00e4m\u00e4kk\u00e4 ja mukava Jenkkis\u00e4nky!","rel":"","context":"Similar post","block_context":{"text":"Similar post","link":""},"img":{"alt_text":"Uniikki HARD jenkkis\u00e4nky 180x200 v\u00e4ri tumman harmaa","src":"https:\/\/i0.wp.com\/pohjanmaantehtaanmyymala.fi\/wp-content\/uploads\/2024\/02\/Uniikki-Hard-jenkkisa%CC%88nky-960dpi.jpg?fit=960%2C960&ssl=1&resize=350%2C200","width":350,"height":200,"srcset":"https:\/\/i0.wp.com\/pohjanmaantehtaanmyymala.fi\/wp-content\/uploads\/2024\/02\/Uniikki-Hard-jenkkisa%CC%88nky-960dpi.jpg?fit=960%2C960&ssl=1&resize=350%2C200 1x, https:\/\/i0.wp.com\/pohjanmaantehtaanmyymala.fi\/wp-content\/uploads\/2024\/02\/Uniikki-Hard-jenkkisa%CC%88nky-960dpi.jpg?fit=960%2C960&ssl=1&resize=525%2C300 1.5x, https:\/\/i0.wp.com\/pohjanmaantehtaanmyymala.fi\/wp-content\/uploads\/2024\/02\/Uniikki-Hard-jenkkisa%CC%88nky-960dpi.jpg?fit=960%2C960&ssl=1&resize=700%2C400 2x"},"classes":[]},{"id":24985,"url":"https:\/\/pohjanmaantehtaanmyymala.fi\/en\/tuote\/uniikki-hard-jenkkisanky-180x200-petarilla\/","url_meta":{"origin":10510,"position":3},"title":"Uniikki HARD Jenkkis\u00e4nky 180&#215;200 petarilla","author":"Miro Nevala","date":"February 7, 2024","format":false,"excerpt":"Muhkea ja mukava Jenkkis\u00e4nky!","rel":"","context":"Similar post","block_context":{"text":"Similar post","link":""},"img":{"alt_text":"Uniikki HARD Jenkkis\u00e4nky v\u00e4ri tumman harmaa","src":"https:\/\/i0.wp.com\/pohjanmaantehtaanmyymala.fi\/wp-content\/uploads\/2024\/02\/Uniikki-Hard-jenkkisa%CC%88nky-pa%CC%88a%CC%88dylla%CC%88-960dpi.jpg?fit=960%2C960&ssl=1&resize=350%2C200","width":350,"height":200,"srcset":"https:\/\/i0.wp.com\/pohjanmaantehtaanmyymala.fi\/wp-content\/uploads\/2024\/02\/Uniikki-Hard-jenkkisa%CC%88nky-pa%CC%88a%CC%88dylla%CC%88-960dpi.jpg?fit=960%2C960&ssl=1&resize=350%2C200 1x, https:\/\/i0.wp.com\/pohjanmaantehtaanmyymala.fi\/wp-content\/uploads\/2024\/02\/Uniikki-Hard-jenkkisa%CC%88nky-pa%CC%88a%CC%88dylla%CC%88-960dpi.jpg?fit=960%2C960&ssl=1&resize=525%2C300 1.5x, https:\/\/i0.wp.com\/pohjanmaantehtaanmyymala.fi\/wp-content\/uploads\/2024\/02\/Uniikki-Hard-jenkkisa%CC%88nky-pa%CC%88a%CC%88dylla%CC%88-960dpi.jpg?fit=960%2C960&ssl=1&resize=700%2C400 2x"},"classes":[]},{"id":27646,"url":"https:\/\/pohjanmaantehtaanmyymala.fi\/en\/tuote\/luca-jenkkisanky-160x200-cm-petauspatjalla\/","url_meta":{"origin":10510,"position":4},"title":"Lucia jenkkis\u00e4nky 160&#215;200 cm petauspatjalla","author":"Sami Viitala","date":"November 22, 2024","format":false,"excerpt":"Jenkkis\u00e4nky muhkealla petarilla.","rel":"","context":"Similar post","block_context":{"text":"Similar post","link":""},"img":{"alt_text":"Lucia jenkkis\u00e4nky 160 cm leve\u00e4 200 cm pitk\u00e4 Luca Dolphin vaalealla kankaalla ja paksulla petarilla","src":"https:\/\/i0.wp.com\/pohjanmaantehtaanmyymala.fi\/wp-content\/uploads\/2024\/11\/Luca_jenkkisanky_160x200.jpg?fit=960%2C960&ssl=1&resize=350%2C200","width":350,"height":200,"srcset":"https:\/\/i0.wp.com\/pohjanmaantehtaanmyymala.fi\/wp-content\/uploads\/2024\/11\/Luca_jenkkisanky_160x200.jpg?fit=960%2C960&ssl=1&resize=350%2C200 1x, https:\/\/i0.wp.com\/pohjanmaantehtaanmyymala.fi\/wp-content\/uploads\/2024\/11\/Luca_jenkkisanky_160x200.jpg?fit=960%2C960&ssl=1&resize=525%2C300 1.5x, https:\/\/i0.wp.com\/pohjanmaantehtaanmyymala.fi\/wp-content\/uploads\/2024\/11\/Luca_jenkkisanky_160x200.jpg?fit=960%2C960&ssl=1&resize=700%2C400 2x"},"classes":[]},{"id":29727,"url":"https:\/\/pohjanmaantehtaanmyymala.fi\/en\/tuote\/uniikki-runkopatja-80-cm-petauspatjalla\/","url_meta":{"origin":10510,"position":5},"title":"UNIIKKI &#8211; runkopatja 80 cm petauspatjalla","author":"Sami Viitala","date":"February 16, 2026","format":false,"excerpt":"T\u00e4st\u00e4 perus pussijousitettu runkos\u00e4nky edullisesti.","rel":"","context":"Similar post","block_context":{"text":"Similar post","link":""},"img":{"alt_text":"Uniikki runkos\u00e4nky 80x200 cm tummanharmaalla verhoilulla ja mustilla kantikkailla jaloilla","src":"https:\/\/i0.wp.com\/pohjanmaantehtaanmyymala.fi\/wp-content\/uploads\/2026\/02\/Uniikki_Runkopatja_80.jpg?fit=1200%2C1200&ssl=1&resize=350%2C200","width":350,"height":200,"srcset":"https:\/\/i0.wp.com\/pohjanmaantehtaanmyymala.fi\/wp-content\/uploads\/2026\/02\/Uniikki_Runkopatja_80.jpg?fit=1200%2C1200&ssl=1&resize=350%2C200 1x, https:\/\/i0.wp.com\/pohjanmaantehtaanmyymala.fi\/wp-content\/uploads\/2026\/02\/Uniikki_Runkopatja_80.jpg?fit=1200%2C1200&ssl=1&resize=525%2C300 1.5x, https:\/\/i0.wp.com\/pohjanmaantehtaanmyymala.fi\/wp-content\/uploads\/2026\/02\/Uniikki_Runkopatja_80.jpg?fit=1200%2C1200&ssl=1&resize=700%2C400 2x, https:\/\/i0.wp.com\/pohjanmaantehtaanmyymala.fi\/wp-content\/uploads\/2026\/02\/Uniikki_Runkopatja_80.jpg?fit=1200%2C1200&ssl=1&resize=1050%2C600 3x"},"classes":[]}],"_links":{"self":[{"href":"https:\/\/pohjanmaantehtaanmyymala.fi\/en\/wp-json\/wp\/v2\/product\/10510","targetHints":{"allow":["GET"]}}],"collection":[{"href":"https:\/\/pohjanmaantehtaanmyymala.fi\/en\/wp-json\/wp\/v2\/product"}],"about":[{"href":"https:\/\/pohjanmaantehtaanmyymala.fi\/en\/wp-json\/wp\/v2\/types\/product"}],"replies":[{"embeddable":true,"href":"https:\/\/pohjanmaantehtaanmyymala.fi\/en\/wp-json\/wp\/v2\/comments?post=10510"}],"wp:featuredmedia":[{"embeddable":true,"href":"https:\/\/pohjanmaantehtaanmyymala.fi\/en\/wp-json\/wp\/v2\/media\/10511"}],"wp:attachment":[{"href":"https:\/\/pohjanmaantehtaanmyymala.fi\/en\/wp-json\/wp\/v2\/media?parent=10510"}],"wp:term":[{"taxonomy":"product_brand","embeddable":true,"href":"https:\/\/pohjanmaantehtaanmyymala.fi\/en\/wp-json\/wp\/v2\/product_brand?post=10510"},{"taxonomy":"product_cat","embeddable":true,"href":"https:\/\/pohjanmaantehtaanmyymala.fi\/en\/wp-json\/wp\/v2\/product_cat?post=10510"},{"taxonomy":"product_tag","embeddable":true,"href":"https:\/\/pohjanmaantehtaanmyymala.fi\/en\/wp-json\/wp\/v2\/product_tag?post=10510"}],"curies":[{"name":"wp","href":"https:\/\/api.w.org\/{rel}","templated":true}]}}