{"id":10491,"date":"2019-09-14T09:36:39","date_gmt":"2019-09-14T07:36:39","guid":{"rendered":"https:\/\/pohjanmaantehtaanmyymala.fi\/tuote\/seniori-sanky-90x200-cm\/"},"modified":"2026-02-01T00:21:32","modified_gmt":"2026-01-31T22:21:32","slug":"seniori-sanky-90x200-cm","status":"publish","type":"product","link":"https:\/\/pohjanmaantehtaanmyymala.fi\/en\/tuote\/seniori-sanky-90x200-cm\/","title":{"rendered":"SENIORI \u2013 s\u00e4nky 90&#215;200 cm"},"content":{"rendered":"<p>Kiteen Huonekalutehtaan Seniori sarja on ik\u00e4ihmisille suunniteltu kotimainen kalustemallisto.<\/p>\n<p>Massiivikoivusta valmistettu Seniori s\u00e4nky on j\u00e4rkev\u00e4 ja turvallinen valinta.<br \/>\nS\u00e4nky on istumakorkeudeltaan normaalia s\u00e4nky\u00e4 korkeampi, mik\u00e4 helpottaa siit\u00e4 nousemista.<br \/>\nS\u00e4nky\u00e4 on saatavana 80, 90 ja 120 cm leve\u00e4n\u00e4.<\/p>\n<p>S\u00e4nkyyn on my\u00f6s tarjolla liikkumista turvaavua lis\u00e4varusteita, kuten vaikka nousutuki ja turvalaita, sek\u00e4 moottoripohja.<\/p>\n<p><a href=\"https:\/\/pohjanmaantehtaanmyymala.fi\/yhteys\/\">Kysy lis\u00e4\u00e4 myynnist\u00e4mme!<\/a><\/p>\n","protected":false},"excerpt":{"rendered":"<p>Kiteen Huonekalutehtaan Seniori sarja on ik\u00e4ihmisille suunniteltu kotimainen kalustemallisto. Massiivikoivusta valmistettu Seniori s\u00e4nky on j\u00e4rkev\u00e4 ja turvallinen valinta. S\u00e4nky on istumakorkeudeltaan normaalia s\u00e4nky\u00e4 korkeampi, mik\u00e4 helpottaa siit\u00e4 nousemista. S\u00e4nky\u00e4 on saatavana 80, 90 ja 120 cm leve\u00e4n\u00e4. S\u00e4nkyyn on my\u00f6s tarjolla liikkumista turvaavua lis\u00e4varusteita, kuten vaikka nousutuki ja turvalaita, sek\u00e4 moottoripohja. Kysy lis\u00e4\u00e4 myynnist\u00e4mme!<\/p>\n","protected":false},"featured_media":10492,"comment_status":"closed","ping_status":"closed","template":"","meta":{"_acf_changed":false,"jetpack_post_was_ever_published":false,"jetpack_publicize_message":"","jetpack_publicize_feature_enabled":true,"jetpack_social_post_already_shared":true,"jetpack_social_options":{"image_generator_settings":{"template":"highway","default_image_id":0,"font":"","enabled":false},"version":2}},"product_brand":[205],"product_cat":[198,204],"product_tag":[],"class_list":{"0":"post-10491","1":"product","2":"type-product","3":"status-publish","4":"has-post-thumbnail","6":"product_brand-kiteen","7":"product_cat-patjat-ja-sangyt","8":"product_cat-seniorikalusteet","9":"product_shipping_class-161","10":"pa_vari-koivu-lv","11":"pa_vari-pahkina","12":"pa_vari-pyokkipetsattu","13":"pa_vari-valkoinen","15":"first","16":"instock","17":"purchasable","18":"product-type-variable","19":"has-default-attributes"},"acf":[],"jetpack_publicize_connections":[],"jetpack_sharing_enabled":true,"jetpack-related-posts":[{"id":20202,"url":"https:\/\/pohjanmaantehtaanmyymala.fi\/en\/tuote\/seniori-sanky-80x200-cm\/","url_meta":{"origin":10491,"position":0},"title":"SENIORI s\u00e4nky 80&#215;200 cm","author":"Sami Viitala","date":"March 28, 2022","format":false,"excerpt":"Kiteen Huonekalutehtaan Seniori sarja on ik\u00e4ihmisille suunniteltu kotimainen kalustemallisto. Massiivikoivusta valmistettu Seniori s\u00e4nky on j\u00e4rkev\u00e4 ja turvallinen valinta. S\u00e4nky on istumakorkeudeltaan normaalia s\u00e4nky\u00e4 korkeampi, mik\u00e4 helpottaa siit\u00e4 nousemista. S\u00e4nky\u00e4 on saatavana 80, 90, 120 cm leve\u00e4n\u00e4. S\u00e4nkyyn on my\u00f6s tarjolla liikkumista turvaavua lis\u00e4varusteita, kuten vaikka nousutuki ja turvalaita, sek\u00e4 moottoripohja.\u2026","rel":"","context":"Similar post","block_context":{"text":"Similar post","link":""},"img":{"alt_text":"","src":"https:\/\/i0.wp.com\/pohjanmaantehtaanmyymala.fi\/wp-content\/uploads\/2019\/09\/SENIORI-SANKY-VALKOINEN.jpg?fit=960%2C960&ssl=1&resize=350%2C200","width":350,"height":200,"srcset":"https:\/\/i0.wp.com\/pohjanmaantehtaanmyymala.fi\/wp-content\/uploads\/2019\/09\/SENIORI-SANKY-VALKOINEN.jpg?fit=960%2C960&ssl=1&resize=350%2C200 1x, https:\/\/i0.wp.com\/pohjanmaantehtaanmyymala.fi\/wp-content\/uploads\/2019\/09\/SENIORI-SANKY-VALKOINEN.jpg?fit=960%2C960&ssl=1&resize=525%2C300 1.5x, https:\/\/i0.wp.com\/pohjanmaantehtaanmyymala.fi\/wp-content\/uploads\/2019\/09\/SENIORI-SANKY-VALKOINEN.jpg?fit=960%2C960&ssl=1&resize=700%2C400 2x"},"classes":[]},{"id":10475,"url":"https:\/\/pohjanmaantehtaanmyymala.fi\/en\/tuote\/seniori-sangyn-turvalaita\/","url_meta":{"origin":10491,"position":1},"title":"SENIORI \u2013s\u00e4ngyn turvalaita l. 134 cm","author":"petri","date":"September 14, 2019","format":false,"excerpt":"Seniori s\u00e4ngyn lis\u00e4varuste Seniori-turvalaita on tehty lis\u00e4\u00e4m\u00e4\u00e4n nukkujan turvallisuutta. Turvalaita est\u00e4\u00e4 nukkujaa putoamasta s\u00e4ngylt\u00e4 lattialle. Sit\u00e4 on helppo k\u00e4ytt\u00e4\u00e4, turvalaidan saa tarvittaessa laskettua alas s\u00e4nkyyn ment\u00e4ess\u00e4 tai s\u00e4ngyst\u00e4 noustaessa. Turvalaidan koko on 130\u00d746 cm. Se on helppo asentaa ja sen paikkaa voi tarvittaessa vaihtaa. Turvalaita on valmistettu massiivikoivusta. Seniori turvalaita\u2026","rel":"","context":"Similar post","block_context":{"text":"Similar post","link":""},"img":{"alt_text":"","src":"https:\/\/i0.wp.com\/pohjanmaantehtaanmyymala.fi\/wp-content\/uploads\/2019\/09\/Seniori-sanky-pahkina-turvalaidalla-ja-yopoydalla.jpg?fit=700%2C700&ssl=1&resize=350%2C200","width":350,"height":200,"srcset":"https:\/\/i0.wp.com\/pohjanmaantehtaanmyymala.fi\/wp-content\/uploads\/2019\/09\/Seniori-sanky-pahkina-turvalaidalla-ja-yopoydalla.jpg?fit=700%2C700&ssl=1&resize=350%2C200 1x, https:\/\/i0.wp.com\/pohjanmaantehtaanmyymala.fi\/wp-content\/uploads\/2019\/09\/Seniori-sanky-pahkina-turvalaidalla-ja-yopoydalla.jpg?fit=700%2C700&ssl=1&resize=525%2C300 1.5x, https:\/\/i0.wp.com\/pohjanmaantehtaanmyymala.fi\/wp-content\/uploads\/2019\/09\/Seniori-sanky-pahkina-turvalaidalla-ja-yopoydalla.jpg?fit=700%2C700&ssl=1&resize=700%2C400 2x"},"classes":[]},{"id":10854,"url":"https:\/\/pohjanmaantehtaanmyymala.fi\/en\/tuote\/unipuu-sanky-80-va\/","url_meta":{"origin":10491,"position":2},"title":"UNIPUU \u2013 s\u00e4nky 80","author":"petri","date":"September 14, 2019","format":false,"excerpt":"Perinteinen s\u00e4nky Unipuu s\u00e4nky on valmistettu Suomessa.","rel":"","context":"Similar post","block_context":{"text":"Similar post","link":""},"img":{"alt_text":"","src":"https:\/\/i0.wp.com\/pohjanmaantehtaanmyymala.fi\/wp-content\/uploads\/2019\/09\/Unipuu_sanky_valkoinen_.jpg?fit=960%2C960&ssl=1&resize=350%2C200","width":350,"height":200,"srcset":"https:\/\/i0.wp.com\/pohjanmaantehtaanmyymala.fi\/wp-content\/uploads\/2019\/09\/Unipuu_sanky_valkoinen_.jpg?fit=960%2C960&ssl=1&resize=350%2C200 1x, https:\/\/i0.wp.com\/pohjanmaantehtaanmyymala.fi\/wp-content\/uploads\/2019\/09\/Unipuu_sanky_valkoinen_.jpg?fit=960%2C960&ssl=1&resize=525%2C300 1.5x, https:\/\/i0.wp.com\/pohjanmaantehtaanmyymala.fi\/wp-content\/uploads\/2019\/09\/Unipuu_sanky_valkoinen_.jpg?fit=960%2C960&ssl=1&resize=700%2C400 2x"},"classes":[]},{"id":20255,"url":"https:\/\/pohjanmaantehtaanmyymala.fi\/en\/tuote\/mori-sanky-koivua-eri-kokoja\/","url_meta":{"origin":10491,"position":3},"title":"Mori s\u00e4nky koivua, eri kokoja","author":"Sami Viitala","date":"March 28, 2022","format":false,"excerpt":"Kotimainen p\u00e4\u00e4dyt\u00f6n koivus\u00e4nky. Valitse koko!","rel":"","context":"Similar post","block_context":{"text":"Similar post","link":""},"img":{"alt_text":"Kiteen Mori s\u00e4nky wenge","src":"https:\/\/i0.wp.com\/pohjanmaantehtaanmyymala.fi\/wp-content\/uploads\/2022\/03\/Mori_sanky_wenge-1.jpg?fit=960%2C960&ssl=1&resize=350%2C200","width":350,"height":200,"srcset":"https:\/\/i0.wp.com\/pohjanmaantehtaanmyymala.fi\/wp-content\/uploads\/2022\/03\/Mori_sanky_wenge-1.jpg?fit=960%2C960&ssl=1&resize=350%2C200 1x, https:\/\/i0.wp.com\/pohjanmaantehtaanmyymala.fi\/wp-content\/uploads\/2022\/03\/Mori_sanky_wenge-1.jpg?fit=960%2C960&ssl=1&resize=525%2C300 1.5x, https:\/\/i0.wp.com\/pohjanmaantehtaanmyymala.fi\/wp-content\/uploads\/2022\/03\/Mori_sanky_wenge-1.jpg?fit=960%2C960&ssl=1&resize=700%2C400 2x"},"classes":[]},{"id":9379,"url":"https:\/\/pohjanmaantehtaanmyymala.fi\/en\/tuote\/susanna-sanky-160x200-cm\/","url_meta":{"origin":10491,"position":4},"title":"SUSANNA \u2013 s\u00e4nky 160&#215;200 cm","author":"petri","date":"September 14, 2019","format":false,"excerpt":"Kotimainen Susanna-s\u00e4nky valmistetaan kokonaan koivusta joka maalataan tai petsataan haluttuun v\u00e4riin. Saatavilla olevat v\u00e4ri: Lakattu koivu, p\u00e4hkin\u00e4, py\u00f6kki, ruskea, valkoinen, mahonki, kastanja ja kirsikka. Tuotetiedot: S\u00e4nky valmistetaan massiivi koivusta s\u00e4lepohja m\u00e4nty\u00e4. Puus\u00e4lepohja sis\u00e4ltyy hintaan Patjakoko 2 kpl 80*200 cm tai 160*200 cm. Toimitetaan osina.","rel":"","context":"Similar post","block_context":{"text":"Similar post","link":""},"img":{"alt_text":"","src":"https:\/\/i0.wp.com\/pohjanmaantehtaanmyymala.fi\/wp-content\/uploads\/2019\/09\/susanna.jpg?fit=960%2C960&ssl=1&resize=350%2C200","width":350,"height":200,"srcset":"https:\/\/i0.wp.com\/pohjanmaantehtaanmyymala.fi\/wp-content\/uploads\/2019\/09\/susanna.jpg?fit=960%2C960&ssl=1&resize=350%2C200 1x, https:\/\/i0.wp.com\/pohjanmaantehtaanmyymala.fi\/wp-content\/uploads\/2019\/09\/susanna.jpg?fit=960%2C960&ssl=1&resize=525%2C300 1.5x, https:\/\/i0.wp.com\/pohjanmaantehtaanmyymala.fi\/wp-content\/uploads\/2019\/09\/susanna.jpg?fit=960%2C960&ssl=1&resize=700%2C400 2x"},"classes":[]},{"id":20224,"url":"https:\/\/pohjanmaantehtaanmyymala.fi\/en\/tuote\/notte-sanky-160x200-cm-koivu\/","url_meta":{"origin":10491,"position":5},"title":"Notte s\u00e4nky 160&#215;200 cm koivu","author":"Sami Viitala","date":"March 28, 2022","format":false,"excerpt":"Kiteen Huonekalutehtaan valmistama Notte koivus\u00e4nky on trendikk\u00e4\u00e4n tyylik\u00e4s, ja moderniin kotiin hyvin. S\u00e4nky\u00e4 on saatavana luonnonv\u00e4risen\u00e4 ja valkoisena. S\u00e4ngyn mukana tulee puinen s\u00e4lepohja. Patjat eiv\u00e4t kuulu hintaan. S\u00e4nky\u00e4 on saatavana my\u00f6s 180 cm leve\u00e4n\u00e4. S\u00e4nkyyn on my\u00f6s tarjolla s\u00e4\u00e4dett\u00e4v\u00e4 moottoripohja. S\u00e4ngyn kokonaismitat: Leveys: 169cm Syvyys: 207cm S\u00e4ngyn alle j\u00e4\u00e4v\u00e4n tilan\u2026","rel":"","context":"Similar post","block_context":{"text":"Similar post","link":""},"img":{"alt_text":"Kiteen Notte paris\u00e4nky koivu","src":"https:\/\/i0.wp.com\/pohjanmaantehtaanmyymala.fi\/wp-content\/uploads\/2022\/03\/Kiteen_Notte_sanky_koivu.jpg?fit=960%2C960&ssl=1&resize=350%2C200","width":350,"height":200,"srcset":"https:\/\/i0.wp.com\/pohjanmaantehtaanmyymala.fi\/wp-content\/uploads\/2022\/03\/Kiteen_Notte_sanky_koivu.jpg?fit=960%2C960&ssl=1&resize=350%2C200 1x, https:\/\/i0.wp.com\/pohjanmaantehtaanmyymala.fi\/wp-content\/uploads\/2022\/03\/Kiteen_Notte_sanky_koivu.jpg?fit=960%2C960&ssl=1&resize=525%2C300 1.5x, https:\/\/i0.wp.com\/pohjanmaantehtaanmyymala.fi\/wp-content\/uploads\/2022\/03\/Kiteen_Notte_sanky_koivu.jpg?fit=960%2C960&ssl=1&resize=700%2C400 2x"},"classes":[]}],"_links":{"self":[{"href":"https:\/\/pohjanmaantehtaanmyymala.fi\/en\/wp-json\/wp\/v2\/product\/10491","targetHints":{"allow":["GET"]}}],"collection":[{"href":"https:\/\/pohjanmaantehtaanmyymala.fi\/en\/wp-json\/wp\/v2\/product"}],"about":[{"href":"https:\/\/pohjanmaantehtaanmyymala.fi\/en\/wp-json\/wp\/v2\/types\/product"}],"replies":[{"embeddable":true,"href":"https:\/\/pohjanmaantehtaanmyymala.fi\/en\/wp-json\/wp\/v2\/comments?post=10491"}],"wp:featuredmedia":[{"embeddable":true,"href":"https:\/\/pohjanmaantehtaanmyymala.fi\/en\/wp-json\/wp\/v2\/media\/10492"}],"wp:attachment":[{"href":"https:\/\/pohjanmaantehtaanmyymala.fi\/en\/wp-json\/wp\/v2\/media?parent=10491"}],"wp:term":[{"taxonomy":"product_brand","embeddable":true,"href":"https:\/\/pohjanmaantehtaanmyymala.fi\/en\/wp-json\/wp\/v2\/product_brand?post=10491"},{"taxonomy":"product_cat","embeddable":true,"href":"https:\/\/pohjanmaantehtaanmyymala.fi\/en\/wp-json\/wp\/v2\/product_cat?post=10491"},{"taxonomy":"product_tag","embeddable":true,"href":"https:\/\/pohjanmaantehtaanmyymala.fi\/en\/wp-json\/wp\/v2\/product_tag?post=10491"}],"curies":[{"name":"wp","href":"https:\/\/api.w.org\/{rel}","templated":true}]}}