{"id":10393,"date":"2019-09-14T09:27:01","date_gmt":"2019-09-14T07:27:01","guid":{"rendered":"https:\/\/pohjanmaantehtaanmyymala.fi\/tuote\/aina-runkopatja-80x200-cm-petari-ei-sis-hintaan\/"},"modified":"2026-01-27T00:18:43","modified_gmt":"2026-01-26T22:18:43","slug":"aina-runkopatja-80x200-cm-petari-ei-sis-hintaan","status":"publish","type":"product","link":"https:\/\/pohjanmaantehtaanmyymala.fi\/en\/tuote\/aina-runkopatja-80x200-cm-petari-ei-sis-hintaan\/","title":{"rendered":"EDEN 7 ergo -runkopatja 80&#215;200 cm petauspatjalla"},"content":{"rendered":"<p>Erikoispehmuste Eden 7 ergo -runkos\u00e4nky l\u00e4mm\u00f6n ja nukkujan painon mukaan muotoutuvalla viskovaahtomuovi -rakenteella.<\/p>\n<p>T\u00e4m\u00e4 laadukas s\u00e4nky sis\u00e4lt\u00e4\u00e4 80 cm leve\u00e4n runkopatjan ja paksun <a href=\"https:\/\/pohjanmaantehtaanmyymala.fi\/tuote\/aina-exlusive-petauspatja\/\">Exclusive 80 cm leve\u00e4n viskoelastisen petauspatjan<\/a> sek\u00e4 Royal -jalat.<\/p>\n<p>Eden 7 -runkopatjoissa ylempi kerros on l\u00e4mp\u00f6\u00f6n reagoivaa korkealaatuista ja kest\u00e4v\u00e4\u00e4 pienisoluista viskoosimateriaalia joka palautuu muotoonsa noustuasi patjalta. Viskoelastisen kerroksen alla on paksu erikoisvaahtomuovi.<\/p>\n<p>S\u00e4nkyj\u00e4 on saatavana my\u00f6t\u00e4ilev\u00e4n\u00e4 ja j\u00e4m\u00e4kk\u00e4n\u00e4 versiona. Suosittelemme j\u00e4m\u00e4k\u00e4mpi\u00e4 malleja erityisesti painavimmille nukkujille.<\/p>\n<p>S\u00e4ngyn runkoverhoilun voit valit viidest\u00e4 luonnollisen rauhallisesta v\u00e4rist\u00e4; antrasiitti, hiekka ja grafiitti.<\/p>\n<p>Vuode viimeistell\u00e4\u00e4n profiloidulla ja my\u00f6t\u00e4ilev\u00e4ll\u00e4 Exclusive -viskoelastisella hyvin muotoutuvalla sijauspatjalla.<\/p>\n<p>Valmistaja my\u00f6nt\u00e4\u00e4 Eden-patjojen pehmusteelle 10-vuoden painumattomuustakuun.<\/p>\n<p><a href=\"https:\/\/hildinganders.fi\/wp-content\/uploads\/Eden2024.pdf\" target=\"_blank\" rel=\"noopener\">Tutkiskele Eden-malliston esitett\u00e4 t\u00e4st\u00e4!<\/a><\/p>\n","protected":false},"excerpt":{"rendered":"<p>Pintapaineita ehk\u00e4isev\u00e4, kehon l\u00e4mp\u00f6\u00f6n ja painoon reakoiva s\u00e4nky. Kaksi eri j\u00e4ykkyyt\u00e4 ja viisi eri v\u00e4ri\u00e4.<\/p>\n","protected":false},"featured_media":28081,"comment_status":"closed","ping_status":"closed","template":"","meta":{"_acf_changed":false,"jetpack_post_was_ever_published":false,"jetpack_publicize_message":"","jetpack_publicize_feature_enabled":true,"jetpack_social_post_already_shared":true,"jetpack_social_options":{"image_generator_settings":{"template":"highway","default_image_id":0,"font":"","enabled":false},"version":2}},"product_brand":[203],"product_cat":[198],"product_tag":[],"class_list":{"0":"post-10393","1":"product","2":"type-product","3":"status-publish","4":"has-post-thumbnail","6":"product_brand-hilding","7":"product_cat-patjat-ja-sangyt","8":"product_shipping_class-161","9":"pa_malli-jamakka","10":"pa_malli-myotaileva","11":"pa_vari-antrasiitti","12":"pa_vari-graniitti","13":"pa_vari-hiekka","15":"first","16":"instock","17":"purchasable","18":"product-type-variable","19":"has-default-attributes"},"acf":[],"jetpack_publicize_connections":[],"jetpack_sharing_enabled":true,"jetpack-related-posts":[{"id":10395,"url":"https:\/\/pohjanmaantehtaanmyymala.fi\/en\/tuote\/aina-runkopatja-90x200-cm-petari-ei-sis-hintaan\/","url_meta":{"origin":10393,"position":0},"title":"EDEN 7 ergo -runkopatja 90&#215;200 cm petauspatjalla","author":"petri","date":"September 14, 2019","format":false,"excerpt":"Pintapaineita ehk\u00e4isev\u00e4, kehon l\u00e4mp\u00f6\u00f6n ja painoon reakoiva s\u00e4nky, valitse 2 eri j\u00e4ykkyyt\u00e4 3 eri\u00a0 runkov\u00e4ri\u00e4.","rel":"","context":"Similar post","block_context":{"text":"Similar post","link":""},"img":{"alt_text":"Eden 7 runkopatja petauspatjalla grafiitti runko ja tammiset jalat","src":"https:\/\/i0.wp.com\/pohjanmaantehtaanmyymala.fi\/wp-content\/uploads\/2019\/09\/Hilding-Ergo_eden_7_muotoutuva_runko.jpg?fit=1200%2C1039&ssl=1&resize=350%2C200","width":350,"height":200,"srcset":"https:\/\/i0.wp.com\/pohjanmaantehtaanmyymala.fi\/wp-content\/uploads\/2019\/09\/Hilding-Ergo_eden_7_muotoutuva_runko.jpg?fit=1200%2C1039&ssl=1&resize=350%2C200 1x, https:\/\/i0.wp.com\/pohjanmaantehtaanmyymala.fi\/wp-content\/uploads\/2019\/09\/Hilding-Ergo_eden_7_muotoutuva_runko.jpg?fit=1200%2C1039&ssl=1&resize=525%2C300 1.5x, https:\/\/i0.wp.com\/pohjanmaantehtaanmyymala.fi\/wp-content\/uploads\/2019\/09\/Hilding-Ergo_eden_7_muotoutuva_runko.jpg?fit=1200%2C1039&ssl=1&resize=700%2C400 2x, https:\/\/i0.wp.com\/pohjanmaantehtaanmyymala.fi\/wp-content\/uploads\/2019\/09\/Hilding-Ergo_eden_7_muotoutuva_runko.jpg?fit=1200%2C1039&ssl=1&resize=1050%2C600 3x"},"classes":[]},{"id":10401,"url":"https:\/\/pohjanmaantehtaanmyymala.fi\/en\/tuote\/aina-viskoelastinen-runkopatjasetti-160-cm-levea\/","url_meta":{"origin":10393,"position":1},"title":"EDEN 7 ergo runkopatjasetti 160&#215;200 cm","author":"petri","date":"September 14, 2019","format":false,"excerpt":"T\u00e4ysin jouseton Eden 7 ergo -runkos\u00e4nky l\u00e4mm\u00f6n ja nukkujan painon mukaan muotoutuvalla viskovaahtomuovi -rakenteella. T\u00e4m\u00e4 ergonominen s\u00e4nkysetti sis\u00e4lt\u00e4\u00e4 160 cm leve\u00e4n Ecxlusive-petauspatjan kaksi 80 cm leve\u00e4\u00e4 runkopatjaa ja jalat. Eden 7 -runkopatjoissa ylempi kerros on l\u00e4mp\u00f6\u00f6n reagoivaa korkealaatuista ja kest\u00e4v\u00e4\u00e4 pienisoluista viskoosimateriaalia joka palautuu muotoonsa noustuasi patjalta. Viskoelastisen kerroksen alla\u2026","rel":"","context":"Similar post","block_context":{"text":"Similar post","link":""},"img":{"alt_text":"Eden 7 muotoutuva runkos\u00e4nkykokonaisuus Exclusive-petauspatjalla 160 x200 cm","src":"https:\/\/i0.wp.com\/pohjanmaantehtaanmyymala.fi\/wp-content\/uploads\/2019\/09\/Hilding-Ergo_eden_7_muotoutuva_runkopatjasetti.jpg?fit=1200%2C914&ssl=1&resize=350%2C200","width":350,"height":200,"srcset":"https:\/\/i0.wp.com\/pohjanmaantehtaanmyymala.fi\/wp-content\/uploads\/2019\/09\/Hilding-Ergo_eden_7_muotoutuva_runkopatjasetti.jpg?fit=1200%2C914&ssl=1&resize=350%2C200 1x, https:\/\/i0.wp.com\/pohjanmaantehtaanmyymala.fi\/wp-content\/uploads\/2019\/09\/Hilding-Ergo_eden_7_muotoutuva_runkopatjasetti.jpg?fit=1200%2C914&ssl=1&resize=525%2C300 1.5x, https:\/\/i0.wp.com\/pohjanmaantehtaanmyymala.fi\/wp-content\/uploads\/2019\/09\/Hilding-Ergo_eden_7_muotoutuva_runkopatjasetti.jpg?fit=1200%2C914&ssl=1&resize=700%2C400 2x, https:\/\/i0.wp.com\/pohjanmaantehtaanmyymala.fi\/wp-content\/uploads\/2019\/09\/Hilding-Ergo_eden_7_muotoutuva_runkopatjasetti.jpg?fit=1200%2C914&ssl=1&resize=1050%2C600 3x"},"classes":[]},{"id":10398,"url":"https:\/\/pohjanmaantehtaanmyymala.fi\/en\/tuote\/eden7-viskoelastinen-patja-80-cm-levea\/","url_meta":{"origin":10393,"position":2},"title":"EDEN 7 muotoutuva patja 200&#215;80 cm","author":"petri","date":"September 14, 2019","format":false,"excerpt":"T\u00e4ysin jouseton 80 cm leve\u00e4 Eden 7 -patja muotoutuvalla viskovaahto rakenteella. EDEN 7 -patjoissa ylempi kerros on l\u00e4mp\u00f6\u00f6n reagoivaa korkealaatuista ja kest\u00e4v\u00e4\u00e4 pienisoluista viskoosimateriaalia joka palautuu muotoonsa noustuasi patjalta. Viskoelastisen kerroksen alla on paksu erikoisvaahtomuovi. Patjoja on saatavana sek\u00e4 j\u00e4m\u00e4kk\u00e4n\u00e4 ett\u00e4 my\u00f6t\u00e4ilev\u00e4n\u00e4. Suosittelemme j\u00e4m\u00e4k\u00e4mpi\u00e4 malleja erityisesti painavimmille nukkujille. Vuode viimeistell\u00e4\u00e4n\u2026","rel":"","context":"Similar post","block_context":{"text":"Similar post","link":""},"img":{"alt_text":"Eden patja","src":"https:\/\/i0.wp.com\/pohjanmaantehtaanmyymala.fi\/wp-content\/uploads\/2019\/09\/Eden6jp1500.jpg?fit=1200%2C1200&ssl=1&resize=350%2C200","width":350,"height":200,"srcset":"https:\/\/i0.wp.com\/pohjanmaantehtaanmyymala.fi\/wp-content\/uploads\/2019\/09\/Eden6jp1500.jpg?fit=1200%2C1200&ssl=1&resize=350%2C200 1x, https:\/\/i0.wp.com\/pohjanmaantehtaanmyymala.fi\/wp-content\/uploads\/2019\/09\/Eden6jp1500.jpg?fit=1200%2C1200&ssl=1&resize=525%2C300 1.5x, https:\/\/i0.wp.com\/pohjanmaantehtaanmyymala.fi\/wp-content\/uploads\/2019\/09\/Eden6jp1500.jpg?fit=1200%2C1200&ssl=1&resize=700%2C400 2x, https:\/\/i0.wp.com\/pohjanmaantehtaanmyymala.fi\/wp-content\/uploads\/2019\/09\/Eden6jp1500.jpg?fit=1200%2C1200&ssl=1&resize=1050%2C600 3x"},"classes":[]},{"id":10396,"url":"https:\/\/pohjanmaantehtaanmyymala.fi\/en\/tuote\/aina-jenkkisanky-160x200-cm\/","url_meta":{"origin":10393,"position":3},"title":"EDEN 7 ergo jenkkis\u00e4nky 160&#215;200 cm petauspatjalla","author":"petri","date":"September 14, 2019","format":false,"excerpt":"Valitse malli ja v\u00e4ri alta!","rel":"","context":"Similar post","block_context":{"text":"Similar post","link":""},"img":{"alt_text":"Eden 7 muotoutuva jenkkis\u00e4nky Exclusive-petauspatjalla 160 x200 cm","src":"https:\/\/i0.wp.com\/pohjanmaantehtaanmyymala.fi\/wp-content\/uploads\/2019\/09\/Eden_7_muotoutuva_jenkki_160-e1761580749693.jpg?fit=1000%2C770&ssl=1&resize=350%2C200","width":350,"height":200,"srcset":"https:\/\/i0.wp.com\/pohjanmaantehtaanmyymala.fi\/wp-content\/uploads\/2019\/09\/Eden_7_muotoutuva_jenkki_160-e1761580749693.jpg?fit=1000%2C770&ssl=1&resize=350%2C200 1x, https:\/\/i0.wp.com\/pohjanmaantehtaanmyymala.fi\/wp-content\/uploads\/2019\/09\/Eden_7_muotoutuva_jenkki_160-e1761580749693.jpg?fit=1000%2C770&ssl=1&resize=525%2C300 1.5x, https:\/\/i0.wp.com\/pohjanmaantehtaanmyymala.fi\/wp-content\/uploads\/2019\/09\/Eden_7_muotoutuva_jenkki_160-e1761580749693.jpg?fit=1000%2C770&ssl=1&resize=700%2C400 2x"},"classes":[]},{"id":19559,"url":"https:\/\/pohjanmaantehtaanmyymala.fi\/en\/tuote\/eden-7-ergo-jenkkisanky-180x200-cm-petauspatjalla\/","url_meta":{"origin":10393,"position":4},"title":"EDEN 7 ergo jenkkis\u00e4nky 180&#215;200 cm petauspatjalla","author":"Sami Viitala","date":"January 14, 2022","format":false,"excerpt":"Valitse malli ja v\u00e4ri alta!","rel":"","context":"Similar post","block_context":{"text":"Similar post","link":""},"img":{"alt_text":"Eden 7 ergo jenkkis\u00e4nky harmaan v\u00e4rinen 180 cm","src":"https:\/\/i0.wp.com\/pohjanmaantehtaanmyymala.fi\/wp-content\/uploads\/2022\/01\/Eden7_jenkki_tp-print.jpg?fit=960%2C960&ssl=1&resize=350%2C200","width":350,"height":200,"srcset":"https:\/\/i0.wp.com\/pohjanmaantehtaanmyymala.fi\/wp-content\/uploads\/2022\/01\/Eden7_jenkki_tp-print.jpg?fit=960%2C960&ssl=1&resize=350%2C200 1x, https:\/\/i0.wp.com\/pohjanmaantehtaanmyymala.fi\/wp-content\/uploads\/2022\/01\/Eden7_jenkki_tp-print.jpg?fit=960%2C960&ssl=1&resize=525%2C300 1.5x, https:\/\/i0.wp.com\/pohjanmaantehtaanmyymala.fi\/wp-content\/uploads\/2022\/01\/Eden7_jenkki_tp-print.jpg?fit=960%2C960&ssl=1&resize=700%2C400 2x"},"classes":[]},{"id":10400,"url":"https:\/\/pohjanmaantehtaanmyymala.fi\/en\/tuote\/eden7-viskoelastinen-patja-90cm-levea\/","url_meta":{"origin":10393,"position":5},"title":"EDEN 7 muotoutuva patja 200&#215;90 cm","author":"petri","date":"September 14, 2019","format":false,"excerpt":"T\u00e4ysin jouseton Eden 7 -patja muotoutuvalla viskovaahto rakenteella. EDEN 7 -patjoissa ylempi kerros on l\u00e4mp\u00f6\u00f6n reagoivaa korkealaatuista ja kest\u00e4v\u00e4\u00e4 pienisoluista viskoosimateriaalia joka palautuu muotoonsa noustuasi patjalta. Viskoelastisen kerroksen alla on paksu erikoisvaahtomuovi. Patjoja on saatavana sek\u00e4 j\u00e4m\u00e4kk\u00e4n\u00e4 ett\u00e4 my\u00f6t\u00e4ilev\u00e4n\u00e4. Suosittelemme j\u00e4m\u00e4k\u00e4mpi\u00e4 malleja erityisesti painavimmille nukkujille. Vuode viimeistell\u00e4\u00e4n profiloidulla ja my\u00f6t\u00e4ilev\u00e4ll\u00e4\u2026","rel":"","context":"Similar post","block_context":{"text":"Similar post","link":""},"img":{"alt_text":"Eden7 patjan l\u00e4pileikkauskuva rakenne","src":"https:\/\/i0.wp.com\/pohjanmaantehtaanmyymala.fi\/wp-content\/uploads\/2019\/09\/Eden7-patja-leikkauskuva.jpg?fit=1200%2C849&ssl=1&resize=350%2C200","width":350,"height":200,"srcset":"https:\/\/i0.wp.com\/pohjanmaantehtaanmyymala.fi\/wp-content\/uploads\/2019\/09\/Eden7-patja-leikkauskuva.jpg?fit=1200%2C849&ssl=1&resize=350%2C200 1x, https:\/\/i0.wp.com\/pohjanmaantehtaanmyymala.fi\/wp-content\/uploads\/2019\/09\/Eden7-patja-leikkauskuva.jpg?fit=1200%2C849&ssl=1&resize=525%2C300 1.5x, https:\/\/i0.wp.com\/pohjanmaantehtaanmyymala.fi\/wp-content\/uploads\/2019\/09\/Eden7-patja-leikkauskuva.jpg?fit=1200%2C849&ssl=1&resize=700%2C400 2x, https:\/\/i0.wp.com\/pohjanmaantehtaanmyymala.fi\/wp-content\/uploads\/2019\/09\/Eden7-patja-leikkauskuva.jpg?fit=1200%2C849&ssl=1&resize=1050%2C600 3x"},"classes":[]}],"_links":{"self":[{"href":"https:\/\/pohjanmaantehtaanmyymala.fi\/en\/wp-json\/wp\/v2\/product\/10393","targetHints":{"allow":["GET"]}}],"collection":[{"href":"https:\/\/pohjanmaantehtaanmyymala.fi\/en\/wp-json\/wp\/v2\/product"}],"about":[{"href":"https:\/\/pohjanmaantehtaanmyymala.fi\/en\/wp-json\/wp\/v2\/types\/product"}],"replies":[{"embeddable":true,"href":"https:\/\/pohjanmaantehtaanmyymala.fi\/en\/wp-json\/wp\/v2\/comments?post=10393"}],"wp:featuredmedia":[{"embeddable":true,"href":"https:\/\/pohjanmaantehtaanmyymala.fi\/en\/wp-json\/wp\/v2\/media\/28081"}],"wp:attachment":[{"href":"https:\/\/pohjanmaantehtaanmyymala.fi\/en\/wp-json\/wp\/v2\/media?parent=10393"}],"wp:term":[{"taxonomy":"product_brand","embeddable":true,"href":"https:\/\/pohjanmaantehtaanmyymala.fi\/en\/wp-json\/wp\/v2\/product_brand?post=10393"},{"taxonomy":"product_cat","embeddable":true,"href":"https:\/\/pohjanmaantehtaanmyymala.fi\/en\/wp-json\/wp\/v2\/product_cat?post=10393"},{"taxonomy":"product_tag","embeddable":true,"href":"https:\/\/pohjanmaantehtaanmyymala.fi\/en\/wp-json\/wp\/v2\/product_tag?post=10393"}],"curies":[{"name":"wp","href":"https:\/\/api.w.org\/{rel}","templated":true}]}}