{"id":10365,"date":"2019-09-14T09:24:12","date_gmt":"2019-09-14T07:24:12","guid":{"rendered":""},"modified":"2024-08-31T10:07:17","modified_gmt":"2024-08-31T08:07:17","slug":"atlanta-recliner-mekanismituoli-akku","status":"publish","type":"product","link":"https:\/\/pohjanmaantehtaanmyymala.fi\/en\/tuote\/atlanta-recliner-mekanismituoli-akku\/","title":{"rendered":"ATLANTA ERGO &#8211; s\u00e4hk\u00f6recliner mekanismituoli"},"content":{"rendered":"<p>Atlanta Ergo -s\u00e4hk\u00f6recliner tuoli ladattavalla akulla, joka py\u00f6rii ja keinuu, eli kaikilla &#8220;herkuilla&#8221;. Pohjanmaan Kalusteen valmistamassa Atlanta mekanismi tuolissa on uniikit ja harkitut vy\u00f6hykkeet selk\u00e4- ja istuinosassa, jotka tukevat juuri oikealla tavalla tarjoten erinomaisen istuinmukavuuden. Atlanta s\u00e4hk\u00f6recliner tuolissa on s\u00e4hk\u00f6ll\u00e4 toimiva mekanismi, jolla saa laskettua ja nostettua sek\u00e4nojaa lis\u00e4ksi jalkarahi avautuu automaattisesti selk\u00e4nojan kallistuessa taaksep\u00e4in. S\u00e4hk\u00f6mekanismi toimii ladattavalla akulla, jolloin tuolia ei tarvitse pit\u00e4\u00e4 jatkuvasti verkkovirran ulottuvissa. Lis\u00e4ksi tuoli py\u00f6rii sek\u00e4 keinuu perusasennossa. T\u00e4ss\u00e4 Atlanta Ergo -s\u00e4hk\u00f6recliner tuolissa on mukavuutta lis\u00e4\u00e4v\u00e4 s\u00e4\u00e4dett\u00e4v\u00e4 niskatuki jota saa laskettua ja nostettua lis\u00e4ksi niskatuki my\u00f6s kallistuu eteenp\u00e4in.<\/p>\n<p>Kuvan tuoli on verhoiltu Pohjanmaan Labrador -nahkalla, joka on laadukas ja suosituin nahkalaatumme. Tuolin saa my\u00f6s useilla muilla nahka- ja kangasverhoiluilla. Ota ja kysy lis\u00e4tietoa <a href=\"https:\/\/pohjanmaantehtaanmyymala.fi\/yhteys\/\">myynnist\u00e4mme!<\/a><\/p>\n<h3>Tuotetiedot:<\/h3>\n<p>Runko: Massiivipuu vaneri ja kovalevy (takuu 10-vuotta).<br \/>\nMekanismi: Metallia (takuu 2-vuotta)<br \/>\nIstuinpehmuste: No-zag jouset 35HR100 vaahtomuovi.<br \/>\nSelk\u00e4nojan pehmuste: Kumivy\u00f6t vanutyynyt.<br \/>\nVerhoilu: Labrador -nahka, taustat keinonahkaa.<br \/>\nJalka: ter\u00e4st\u00e4<\/p>\n<p>Toimitetaan pakkauksessa valmiiki kasattuna tai selk\u00e4noja irrallaan, v\u00e4h\u00e4n mallista riippuen.<\/p>\n","protected":false},"excerpt":{"rendered":"<p>S\u00e4hk\u00f6recliner tuoli ladattavalla akulla, joka py\u00f6rii ja keinuu.<\/p>\n","protected":false},"featured_media":15598,"comment_status":"open","ping_status":"closed","template":"","meta":{"_acf_changed":false,"jetpack_post_was_ever_published":false,"jetpack_publicize_message":"","jetpack_publicize_feature_enabled":true,"jetpack_social_post_already_shared":false,"jetpack_social_options":{"image_generator_settings":{"template":"highway","default_image_id":0,"font":"","enabled":false},"version":2}},"product_brand":[270],"product_cat":[195],"product_tag":[],"class_list":{"0":"post-10365","1":"product","2":"type-product","3":"status-publish","4":"has-post-thumbnail","6":"product_brand-pohjanmaan","7":"product_cat-lepotuolit-ja-rahit","8":"product_shipping_class-161","10":"first","11":"instock","12":"sale","13":"purchasable","14":"product-type-simple"},"acf":[],"jetpack_publicize_connections":[],"jetpack_sharing_enabled":true,"jetpack-related-posts":[{"id":8669,"url":"https:\/\/pohjanmaantehtaanmyymala.fi\/en\/tuote\/atlanta-recliner-mekanismituoli\/","url_meta":{"origin":10365,"position":0},"title":"ATLANTA ERGO &#8211; recliner mekanismituoli","author":"petri","date":"September 14, 2019","format":false,"excerpt":"Pohjanmaan recliner - mekanismituoli s\u00e4\u00e4dett\u00e4v\u00e4ll\u00e4 niskatuella.","rel":"","context":"Similar post","block_context":{"text":"Similar post","link":""},"img":{"alt_text":"Atlanta Recliner","src":"https:\/\/i0.wp.com\/pohjanmaantehtaanmyymala.fi\/wp-content\/uploads\/2019\/06\/Atlanta-Recliner.jpg?fit=960%2C960&ssl=1&resize=350%2C200","width":350,"height":200,"srcset":"https:\/\/i0.wp.com\/pohjanmaantehtaanmyymala.fi\/wp-content\/uploads\/2019\/06\/Atlanta-Recliner.jpg?fit=960%2C960&ssl=1&resize=350%2C200 1x, https:\/\/i0.wp.com\/pohjanmaantehtaanmyymala.fi\/wp-content\/uploads\/2019\/06\/Atlanta-Recliner.jpg?fit=960%2C960&ssl=1&resize=525%2C300 1.5x, https:\/\/i0.wp.com\/pohjanmaantehtaanmyymala.fi\/wp-content\/uploads\/2019\/06\/Atlanta-Recliner.jpg?fit=960%2C960&ssl=1&resize=700%2C400 2x"},"classes":[]},{"id":8677,"url":"https:\/\/pohjanmaantehtaanmyymala.fi\/en\/tuote\/atlanta-recliner-mekanismituoli-sahko\/","url_meta":{"origin":10365,"position":1},"title":"ATLANTA &#8211; s\u00e4hk\u00f6recliner mekanismituoli","author":"petri","date":"September 14, 2019","format":false,"excerpt":"Nahkaverhoiltu Atlanta s\u00e4hk\u00f6-reclinertuoli kallistuvalla selk\u00e4nojalla","rel":"","context":"Similar post","block_context":{"text":"Similar post","link":""},"img":{"alt_text":"Atlanta recliner ruskea","src":"https:\/\/i0.wp.com\/pohjanmaantehtaanmyymala.fi\/wp-content\/uploads\/2019\/09\/Atlanta-recliner-2.jpg?fit=960%2C960&ssl=1&resize=350%2C200","width":350,"height":200,"srcset":"https:\/\/i0.wp.com\/pohjanmaantehtaanmyymala.fi\/wp-content\/uploads\/2019\/09\/Atlanta-recliner-2.jpg?fit=960%2C960&ssl=1&resize=350%2C200 1x, https:\/\/i0.wp.com\/pohjanmaantehtaanmyymala.fi\/wp-content\/uploads\/2019\/09\/Atlanta-recliner-2.jpg?fit=960%2C960&ssl=1&resize=525%2C300 1.5x, https:\/\/i0.wp.com\/pohjanmaantehtaanmyymala.fi\/wp-content\/uploads\/2019\/09\/Atlanta-recliner-2.jpg?fit=960%2C960&ssl=1&resize=700%2C400 2x"},"classes":[]},{"id":17852,"url":"https:\/\/pohjanmaantehtaanmyymala.fi\/en\/tuote\/atlanta-recliner-mekanismituoli-nahkaa\/","url_meta":{"origin":10365,"position":2},"title":"ATLANTA recliner mekanismituoli, nahkaa","author":"Sami Viitala","date":"August 25, 2021","format":false,"excerpt":"Lepotuoli, jossa on viident\u00e4hden istuinmukavuus.","rel":"","context":"Similar post","block_context":{"text":"Similar post","link":""},"img":{"alt_text":"Pohjanmaan Atlanta recliner nahka","src":"https:\/\/i0.wp.com\/pohjanmaantehtaanmyymala.fi\/wp-content\/uploads\/2019\/09\/Pohjanmaan_Atlanta-recliner_mekanismituoli.jpg?fit=1200%2C952&ssl=1&resize=350%2C200","width":350,"height":200,"srcset":"https:\/\/i0.wp.com\/pohjanmaantehtaanmyymala.fi\/wp-content\/uploads\/2019\/09\/Pohjanmaan_Atlanta-recliner_mekanismituoli.jpg?fit=1200%2C952&ssl=1&resize=350%2C200 1x, https:\/\/i0.wp.com\/pohjanmaantehtaanmyymala.fi\/wp-content\/uploads\/2019\/09\/Pohjanmaan_Atlanta-recliner_mekanismituoli.jpg?fit=1200%2C952&ssl=1&resize=525%2C300 1.5x, https:\/\/i0.wp.com\/pohjanmaantehtaanmyymala.fi\/wp-content\/uploads\/2019\/09\/Pohjanmaan_Atlanta-recliner_mekanismituoli.jpg?fit=1200%2C952&ssl=1&resize=700%2C400 2x, https:\/\/i0.wp.com\/pohjanmaantehtaanmyymala.fi\/wp-content\/uploads\/2019\/09\/Pohjanmaan_Atlanta-recliner_mekanismituoli.jpg?fit=1200%2C952&ssl=1&resize=1050%2C600 3x"},"classes":[]},{"id":8684,"url":"https:\/\/pohjanmaantehtaanmyymala.fi\/en\/tuote\/atlanta-3-nahkasohva\/","url_meta":{"origin":10365,"position":3},"title":"ATLANTA 3-istuttava nahkasohva","author":"petri","date":"September 14, 2019","format":false,"excerpt":"T\u00e4m\u00e4 sohva tarjoaa parasta istuinmukavuutta.","rel":"","context":"Similar post","block_context":{"text":"Similar post","link":""},"img":{"alt_text":"Atlanta-sohva-beige-nahka","src":"https:\/\/i0.wp.com\/pohjanmaantehtaanmyymala.fi\/wp-content\/uploads\/2019\/09\/Atlanta-3.jpg?fit=960%2C960&ssl=1&resize=350%2C200","width":350,"height":200,"srcset":"https:\/\/i0.wp.com\/pohjanmaantehtaanmyymala.fi\/wp-content\/uploads\/2019\/09\/Atlanta-3.jpg?fit=960%2C960&ssl=1&resize=350%2C200 1x, https:\/\/i0.wp.com\/pohjanmaantehtaanmyymala.fi\/wp-content\/uploads\/2019\/09\/Atlanta-3.jpg?fit=960%2C960&ssl=1&resize=525%2C300 1.5x, https:\/\/i0.wp.com\/pohjanmaantehtaanmyymala.fi\/wp-content\/uploads\/2019\/09\/Atlanta-3.jpg?fit=960%2C960&ssl=1&resize=700%2C400 2x"},"classes":[]},{"id":18514,"url":"https:\/\/pohjanmaantehtaanmyymala.fi\/en\/tuote\/atlanta-2-istuttava-nahkasohva\/","url_meta":{"origin":10365,"position":4},"title":"ATLANTA 2-istuttava nahkasohva","author":"Sami Viitala","date":"October 28, 2021","format":false,"excerpt":"Istuinmukavuuden uusi ulottuvuus.","rel":"","context":"Similar post","block_context":{"text":"Similar post","link":""},"img":{"alt_text":"Atlantan nahkasohva ruskea","src":"https:\/\/i0.wp.com\/pohjanmaantehtaanmyymala.fi\/wp-content\/uploads\/2021\/10\/Atlanta_2-ist-labrador03.jpg?fit=960%2C960&ssl=1&resize=350%2C200","width":350,"height":200,"srcset":"https:\/\/i0.wp.com\/pohjanmaantehtaanmyymala.fi\/wp-content\/uploads\/2021\/10\/Atlanta_2-ist-labrador03.jpg?fit=960%2C960&ssl=1&resize=350%2C200 1x, https:\/\/i0.wp.com\/pohjanmaantehtaanmyymala.fi\/wp-content\/uploads\/2021\/10\/Atlanta_2-ist-labrador03.jpg?fit=960%2C960&ssl=1&resize=525%2C300 1.5x, https:\/\/i0.wp.com\/pohjanmaantehtaanmyymala.fi\/wp-content\/uploads\/2021\/10\/Atlanta_2-ist-labrador03.jpg?fit=960%2C960&ssl=1&resize=700%2C400 2x"},"classes":[]},{"id":18455,"url":"https:\/\/pohjanmaantehtaanmyymala.fi\/en\/tuote\/monza-reclinertuoli-nahkaa\/","url_meta":{"origin":10365,"position":5},"title":"MONZA &#8211; reclinertuoli nahkaa","author":"Sami Viitala","date":"October 26, 2021","format":false,"excerpt":"Perinteinen ja pehme\u00e4 mekanismituoli.","rel":"","context":"Similar post","block_context":{"text":"Similar post","link":""},"img":{"alt_text":"Monza reclinertuoli ruskea nahka","src":"https:\/\/i0.wp.com\/pohjanmaantehtaanmyymala.fi\/wp-content\/uploads\/2021\/10\/monza_recliner_tuoli_labrador05_metal.jpg?fit=960%2C960&ssl=1&resize=350%2C200","width":350,"height":200,"srcset":"https:\/\/i0.wp.com\/pohjanmaantehtaanmyymala.fi\/wp-content\/uploads\/2021\/10\/monza_recliner_tuoli_labrador05_metal.jpg?fit=960%2C960&ssl=1&resize=350%2C200 1x, https:\/\/i0.wp.com\/pohjanmaantehtaanmyymala.fi\/wp-content\/uploads\/2021\/10\/monza_recliner_tuoli_labrador05_metal.jpg?fit=960%2C960&ssl=1&resize=525%2C300 1.5x, https:\/\/i0.wp.com\/pohjanmaantehtaanmyymala.fi\/wp-content\/uploads\/2021\/10\/monza_recliner_tuoli_labrador05_metal.jpg?fit=960%2C960&ssl=1&resize=700%2C400 2x"},"classes":[]}],"_links":{"self":[{"href":"https:\/\/pohjanmaantehtaanmyymala.fi\/en\/wp-json\/wp\/v2\/product\/10365","targetHints":{"allow":["GET"]}}],"collection":[{"href":"https:\/\/pohjanmaantehtaanmyymala.fi\/en\/wp-json\/wp\/v2\/product"}],"about":[{"href":"https:\/\/pohjanmaantehtaanmyymala.fi\/en\/wp-json\/wp\/v2\/types\/product"}],"replies":[{"embeddable":true,"href":"https:\/\/pohjanmaantehtaanmyymala.fi\/en\/wp-json\/wp\/v2\/comments?post=10365"}],"wp:featuredmedia":[{"embeddable":true,"href":"https:\/\/pohjanmaantehtaanmyymala.fi\/en\/wp-json\/wp\/v2\/media\/15598"}],"wp:attachment":[{"href":"https:\/\/pohjanmaantehtaanmyymala.fi\/en\/wp-json\/wp\/v2\/media?parent=10365"}],"wp:term":[{"taxonomy":"product_brand","embeddable":true,"href":"https:\/\/pohjanmaantehtaanmyymala.fi\/en\/wp-json\/wp\/v2\/product_brand?post=10365"},{"taxonomy":"product_cat","embeddable":true,"href":"https:\/\/pohjanmaantehtaanmyymala.fi\/en\/wp-json\/wp\/v2\/product_cat?post=10365"},{"taxonomy":"product_tag","embeddable":true,"href":"https:\/\/pohjanmaantehtaanmyymala.fi\/en\/wp-json\/wp\/v2\/product_tag?post=10365"}],"curies":[{"name":"wp","href":"https:\/\/api.w.org\/{rel}","templated":true}]}}